{"id":736,"date":"2025-10-29T08:00:01","date_gmt":"2025-10-29T15:00:01","guid":{"rendered":"https:\/\/bossensor.com\/?post_type=product&#038;p=736"},"modified":"2025-11-06T08:10:50","modified_gmt":"2025-11-06T16:10:50","slug":"o2-nox-sensor-5wk967400-2294290-for-scania-p-g-r-t-series-trucks-24v-exhaust-gas-oxygen-sensor-replacement","status":"publish","type":"product","link":"https:\/\/bossensor.com\/fr\/product\/o2-nox-sensor-5wk967400-2294290-for-scania-p-g-r-t-series-trucks-24v-exhaust-gas-oxygen-sensor-replacement\/","title":{"rendered":"Capteur O2 NOx 5WK967400 2294290 pour camions Scania s\u00e9rie P G R T | Capteur d'oxyg\u00e8ne des gaz d'\u00e9chappement de remplacement 24V"},"content":{"rendered":"<p class=\"md-end-block md-p md-focus\"><span class=\"md-plain md-expand\"><span class=\"mars-pro\" data-o=\"The Karryon O2 NOx Sensor 5WK967400 \/ 2294290 is a \">The Karryon O2 NOx Sensor 5WK967400 \/ 2294290 is a <\/span><\/span><span class=\"md-pair-s \"><strong><span class=\"md-plain\"><span class=\"mars-pro\" data-o=\"24V exhaust gas oxygen sensor\">24V exhaust gas oxygen sensor<\/span><\/span><\/strong><\/span><span class=\"md-plain\"><span class=\"mars-pro\" data-o=\" with high precision and stable performance. It is specially designed for \"> with high precision and stable performance. It is specially designed for <\/span><\/span><span class=\"md-pair-s \"><strong><span class=\"md-plain\"><span class=\"mars-pro\" data-o=\"Scania P, G, R, and T series trucks\">Scania P, G, R, and T series trucks<\/span><\/span><\/strong><\/span><span class=\"md-plain\">.<\/span><\/p>\n<p class=\"md-end-block md-p\"><span class=\"md-plain\"><span class=\"mars-pro\" data-o=\"The sensor is used to measure the oxygen (O2) and nitrogen oxides (NOx) content in the exhaust system. It then transmits a precise signal to the vehicle&rsquo;s ECU to help it regulate the amount of fuel and air mixture in the engine, resulting in more complete combustion and reduced emissions of harmful pollutants.\">The sensor is used to measure the oxygen (O2) and nitrogen oxides (NOx) content in the exhaust system. It then transmits a precise signal to the vehicle&rsquo;s ECU to help it regulate the amount of fuel and air mixture in the engine, resulting in more complete combustion and reduced emissions of harmful pollutants.<\/span><\/span><\/p>\n<p class=\"md-end-block md-p\"><span class=\"md-plain\"><span class=\"mars-pro\" data-o=\"Made to OEM quality standards, this NOx sensor provides optimal performance and durability. It is compatible with Euro 5 and Euro 6 emission systems. It is an ideal direct replacement for Scania heavy-duty trucks and offers stable engine operation and emissions performance.\">Made to OEM quality standards, this NOx sensor provides optimal performance and durability. It is compatible with Euro 5 and Euro 6 emission systems. It is an ideal direct replacement for Scania heavy-duty trucks and offers stable engine operation and emissions performance.<\/span><\/span><\/p>\n<p class=\"md-end-block md-p\">\n<\/p><h3 class=\"md-end-block md-p\"><span class=\"md-pair-s \"><strong><span class=\"md-plain\">Caract&eacute;ristiques Cl&eacute;s<\/span><\/strong><\/span><\/h3>\n<ul class=\"ul-list\" data-mark=\"-\">\n<li class=\"md-list-item\">\n<p class=\"md-end-block md-p\"><span class=\"md-pair-s \"><strong><span class=\"md-plain\"><span class=\"mars-pro\" data-o=\"OEM Direct Replacement*\">OEM Direct Replacement*<\/span><\/span><\/strong><\/span><span class=\"md-plain\">* <\/span> <span class=\"md-plain\"><span class=\"mars-pro\" data-o=\"Replaces the original parts \">Replaces the original parts <\/span><\/span><span class=\"md-pair-s \"><strong><span class=\"md-plain\"><span class=\"mars-pro\" data-o=\"5WK967400\">5WK967400<\/span><\/span><\/strong><\/span><span class=\"md-plain\">, <\/span><span class=\"md-pair-s \"><strong><span class=\"md-plain\">2294290<\/span><\/strong><\/span><span class=\"md-plain\"><span class=\"mars-pro\" data-o=\", and \">, and <\/span><\/span><span class=\"md-pair-s \"><strong><span class=\"md-plain\">2296800<\/span><\/strong><\/span><span class=\"md-plain\"><span class=\"mars-pro\" data-o=\" &mdash; identical fit, connector, pin-out, and performance.\"> &mdash; identical fit, connector, pin-out, and performance.<\/span><\/span><\/p>\n<\/li>\n<li class=\"md-list-item\">\n<p class=\"md-end-block md-p\"><span class=\"md-pair-s \"><strong><span class=\"md-plain\"><span class=\"mars-pro\" data-o=\"Euro 5 \/ Euro 6 Compatible\">Euro 5 \/ Euro 6 Compatible<\/span><\/span><\/strong><\/span> <span class=\"md-plain\"><span class=\"mars-pro\" data-o=\"Fully compatible with Euro-standard engines, with SCR (Selective Catalytic Reduction) system for accurate NOx management.\">Fully compatible with Euro-standard engines, with SCR (Selective Catalytic Reduction) system for accurate NOx management.<\/span><\/span><\/p>\n<\/li>\n<li class=\"md-list-item\">\n<p class=\"md-end-block md-p\"><span class=\"md-plain\"><span class=\"mars-pro\" data-o=\"24V Heavy-Duty Design** \">24V Heavy-Duty Design** <\/span><\/span> <span class=\"md-plain\"><span class=\"mars-pro\" data-o=\"Designed specifically for heavy-duty trucks with 24V electrical system &mdash; offers stable performance at high exhaust temperatures.\">Designed specifically for heavy-duty trucks with 24V electrical system &mdash; offers stable performance at high exhaust temperatures.<\/span><\/span><\/p>\n<\/li>\n<li class=\"md-list-item\">\n<p class=\"md-end-block md-p\"><span class=\"md-pair-s \"><strong><span class=\"md-plain\">Construction Durable<\/span><\/strong><\/span> <span class=\"md-plain\"><span class=\"mars-pro\" data-o=\"Stainless steel housing and heat-resistant cable provide corrosion resistance and long-lasting durability in harsh environments.\">Stainless steel housing and heat-resistant cable provide corrosion resistance and long-lasting durability in harsh environments.<\/span><\/span><\/p>\n<\/li>\n<li class=\"md-list-item\">\n<p class=\"md-end-block md-p\"><span class=\"md-pair-s \"><strong><span class=\"md-plain\"><span class=\"mars-pro\" data-o=\"Plug-and-Play Installation\">Plug-and-Play Installation<\/span><\/span><\/strong><\/span> <span class=\"md-plain\"><span class=\"mars-pro\" data-o=\"Direct-fit connector &mdash; no rewiring or modifications needed; installs in minutes.\">Direct-fit connector &mdash; no rewiring or modifications needed; installs in minutes.<\/span><\/span><\/p>\n<\/li>\n<\/ul>\n<h3 data-start=\"1815\" data-end=\"1847\"><strong data-start=\"1819\" data-end=\"1847\">Sp&eacute;cifications techniques<\/strong><\/h3>\n<div class=\"_tableContainer_1rjym_1\">\n<div class=\"group _tableWrapper_1rjym_13 flex w-fit flex-col-reverse\" tabindex=\"-1\">\n<table class=\"w-fit min-w-(--thread-content-width)\" data-start=\"1849\" data-end=\"2449\">\n<thead data-start=\"1849\" data-end=\"1880\">\n<tr data-start=\"1849\" data-end=\"1880\">\n<th data-start=\"1849\" data-end=\"1865\" data-col-size=\"sm\"><strong data-start=\"1851\" data-end=\"1864\">Param&egrave;tre<\/strong><\/th>\n<th data-start=\"1865\" data-end=\"1880\" data-col-size=\"sm\"><strong data-start=\"1867\" data-end=\"1878\">D&eacute;tails<\/strong><\/th>\n<\/tr>\n<\/thead>\n<tbody data-start=\"1914\" data-end=\"2449\">\n<tr data-start=\"1914\" data-end=\"1962\">\n<td data-start=\"1914\" data-end=\"1931\" data-col-size=\"sm\"><strong data-start=\"1916\" data-end=\"1930\">Num&eacute;ros OE<\/strong><\/td>\n<td data-start=\"1931\" data-end=\"1962\" data-col-size=\"sm\"><span class=\"mars-pro\" data-o=\"5WK967400, 2294290, 2296800\">5WK967400, 2294290, 2296800<\/span><\/td>\n<\/tr>\n<tr data-start=\"1963\" data-end=\"1995\">\n<td data-start=\"1963\" data-end=\"1982\" data-col-size=\"sm\"><strong data-start=\"1965\" data-end=\"1981\">Num&eacute;ro de mod&egrave;le<\/strong><\/td>\n<td data-start=\"1982\" data-end=\"1995\" data-col-size=\"sm\"><span class=\"mars-pro\" data-o=\"5WK967400\">5WK967400<\/span><\/td>\n<\/tr>\n<tr data-start=\"1996\" data-end=\"2024\">\n<td data-start=\"1996\" data-end=\"2012\" data-col-size=\"sm\"><strong data-start=\"1998\" data-end=\"2011\">Condition<\/strong><\/td>\n<td data-start=\"2012\" data-end=\"2024\" data-col-size=\"sm\">100% Neuf<\/td>\n<\/tr>\n<tr data-start=\"2025\" data-end=\"2046\">\n<td data-start=\"2025\" data-end=\"2039\" data-col-size=\"sm\"><strong data-start=\"2027\" data-end=\"2038\">Tension<\/strong><\/td>\n<td data-start=\"2039\" data-end=\"2046\" data-col-size=\"sm\">24V<\/td>\n<\/tr>\n<tr data-start=\"2047\" data-end=\"2089\">\n<td data-start=\"2047\" data-end=\"2058\" data-col-size=\"sm\"><strong data-start=\"2049\" data-end=\"2057\">Tapez<\/strong><\/td>\n<td data-start=\"2058\" data-end=\"2089\" data-col-size=\"sm\">Capteur de gaz d'&eacute;chappement O&#8322; \/ NOx<\/td>\n<\/tr>\n<tr data-start=\"2090\" data-end=\"2118\">\n<td data-start=\"2090\" data-end=\"2107\" data-col-size=\"sm\"><strong data-start=\"2092\" data-end=\"2106\">Nom de Marque<\/strong><\/td>\n<td data-start=\"2107\" data-end=\"2118\" data-col-size=\"sm\">Karryon<\/td>\n<\/tr>\n<tr data-start=\"2119\" data-end=\"2144\">\n<td data-start=\"2119\" data-end=\"2134\" data-col-size=\"sm\"><strong data-start=\"2121\" data-end=\"2133\">Marque de voiture<\/strong><\/td>\n<td data-start=\"2134\" data-end=\"2144\" data-col-size=\"sm\"><span class=\"mars-pro\" data-o=\"Scania\">Scania<\/span><\/td>\n<\/tr>\n<tr data-start=\"2145\" data-end=\"2179\">\n<td data-start=\"2145\" data-end=\"2160\" data-col-size=\"sm\"><strong data-start=\"2147\" data-end=\"2159\">Mat&eacute;riau<\/strong><\/td>\n<td data-start=\"2160\" data-end=\"2179\" data-col-size=\"sm\">Acier inoxydable<\/td>\n<\/tr>\n<tr data-start=\"2180\" data-end=\"2218\">\n<td data-start=\"2180\" data-end=\"2194\" data-col-size=\"sm\"><strong data-start=\"2182\" data-end=\"2193\">Objectif<\/strong><\/td>\n<td data-start=\"2194\" data-end=\"2218\" data-col-size=\"sm\">Remplacement \/ R&eacute;paration<\/td>\n<\/tr>\n<tr data-start=\"2219\" data-end=\"2262\">\n<td data-start=\"2219\" data-end=\"2243\" data-col-size=\"sm\"><strong data-start=\"2221\" data-end=\"2242\">Norme d'&eacute;mission<\/strong><\/td>\n<td data-start=\"2243\" data-end=\"2262\" data-col-size=\"sm\">Euro 5 \/ Euro 6<\/td>\n<\/tr>\n<tr data-start=\"2263\" data-end=\"2291\">\n<td data-start=\"2263\" data-end=\"2278\" data-col-size=\"sm\"><strong data-start=\"2265\" data-end=\"2277\">Garantie<\/strong><\/td>\n<td data-start=\"2278\" data-end=\"2291\" data-col-size=\"sm\">12 Mois<\/td>\n<\/tr>\n<tr data-start=\"2292\" data-end=\"2316\">\n<td data-start=\"2292\" data-end=\"2305\" data-col-size=\"sm\"><strong data-start=\"2294\" data-end=\"2304\">Poids<\/strong><\/td>\n<td data-start=\"2305\" data-end=\"2316\" data-col-size=\"sm\">0,28 kg<\/td>\n<\/tr>\n<tr data-start=\"2317\" data-end=\"2355\">\n<td data-start=\"2317\" data-end=\"2336\" data-col-size=\"sm\"><strong data-start=\"2319\" data-end=\"2335\">Taille de l'emballage<\/strong><\/td>\n<td data-start=\"2336\" data-end=\"2355\" data-col-size=\"sm\">20 &times; 15 &times; 10 cm<\/td>\n<\/tr>\n<tr data-start=\"2356\" data-end=\"2410\">\n<td data-start=\"2356\" data-end=\"2375\" data-col-size=\"sm\"><strong data-start=\"2358\" data-end=\"2374\">Type de Montage<\/strong><\/td>\n<td data-start=\"2375\" data-end=\"2410\" data-col-size=\"sm\"><span class=\"mars-pro\" data-o=\"Universal Fit for Scania Trucks\">Universal Fit for Scania Trucks<\/span><\/td>\n<\/tr>\n<tr data-start=\"2411\" data-end=\"2449\">\n<td data-start=\"2411\" data-end=\"2433\" data-col-size=\"sm\"><strong data-start=\"2413\" data-end=\"2432\">Lieu d'origine<\/strong><\/td>\n<td data-start=\"2433\" data-end=\"2449\" data-col-size=\"sm\">Hubei, Chine<\/td>\n<\/tr>\n<\/tbody>\n<\/table>\n<\/div>\n<\/div>\n<h3 data-start=\"2456\" data-end=\"2483\"><strong data-start=\"2460\" data-end=\"2483\">V&eacute;hicules Compatibles<\/strong><\/h3>\n<p data-start=\"2485\" data-end=\"2514\"><strong data-start=\"2485\" data-end=\"2514\"><span class=\"mars-pro\" data-o=\"Scania Compatible Models:\">Scania Compatible Models:<\/span><\/strong><\/p>\n<div class=\"_tableContainer_1rjym_1\">\n<div class=\"group _tableWrapper_1rjym_13 flex w-fit flex-col-reverse\" tabindex=\"-1\">\n<table class=\"w-fit min-w-(--thread-content-width)\" data-start=\"2516\" data-end=\"2821\">\n<thead data-start=\"2516\" data-end=\"2553\">\n<tr data-start=\"2516\" data-end=\"2553\">\n<th data-start=\"2516\" data-end=\"2528\" data-col-size=\"sm\"><strong data-start=\"2518\" data-end=\"2527\">Mod&egrave;le<\/strong><\/th>\n<th data-start=\"2528\" data-end=\"2539\" data-col-size=\"sm\"><strong data-start=\"2530\" data-end=\"2538\">Ann&eacute;e<\/strong><\/th>\n<th data-start=\"2539\" data-end=\"2553\" data-col-size=\"sm\"><strong data-start=\"2541\" data-end=\"2551\">Moteur<\/strong><\/th>\n<\/tr>\n<\/thead>\n<tbody data-start=\"2595\" data-end=\"2821\">\n<tr data-start=\"2595\" data-end=\"2625\">\n<td data-start=\"2595\" data-end=\"2608\" data-col-size=\"sm\"><span class=\"mars-pro\" data-o=\"Scania DC9\">Scania DC9<\/span><\/td>\n<td data-start=\"2608\" data-end=\"2620\" data-col-size=\"sm\"><span class=\"mars-pro\" data-o=\"1999&ndash;2009\">1999&ndash;2009<\/span><\/td>\n<td data-start=\"2620\" data-end=\"2625\" data-col-size=\"sm\">&mdash;<\/td>\n<\/tr>\n<tr data-start=\"2626\" data-end=\"2668\">\n<td data-start=\"2626\" data-end=\"2644\" data-col-size=\"sm\"><span class=\"mars-pro\" data-o=\"Scania P-Series\">Scania P-Series<\/span><\/td>\n<td data-start=\"2644\" data-end=\"2659\" data-col-size=\"sm\"><span class=\"mars-pro\" data-o=\"2003&ndash;Present\">2003&ndash;Present<\/span><\/td>\n<td data-start=\"2659\" data-end=\"2668\" data-col-size=\"sm\"><span class=\"mars-pro\" data-o=\"R 380\">R 380<\/span><\/td>\n<\/tr>\n<tr data-start=\"2669\" data-end=\"2711\">\n<td data-start=\"2669\" data-end=\"2687\" data-col-size=\"sm\"><span class=\"mars-pro\" data-o=\"Scania G-Series\">Scania G-Series<\/span><\/td>\n<td data-start=\"2687\" data-end=\"2702\" data-col-size=\"sm\"><span class=\"mars-pro\" data-o=\"2003&ndash;Present\">2003&ndash;Present<\/span><\/td>\n<td data-start=\"2702\" data-end=\"2711\" data-col-size=\"sm\"><span class=\"mars-pro\" data-o=\"R 360\">R 360<\/span><\/td>\n<\/tr>\n<tr data-start=\"2712\" data-end=\"2762\">\n<td data-start=\"2712\" data-end=\"2730\" data-col-size=\"sm\"><span class=\"mars-pro\" data-o=\"Scania R-Series\">Scania R-Series<\/span><\/td>\n<td data-start=\"2730\" data-end=\"2745\" data-col-size=\"sm\"><span class=\"mars-pro\" data-o=\"2003&ndash;Present\">2003&ndash;Present<\/span><\/td>\n<td data-start=\"2745\" data-end=\"2762\" data-col-size=\"sm\"><span class=\"mars-pro\" data-o=\"R 450 \/ R 500\">R 450 \/ R 500<\/span><\/td>\n<\/tr>\n<tr data-start=\"2763\" data-end=\"2821\">\n<td data-start=\"2763\" data-end=\"2781\" data-col-size=\"sm\"><span class=\"mars-pro\" data-o=\"Scania T-Series\">Scania T-Series<\/span><\/td>\n<td data-start=\"2781\" data-end=\"2796\" data-col-size=\"sm\"><span class=\"mars-pro\" data-o=\"2003&ndash;Present\">2003&ndash;Present<\/span><\/td>\n<td data-start=\"2796\" data-end=\"2821\" data-col-size=\"sm\"><span class=\"mars-pro\" data-o=\"R 380 \/ R 450 \/ R 500\">R 380 \/ R 450 \/ R 500<\/span><\/td>\n<\/tr>\n<\/tbody>\n<\/table>\n<\/div>\n<\/div>\n<blockquote data-start=\"2823\" data-end=\"2937\">\n<p data-start=\"2825\" data-end=\"2937\"><span class=\"mars-pro\" data-o=\"&#9989; Suitable for Scania trucks equipped with \">&#9989; Suitable for Scania trucks equipped with <\/span><strong data-start=\"2868\" data-end=\"2905\"><span class=\"mars-pro\" data-o=\"Euro 5 or Euro 6 emission systems\">Euro 5 or Euro 6 emission systems<\/span><\/strong><span class=\"mars-pro\" data-o=\" using SCR and DPF technologies.\"> using SCR and DPF technologies.<\/span><\/p>\n<\/blockquote>\n<h3 data-start=\"2944\" data-end=\"2960\"><strong data-start=\"2948\" data-end=\"2960\">Avantages<\/strong><\/h3>\n<ul data-start=\"2962\" data-end=\"3292\">\n<li data-start=\"2962\" data-end=\"3025\">\n<p data-start=\"2964\" data-end=\"3025\"><span class=\"mars-pro\" data-o=\"&#9989; Enhances fuel combustion efficiency and reduces emissions\">&#9989; Enhances fuel combustion efficiency and reduces emissions<\/span><\/p>\n<\/li>\n<li data-start=\"3026\" data-end=\"3090\">\n<p data-start=\"3028\" data-end=\"3090\"><span class=\"mars-pro\" data-o=\"&#9989; Supports Euro 5\/6 compliance for environmental performance\">&#9989; Supports Euro 5\/6 compliance for environmental performance<\/span><\/p>\n<\/li>\n<li data-start=\"3091\" data-end=\"3160\">\n<p data-start=\"3093\" data-end=\"3160\"><span class=\"mars-pro\" data-o=\"&#9989; Long lifespan under high-temperature, high-vibration conditions\">&#9989; Long lifespan under high-temperature, high-vibration conditions<\/span><\/p>\n<\/li>\n<li data-start=\"3161\" data-end=\"3214\">\n<p data-start=\"3163\" data-end=\"3214\"><span class=\"mars-pro\" data-o=\"&#9989; Improves engine responsiveness and fuel economy\">&#9989; Improves engine responsiveness and fuel economy<\/span><\/p>\n<\/li>\n<li data-start=\"3215\" data-end=\"3292\">\n<p data-start=\"3217\" data-end=\"3292\"><span class=\"mars-pro\" data-o=\"&#9989; Ensures smooth engine operation and emission control system reliability\">&#9989; Ensures smooth engine operation and emission control system reliability<\/span><\/p>\n<\/li>\n<\/ul>\n<h3 data-start=\"3299\" data-end=\"3327\"><strong data-start=\"3303\" data-end=\"3327\">Emballage et Livraison<\/strong><\/h3>\n<ul data-start=\"3329\" data-end=\"3574\">\n<li data-start=\"3329\" data-end=\"3362\">\n<p data-start=\"3331\" data-end=\"3362\"><strong data-start=\"3331\" data-end=\"3348\">Unit&eacute; de vente :<\/strong>Article unique<\/p>\n<\/li>\n<li data-start=\"3363\" data-end=\"3392\">\n<p data-start=\"3365\" data-end=\"3392\"><strong data-start=\"3365\" data-end=\"3382\">Poids brut :<\/strong>0,28 kg<\/p>\n<\/li>\n<li data-start=\"3393\" data-end=\"3430\">\n<p data-start=\"3395\" data-end=\"3430\"><strong data-start=\"3395\" data-end=\"3412\"><span class=\"mars-pro\" data-o=\"Package Size:\">Package Size:<\/span><\/strong>20 &times; 15 &times; 10 cm<\/p>\n<\/li>\n<li data-start=\"3431\" data-end=\"3490\">\n<p data-start=\"3433\" data-end=\"3490\"><strong data-start=\"3433\" data-end=\"3447\">Emballage :<\/strong><span class=\"mars-pro\" data-o=\" Anti-static protection bag + neutral box\"> Anti-static protection bag + neutral box<\/span><\/p>\n<\/li>\n<li data-start=\"3491\" data-end=\"3546\">\n<p data-start=\"3493\" data-end=\"3546\"><strong data-start=\"3493\" data-end=\"3511\">D&eacute;lai de livraison :<\/strong><span class=\"mars-pro\" data-o=\" 7&ndash;15 business days after payment\"> 7&ndash;15 business days after payment<\/span><\/p>\n<\/li>\n<li data-start=\"3547\" data-end=\"3574\">\n<p data-start=\"3549\" data-end=\"3574\"><strong data-start=\"3549\" data-end=\"3562\">Garantie :<\/strong>12 mois<\/p>\n<\/li>\n<\/ul>\n<p class=\"md-end-block md-p\"><span class=\"md-pair-s \"><strong><span class=\"md-plain\"><span class=\"mars-pro\" data-o=\"Why Choose Karryon Sensors\">Why Choose Karryon Sensors<\/span><\/span><\/strong><\/span><\/p>\n<p class=\"md-end-block md-p md-focus\"><span class=\"md-plain\"><span class=\"mars-pro\" data-o=\"Karryon is a leading supplier of \">Karryon is a leading supplier of <\/span><\/span><span class=\"md-pair-s \"><strong><span class=\"md-plain\"><span class=\"mars-pro\" data-o=\"heavy-duty truck emission sensors\">heavy-duty truck emission sensors<\/span><\/span><\/strong><\/span><span class=\"md-plain\">pour<\/span><span class=\"md-pair-s \"><strong><span class=\"md-plain\"><span class=\"mars-pro\" data-o=\"Scania, Volvo, MAN, DAF, Mercedes-Benz, and more\">Scania, Volvo, MAN, DAF, Mercedes-Benz, and more<\/span><\/span><\/strong><\/span><span class=\"md-plain\">.<\/span> <span class=\"md-plain\"><span class=\"mars-pro\" data-o=\"Every sensor is \">Every sensor is <\/span><\/span><span class=\"md-pair-s \"><strong><span class=\"md-plain\"><span class=\"mars-pro\" data-o=\"100% tested\">100% tested<\/span><\/span><\/strong><\/span><span class=\"md-plain\"><span class=\"mars-pro\" data-o=\" for signal accuracy, thermal drift, and vibration resistance before shipping.\"> for signal accuracy, thermal drift, and vibration resistance before shipping.<\/span><\/span> <span class=\"md-plain md-expand\"><span class=\"mars-pro\" data-o=\"Karryon parts have OEM-grade quality and are subject to strict inspection procedures, ensuring reliability and performance that is trusted by fleet owners and mechanics around the world.\">Karryon parts have OEM-grade quality and are subject to strict inspection procedures, ensuring reliability and performance that is trusted by fleet owners and mechanics around the world.<\/span><\/span><\/p>\n<","protected":false},"excerpt":{"rendered":"<p>The Karryon O2 NOx Sensor 5WK967400 \/ 2294290 is a 24V exhaust gas oxygen sensor with high precision and stable performance. It is specially designed for Scania P, G, R, and T series trucks. The sensor is used to measure the oxygen (O2) and nitrogen oxides (NOx) content in the exhaust system. It then transmits [&#8230;]\n","protected":false},"featured_media":739,"comment_status":"open","ping_status":"closed","template":"","meta":{"_acf_changed":false},"product_brand":[],"product_cat":[75],"product_tag":[],"class_list":{"0":"post-736","1":"product","2":"type-product","3":"status-publish","4":"has-post-thumbnail","6":"product_cat-o2-sensor","8":"first","9":"instock","10":"featured","11":"shipping-taxable","12":"product-type-simple"},"acf":[],"_links":{"self":[{"href":"https:\/\/bossensor.com\/fr\/wp-json\/wp\/v2\/product\/736","targetHints":{"allow":["GET"]}}],"collection":[{"href":"https:\/\/bossensor.com\/fr\/wp-json\/wp\/v2\/product"}],"about":[{"href":"https:\/\/bossensor.com\/fr\/wp-json\/wp\/v2\/types\/product"}],"replies":[{"embeddable":true,"href":"https:\/\/bossensor.com\/fr\/wp-json\/wp\/v2\/comments?post=736"}],"wp:featuredmedia":[{"embeddable":true,"href":"https:\/\/bossensor.com\/fr\/wp-json\/wp\/v2\/media\/739"}],"wp:attachment":[{"href":"https:\/\/bossensor.com\/fr\/wp-json\/wp\/v2\/media?parent=736"}],"wp:term":[{"taxonomy":"product_brand","embeddable":true,"href":"https:\/\/bossensor.com\/fr\/wp-json\/wp\/v2\/product_brand?post=736"},{"taxonomy":"product_cat","embeddable":true,"href":"https:\/\/bossensor.com\/fr\/wp-json\/wp\/v2\/product_cat?post=736"},{"taxonomy":"product_tag","embeddable":true,"href":"https:\/\/bossensor.com\/fr\/wp-json\/wp\/v2\/product_tag?post=736"}],"curies":[{"name":"wp","href":"https:\/\/api.w.org\/{rel}","templated":true}]}}