{"id":1262,"date":"2025-11-02T06:47:40","date_gmt":"2025-11-02T14:47:40","guid":{"rendered":"https:\/\/bossensor.com\/?post_type=product&#038;p=1262"},"modified":"2025-11-06T08:10:27","modified_gmt":"2025-11-06T16:10:27","slug":"51274210278-map-sensor-0281006212-for-man-tgs-tgx-tgl-trucks-turbocharger-boost-pressure-sensor-replacement","status":"publish","type":"product","link":"https:\/\/bossensor.com\/pt\/product\/51274210278-map-sensor-0281006212-for-man-tgs-tgx-tgl-trucks-turbocharger-boost-pressure-sensor-replacement\/","title":{"rendered":"Sensor de Press\u00e3o do Turbo 51274210278 MAP Sensor 0281006212 para Caminh\u00f5es MAN TGS TGX TGL | Substitui\u00e7\u00e3o do Sensor de Press\u00e3o de Sobrealimenta\u00e7\u00e3o"},"content":{"rendered":"<p class=\"md-end-block md-p md-focus\"><span class=\"md-plain md-expand\">Este Sensor MAP (0281006212) 51274210278 &eacute; um premium<\/span><span class=\"md-pair-s \"><strong><span class=\"md-plain\">Sensor de Press&atilde;o do Turbo<\/span><\/strong><\/span><span class=\"md-plain\">especificamente projetado para<\/span><span class=\"md-pair-s \"><strong><span class=\"md-plain\">Caminh&otilde;es das s&eacute;ries MAN TGS, TGX e TGL<\/span><\/strong><\/span><span class=\"md-plain\">.<\/span><\/p>\n<p class=\"md-end-block md-p\"><span class=\"md-plain\">O Sensor de Press&atilde;o do Coletor de Admiss&atilde;o 51274210278 mede a press&atilde;o do coletor de admiss&atilde;o e transmite esses dados para a ECU, permitindo que o sistema de turboalimenta&ccedil;&atilde;o otimize a propor&ccedil;&atilde;o ar-combust&iacute;vel e o processo de combust&atilde;o.<\/span><\/p>\n<p class=\"md-end-block md-p\">\n<\/p><p class=\"md-end-block md-p\"><span class=\"md-plain\">Fabricado pela Fonan de acordo com os padr&otilde;es OEM, este sensor MAP &eacute; constru&iacute;do para durabilidade e desempenho consistente, com um encaixe perfeito nos sistemas MAN originais.<\/span><\/p>\n<p class=\"md-end-block md-p\">\n<\/p><h3 data-start=\"1697\" data-end=\"1732\"><strong data-start=\"1704\" data-end=\"1732\">Especifica&ccedil;&otilde;es T&eacute;cnicas<\/strong><\/h3>\n<div class=\"_tableContainer_1rjym_1\">\n<div class=\"group _tableWrapper_1rjym_13 flex w-fit flex-col-reverse\" tabindex=\"-1\">\n<table class=\"w-fit min-w-(--thread-content-width)\" data-start=\"1734\" data-end=\"2320\">\n<thead data-start=\"1734\" data-end=\"1765\">\n<tr data-start=\"1734\" data-end=\"1765\">\n<th data-start=\"1734\" data-end=\"1750\" data-col-size=\"sm\"><strong data-start=\"1736\" data-end=\"1749\">Par&acirc;metro<\/strong><\/th>\n<th data-start=\"1750\" data-end=\"1765\" data-col-size=\"md\"><strong data-start=\"1752\" data-end=\"1763\">Detalhes<\/strong><\/th>\n<\/tr>\n<\/thead>\n<tbody data-start=\"1799\" data-end=\"2320\">\n<tr data-start=\"1799\" data-end=\"1858\">\n<td data-start=\"1799\" data-end=\"1816\" data-col-size=\"sm\"><strong data-start=\"1801\" data-end=\"1815\">N&uacute;meros OE<\/strong><\/td>\n<td data-start=\"1816\" data-end=\"1858\" data-col-size=\"md\">51274210278 \/ 51274210261 \/ 0281006212<\/td>\n<\/tr>\n<tr data-start=\"1859\" data-end=\"1921\">\n<td data-start=\"1859\" data-end=\"1870\" data-col-size=\"sm\"><strong data-start=\"1861\" data-end=\"1869\">Tipo<\/strong><\/td>\n<td data-start=\"1870\" data-end=\"1921\" data-col-size=\"md\">Sensor MAP \/ Sensor de Press&atilde;o do Turboalimentador<\/td>\n<\/tr>\n<tr data-start=\"1922\" data-end=\"1954\">\n<td data-start=\"1922\" data-end=\"1941\" data-col-size=\"sm\"><strong data-start=\"1924\" data-end=\"1940\">N&uacute;mero do Modelo<\/strong><\/td>\n<td data-start=\"1941\" data-end=\"1954\" data-col-size=\"md\">FA-Y167-2<\/td>\n<\/tr>\n<tr data-start=\"1955\" data-end=\"1981\">\n<td data-start=\"1955\" data-end=\"1972\" data-col-size=\"sm\"><strong data-start=\"1957\" data-end=\"1971\">Nome da Marca<\/strong><\/td>\n<td data-start=\"1972\" data-end=\"1981\" data-col-size=\"md\">Fonan<\/td>\n<\/tr>\n<tr data-start=\"1982\" data-end=\"2010\">\n<td data-start=\"1982\" data-end=\"1998\" data-col-size=\"sm\"><strong data-start=\"1984\" data-end=\"1997\">Condi&ccedil;&atilde;o<\/strong><\/td>\n<td data-start=\"1998\" data-end=\"2010\" data-col-size=\"md\">100% Novo<\/td>\n<\/tr>\n<tr data-start=\"2011\" data-end=\"2081\">\n<td data-start=\"2011\" data-end=\"2026\" data-col-size=\"sm\"><strong data-start=\"2013\" data-end=\"2025\">Material<\/strong><\/td>\n<td data-start=\"2026\" data-end=\"2081\" data-col-size=\"md\">Pl&aacute;stico refor&ccedil;ado de grau industrial + inser&ccedil;&otilde;es de lat&atilde;o<\/td>\n<\/tr>\n<tr data-start=\"2082\" data-end=\"2110\">\n<td data-start=\"2082\" data-end=\"2097\" data-col-size=\"sm\"><strong data-start=\"2084\" data-end=\"2096\">Garantia<\/strong><\/td>\n<td data-start=\"2097\" data-end=\"2110\" data-col-size=\"md\">12 Meses<\/td>\n<\/tr>\n<tr data-start=\"2111\" data-end=\"2151\">\n<td data-start=\"2111\" data-end=\"2133\" data-col-size=\"sm\"><strong data-start=\"2113\" data-end=\"2132\">Local de Origem<\/strong><\/td>\n<td data-start=\"2133\" data-end=\"2151\" data-col-size=\"md\">&#28201;&#24030;&#65292;&#20013;&#22269;<\/td>\n<\/tr>\n<tr data-start=\"2152\" data-end=\"2191\">\n<td data-start=\"2152\" data-end=\"2166\" data-col-size=\"sm\"><strong data-start=\"2154\" data-end=\"2165\">Voltagem<\/strong><\/td>\n<td data-start=\"2166\" data-end=\"2191\" data-col-size=\"md\">Refer&ecirc;ncia padr&atilde;o de 5V<\/td>\n<\/tr>\n<tr data-start=\"2192\" data-end=\"2268\">\n<td data-start=\"2192\" data-end=\"2207\" data-col-size=\"sm\"><strong data-start=\"2194\" data-end=\"2206\">Fun&ccedil;&atilde;o<\/strong><\/td>\n<td data-start=\"2207\" data-end=\"2268\" data-col-size=\"md\">Mede a press&atilde;o absoluta do coletor e o n&iacute;vel de sobrealimenta&ccedil;&atilde;o do turbo<\/td>\n<\/tr>\n<tr data-start=\"2269\" data-end=\"2320\">\n<td data-start=\"2269\" data-end=\"2288\" data-col-size=\"sm\"><strong data-start=\"2271\" data-end=\"2287\">Tipo de Ajuste<\/strong><\/td>\n<td data-start=\"2288\" data-end=\"2320\" data-col-size=\"md\">Substitui&ccedil;&atilde;o Direta (Compat&iacute;vel com OEM)<\/td>\n<\/tr>\n<\/tbody>\n<\/table>\n<\/div>\n<\/div>\n<h3 data-start=\"2327\" data-end=\"2357\"><strong data-start=\"2334\" data-end=\"2357\">Ve&iacute;culos Compat&iacute;veis<\/strong><\/h3>\n<div class=\"_tableContainer_1rjym_1\">\n<div class=\"group _tableWrapper_1rjym_13 flex w-fit flex-col-reverse\" tabindex=\"-1\">\n<table class=\"w-fit min-w-(--thread-content-width)\" data-start=\"2359\" data-end=\"2795\">\n<thead data-start=\"2359\" data-end=\"2407\">\n<tr data-start=\"2359\" data-end=\"2407\">\n<th data-start=\"2359\" data-end=\"2370\" data-col-size=\"sm\"><strong data-start=\"2361\" data-end=\"2369\">Fazer<\/strong><\/th>\n<th data-start=\"2370\" data-end=\"2382\" data-col-size=\"sm\"><strong data-start=\"2372\" data-end=\"2381\">Modelo<\/strong><\/th>\n<th data-start=\"2382\" data-end=\"2393\" data-col-size=\"sm\"><strong data-start=\"2384\" data-end=\"2392\">Ano<\/strong><\/th>\n<th data-start=\"2393\" data-end=\"2407\" data-col-size=\"sm\"><strong data-start=\"2395\" data-end=\"2405\">Motor<\/strong><\/th>\n<\/tr>\n<\/thead>\n<tbody data-start=\"2460\" data-end=\"2795\">\n<tr data-start=\"2460\" data-end=\"2515\">\n<td data-start=\"2460\" data-end=\"2466\" data-col-size=\"sm\">HOMEM<\/td>\n<td data-start=\"2466\" data-end=\"2475\" data-col-size=\"sm\">TGS II<\/td>\n<td data-start=\"2475\" data-end=\"2490\" data-col-size=\"sm\">2020&ndash;presente<\/td>\n<td data-start=\"2490\" data-end=\"2515\" data-col-size=\"sm\">18.510 (375kW, 510PS)<\/td>\n<\/tr>\n<tr data-start=\"2516\" data-end=\"2571\">\n<td data-start=\"2516\" data-end=\"2522\" data-col-size=\"sm\">HOMEM<\/td>\n<td data-start=\"2522\" data-end=\"2531\" data-col-size=\"sm\">TGS II<\/td>\n<td data-start=\"2531\" data-end=\"2546\" data-col-size=\"sm\">2020&ndash;presente<\/td>\n<td data-start=\"2546\" data-end=\"2571\" data-col-size=\"sm\">26.400 (294kW, 400PS)<\/td>\n<\/tr>\n<tr data-start=\"2572\" data-end=\"2627\">\n<td data-start=\"2572\" data-end=\"2578\" data-col-size=\"sm\">HOMEM<\/td>\n<td data-start=\"2578\" data-end=\"2587\" data-col-size=\"sm\">TGS II<\/td>\n<td data-start=\"2587\" data-end=\"2602\" data-col-size=\"sm\">2020&ndash;presente<\/td>\n<td data-start=\"2602\" data-end=\"2627\" data-col-size=\"sm\">26.360 (265kW, 360PS)<\/td>\n<\/tr>\n<tr data-start=\"2628\" data-end=\"2683\">\n<td data-start=\"2628\" data-end=\"2634\" data-col-size=\"sm\">HOMEM<\/td>\n<td data-start=\"2634\" data-end=\"2647\" data-col-size=\"sm\">TGL I \/ II<\/td>\n<td data-start=\"2647\" data-end=\"2659\" data-col-size=\"sm\">2018&ndash;2022<\/td>\n<td data-start=\"2659\" data-end=\"2683\" data-col-size=\"sm\">7.190 (140kW, 190PS)<\/td>\n<\/tr>\n<tr data-start=\"2684\" data-end=\"2739\">\n<td data-start=\"2684\" data-end=\"2690\" data-col-size=\"sm\">HOMEM<\/td>\n<td data-start=\"2690\" data-end=\"2699\" data-col-size=\"sm\">TGL II<\/td>\n<td data-start=\"2699\" data-end=\"2714\" data-col-size=\"sm\">2020&ndash;presente<\/td>\n<td data-start=\"2714\" data-end=\"2739\" data-col-size=\"sm\">12.250 (184kW, 250PS)<\/td>\n<\/tr>\n<tr data-start=\"2740\" data-end=\"2795\">\n<td data-start=\"2740\" data-end=\"2746\" data-col-size=\"sm\">HOMEM<\/td>\n<td data-start=\"2746\" data-end=\"2755\" data-col-size=\"sm\">TGS II<\/td>\n<td data-start=\"2755\" data-end=\"2770\" data-col-size=\"sm\">2020&ndash;presente<\/td>\n<td data-start=\"2770\" data-end=\"2795\" data-col-size=\"sm\">18.470 (346kW, 470PS)<\/td>\n<\/tr>\n<\/tbody>\n<\/table>\n<\/div>\n<\/div>\n<p data-start=\"2797\" data-end=\"2892\">Totalmente compat&iacute;vel com MAN<strong data-start=\"2825\" data-end=\"2843\">Motores Euro 6<\/strong>incluindo<strong data-start=\"2854\" data-end=\"2884\">D0834, D0836, D2066, D2676<\/strong>s&eacute;rie.<\/p>\n<h3 data-start=\"2899\" data-end=\"2918\"><strong data-start=\"2906\" data-end=\"2918\">Benef&iacute;cios<\/strong><\/h3>\n<ul data-start=\"2920\" data-end=\"3198\">\n<li data-start=\"2920\" data-end=\"2969\">\n<p data-start=\"2922\" data-end=\"2969\">&#9989; Melhora a resposta do turbo e a efici&ecirc;ncia do combust&iacute;vel<\/p>\n<\/li>\n<li data-start=\"2970\" data-end=\"3021\">\n<p data-start=\"2972\" data-end=\"3021\">&#9989; Melhora o equil&iacute;brio ar-combust&iacute;vel para reduzir as emiss&otilde;es<\/p>\n<\/li>\n<li data-start=\"3022\" data-end=\"3078\">\n<p data-start=\"3024\" data-end=\"3078\">&#9989; Evita a perda de energia devido a dados de press&atilde;o incorretos<\/p>\n<\/li>\n<li data-start=\"3079\" data-end=\"3144\">\n<p data-start=\"3081\" data-end=\"3144\">Design dur&aacute;vel adequado para temperaturas extremas do compartimento do motor<\/p>\n<\/li>\n<li data-start=\"3145\" data-end=\"3198\">\n<p data-start=\"3147\" data-end=\"3198\">Garante uma acelera&ccedil;&atilde;o mais suave e uma marcha lenta est&aacute;vel<\/p>\n<\/li>\n<\/ul>\n<h3 data-start=\"3205\" data-end=\"3236\"><strong data-start=\"3212\" data-end=\"3236\">Embalagem e Entrega<\/strong><\/h3>\n<div class=\"_tableContainer_1rjym_1\">\n<div class=\"group _tableWrapper_1rjym_13 flex w-fit flex-col-reverse\" tabindex=\"-1\">\n<table class=\"w-fit min-w-(--thread-content-width)\" data-start=\"3238\" data-end=\"3618\">\n<thead data-start=\"3238\" data-end=\"3264\">\n<tr data-start=\"3238\" data-end=\"3264\">\n<th data-start=\"3238\" data-end=\"3249\" data-col-size=\"sm\"><strong data-start=\"3240\" data-end=\"3248\">Item<\/strong><\/th>\n<th data-start=\"3249\" data-end=\"3264\" data-col-size=\"md\"><strong data-start=\"3251\" data-end=\"3262\">Detalhes<\/strong><\/th>\n<\/tr>\n<\/thead>\n<tbody data-start=\"3293\" data-end=\"3618\">\n<tr data-start=\"3293\" data-end=\"3329\">\n<td data-start=\"3293\" data-end=\"3312\" data-col-size=\"sm\"><strong data-start=\"3295\" data-end=\"3311\">Unidade de Venda<\/strong><\/td>\n<td data-start=\"3312\" data-end=\"3329\" data-col-size=\"md\">Sensor &uacute;nico<\/td>\n<\/tr>\n<tr data-start=\"3330\" data-end=\"3360\">\n<td data-start=\"3330\" data-end=\"3349\" data-col-size=\"sm\"><strong data-start=\"3332\" data-end=\"3348\">Peso Bruto<\/strong><\/td>\n<td data-start=\"3349\" data-end=\"3360\" data-col-size=\"md\">0,15 kg<\/td>\n<\/tr>\n<tr data-start=\"3361\" data-end=\"3404\">\n<td data-start=\"3361\" data-end=\"3386\" data-col-size=\"sm\"><strong data-start=\"3363\" data-end=\"3385\">Dimens&otilde;es da Embalagem<\/strong><\/td>\n<td data-start=\"3386\" data-end=\"3404\" data-col-size=\"md\">15 &times; 10 &times; 6 cm<\/td>\n<\/tr>\n<tr data-start=\"3405\" data-end=\"3490\">\n<td data-start=\"3405\" data-end=\"3426\" data-col-size=\"sm\"><strong data-start=\"3407\" data-end=\"3425\">Tipo de Embalagem<\/strong><\/td>\n<td data-start=\"3426\" data-end=\"3490\" data-col-size=\"md\">Bolsa antiest&aacute;tica individual + prote&ccedil;&atilde;o de espuma + caixa de exporta&ccedil;&atilde;o<\/td>\n<\/tr>\n<tr data-start=\"3491\" data-end=\"3546\">\n<td data-start=\"3491\" data-end=\"3511\" data-col-size=\"sm\"><strong data-start=\"3493\" data-end=\"3510\">Tempo de Entrega<\/strong><\/td>\n<td data-start=\"3511\" data-end=\"3546\" data-col-size=\"md\">3&ndash;7 dias &uacute;teis ap&oacute;s o pagamento<\/td>\n<\/tr>\n<tr data-start=\"3547\" data-end=\"3618\">\n<td data-start=\"3547\" data-end=\"3570\" data-col-size=\"sm\"><strong data-start=\"3549\" data-end=\"3569\">Op&ccedil;&otilde;es de Envio<\/strong><\/td>\n<td data-start=\"3570\" data-end=\"3618\" data-col-size=\"md\">DHL \/ FedEx \/ UPS \/ TNT \/ Transporte A&eacute;reo ou Mar&iacute;timo<\/td>\n<\/tr>\n<\/tbody>\n<\/table>\n<\/div>\n<\/div>\n<p data-start=\"3620\" data-end=\"3720\">Cada sensor &eacute; testado e embalado de forma segura para evitar danos por vibra&ccedil;&atilde;o e umidade durante o transporte.<\/p>\n<h3 class=\"md-end-block md-heading\"><strong><span class=\"md-plain\">Especifica&ccedil;&otilde;es do Sensor MAP (0281006212) 51274210278<\/span><\/strong><\/h3>\n<ul class=\"ul-list\" data-mark=\"-\">\n<li class=\"md-list-item\">\n<p class=\"md-end-block md-p\"><span class=\"md-pair-s \"><strong><span class=\"md-plain\">Precis&atilde;o de N&iacute;vel OE:<\/span><\/strong><\/span><span class=\"md-plain\">Fabricado para atender ou superar os padr&otilde;es das pe&ccedil;as originais MAN quanto ao encaixe e ao sinal de sa&iacute;da.<\/span><\/p>\n<\/li>\n<li class=\"md-list-item\">\n<p class=\"md-end-block md-p\"><span class=\"md-pair-s \"><strong><span class=\"md-plain\">Sensoriamento Preciso de Press&atilde;o:<\/span><\/strong><\/span><span class=\"md-plain\">Fornece leituras exatas da press&atilde;o do coletor de admiss&atilde;o para a ECU ajustar o turboalimentador e a calibra&ccedil;&atilde;o do motor.<\/span><\/p>\n<\/li>\n<li class=\"md-list-item\">\n<p class=\"md-end-block md-p\"><span class=\"md-pair-s \"><strong><span class=\"md-plain\">Constru&ccedil;&atilde;o do Sensor de Dur&aacute;veis:<\/span><\/strong><\/span><span class=\"md-plain\">Feito de pl&aacute;stico de engenharia robusto e apresenta inser&ccedil;&otilde;es de montagem em lat&atilde;o para prote&ccedil;&atilde;o contra corros&atilde;o e calor.<\/span><\/p>\n<\/li>\n<li class=\"md-list-item\">\n<p class=\"md-end-block md-p\"><span class=\"md-pair-s \"><strong><span class=\"md-plain\">Instala&ccedil;&atilde;o F&aacute;cil:<\/span><\/strong><\/span><span class=\"md-plain\">Troque diretamente com sensores OE sem necessidade de modifica&ccedil;&otilde;es ou recalibra&ccedil;&otilde;es.<\/span><\/p>\n<\/li>\n<li class=\"md-list-item\">\n<p class=\"md-end-block md-p\"><span class=\"md-pair-s \"><strong><span class=\"md-plain\">Extensa Adequa&ccedil;&atilde;o para Caminh&otilde;es:<\/span><\/strong><\/span><span class=\"md-plain\">Compat&iacute;vel com v&aacute;rios caminh&otilde;es a diesel MAN TGS, TGX e TGL Euro 5\/6, incluindo as s&eacute;ries de motores D0834, D0836, D2066.<\/span><\/p>\n<\/li>\n<\/ul>\n<h3 class=\"md-end-block md-heading\"><strong><span class=\"md-plain\">Por Que Comprar Sensores de Mapa Conosco?<\/span><\/strong><\/h3>\n<ul class=\"ul-list\" data-mark=\"-\">\n<li class=\"md-list-item\">\n<p class=\"md-end-block md-p\"><span class=\"md-pair-s \"><strong><span class=\"md-plain\">Qualidade em que Voc&ecirc; Pode Confiar:<\/span><\/strong><\/span><span class=\"md-plain\">A Fonan adere aos padr&otilde;es de f&aacute;brica OE com 100% de testes eletr&ocirc;nicos de press&atilde;o, tens&atilde;o e sa&iacute;da de sinal.<\/span><\/p>\n<\/li>\n<li class=\"md-list-item\">\n<p class=\"md-end-block md-p\"><span class=\"md-pair-s \"><strong><span class=\"md-plain\">Paix&atilde;o e Expertise:<\/span><\/strong><\/span><span class=\"md-plain\">Mais de 10 anos de experi&ecirc;ncia na fabrica&ccedil;&atilde;o de sensores para caminh&otilde;es a diesel comerciais.<\/span><\/p>\n<\/li>\n<li class=\"md-list-item\">\n<p class=\"md-end-block md-p\"><span class=\"md-pair-s \"><strong><span class=\"md-plain\">Alcance Global da OEM:<\/span><\/strong><\/span><span class=\"md-plain\">Utilizado em muitos fabricantes de equipamento original (OEM) de caminh&otilde;es comerciais europeus, como<\/span><span class=\"md-pair-s \"><strong><span class=\"md-plain\">Homem, Scania, Volvo e Mercedes-Benz<\/span><\/strong><\/span><span class=\"md-plain\">.<\/span><\/p>\n<\/li>\n<li class=\"md-list-item\">\n<p class=\"md-end-block md-p\"><span class=\"md-pair-s \"><strong><span class=\"md-plain\">P&oacute;s-Venda Orientado ao Cliente:<\/span><\/strong><\/span><span class=\"md-plain\">Vem com garantia de 12 meses, substitui&ccedil;&atilde;o r&aacute;pida para quaisquer defeitos.<\/span><\/p>\n<\/li>\n<li class=\"md-list-item md-focus-container\">\n<p class=\"md-end-block md-p md-focus\"><span class=\"md-pair-s \"><strong><span class=\"md-plain\">Efici&ecirc;ncia da Cadeia de Suprimentos:<\/span><\/strong><\/span><span class=\"md-plain md-expand\">Bons n&iacute;veis de estoque e prazos de entrega r&aacute;pidos para um fornecimento confi&aacute;vel a distribuidores e gestores de frotas.<\/span><\/p>\n<\/li>\n<\/ul>\n<","protected":false},"excerpt":{"rendered":"<p>Este Sensor MAP (0281006212) 51274210278 &eacute; um premiumSensor de Press&atilde;o do Turboespecificamente projetado paraCaminh&otilde;es das s&eacute;ries MAN TGS, TGX e TGL. O Sensor de Press&atilde;o do Coletor de Admiss&atilde;o 51274210278 mede a press&atilde;o do coletor de admiss&atilde;o e transmite esses dados para a ECU, permitindo que o sistema de turboalimenta&ccedil;&atilde;o otimize a propor&ccedil;&atilde;o ar-combust&iacute;vel e [&#8230;]\n","protected":false},"featured_media":1266,"comment_status":"open","ping_status":"closed","template":"","meta":{"_acf_changed":false},"product_brand":[],"product_cat":[76],"product_tag":[],"class_list":{"0":"post-1262","1":"product","2":"type-product","3":"status-publish","4":"has-post-thumbnail","6":"product_cat-map-sensor","8":"first","9":"instock","10":"featured","11":"shipping-taxable","12":"product-type-simple"},"acf":[],"_links":{"self":[{"href":"https:\/\/bossensor.com\/pt\/wp-json\/wp\/v2\/product\/1262","targetHints":{"allow":["GET"]}}],"collection":[{"href":"https:\/\/bossensor.com\/pt\/wp-json\/wp\/v2\/product"}],"about":[{"href":"https:\/\/bossensor.com\/pt\/wp-json\/wp\/v2\/types\/product"}],"replies":[{"embeddable":true,"href":"https:\/\/bossensor.com\/pt\/wp-json\/wp\/v2\/comments?post=1262"}],"wp:featuredmedia":[{"embeddable":true,"href":"https:\/\/bossensor.com\/pt\/wp-json\/wp\/v2\/media\/1266"}],"wp:attachment":[{"href":"https:\/\/bossensor.com\/pt\/wp-json\/wp\/v2\/media?parent=1262"}],"wp:term":[{"taxonomy":"product_brand","embeddable":true,"href":"https:\/\/bossensor.com\/pt\/wp-json\/wp\/v2\/product_brand?post=1262"},{"taxonomy":"product_cat","embeddable":true,"href":"https:\/\/bossensor.com\/pt\/wp-json\/wp\/v2\/product_cat?post=1262"},{"taxonomy":"product_tag","embeddable":true,"href":"https:\/\/bossensor.com\/pt\/wp-json\/wp\/v2\/product_tag?post=1262"}],"curies":[{"name":"wp","href":"https:\/\/api.w.org\/{rel}","templated":true}]}}