{"id":1281,"date":"2025-11-02T07:27:46","date_gmt":"2025-11-02T15:27:46","guid":{"rendered":"https:\/\/bossensor.com\/?post_type=product&#038;p=1281"},"modified":"2025-11-02T07:27:46","modified_gmt":"2025-11-02T15:27:46","slug":"oem-22422785-a2c96053500-map-sensor-for-volvo-truck-d11-d13-high-precision-intake-manifold-pressure-sensor-replacement","status":"publish","type":"product","link":"https:\/\/bossensor.com\/pt\/product\/oem-22422785-a2c96053500-map-sensor-for-volvo-truck-d11-d13-high-precision-intake-manifold-pressure-sensor-replacement\/","title":{"rendered":"Sensor de Press\u00e3o do Coletor de Admiss\u00e3o de Alta Precis\u00e3o OEM 22422785 A2C96053500 para Caminh\u00e3o Volvo D11 D13 | Substitui\u00e7\u00e3o"},"content":{"rendered":"<div>O sensor de press&atilde;o absoluta do coletor (MAP) OEM 22422785 \/ A2C96053500 &eacute; uma pe&ccedil;a de reposi&ccedil;&atilde;o original projetada especificamente para os motores pesados das s&eacute;ries D11 e D13 da Volvo. Este sensor mede a press&atilde;o no coletor de admiss&atilde;o, bem como a temperatura do ar que entra no motor. Ao fornecer dados precisos sobre esses par&acirc;metros, ele auxilia a unidade de controle do motor (ECU) a ajustar a mistura ar-combust&iacute;vel para uma combust&atilde;o ideal, garantindo desempenho eficiente do motor, melhor efici&ecirc;ncia de combust&iacute;vel e redu&ccedil;&atilde;o de emiss&otilde;es.<\/div>\n<div><\/div>\n<div>Projetado para atender aos padr&otilde;es OEM (Fabricante de Equipamento Original), este sensor MAP fornece leituras consistentes e precisas mesmo em condi&ccedil;&otilde;es severas de vibra&ccedil;&atilde;o e temperatura, tornando-o uma excelente escolha para caminh&otilde;es Volvo utilizados em ambientes adversos e extremos.<\/div>\n<div><\/div>\n<h3 data-start=\"1649\" data-end=\"1681\"><strong data-start=\"1653\" data-end=\"1681\">Especifica&ccedil;&otilde;es T&eacute;cnicas<\/strong><\/h3>\n<div class=\"_tableContainer_1rjym_1\">\n<div class=\"group _tableWrapper_1rjym_13 flex w-fit flex-col-reverse\" tabindex=\"-1\">\n<table class=\"w-fit min-w-(--thread-content-width)\" data-start=\"1682\" data-end=\"2284\">\n<thead data-start=\"1682\" data-end=\"1713\">\n<tr data-start=\"1682\" data-end=\"1713\">\n<th data-start=\"1682\" data-end=\"1698\" data-col-size=\"sm\"><strong data-start=\"1684\" data-end=\"1697\">Par&acirc;metro<\/strong><\/th>\n<th data-start=\"1698\" data-end=\"1713\" data-col-size=\"md\"><strong data-start=\"1700\" data-end=\"1711\">Detalhes<\/strong><\/th>\n<\/tr>\n<\/thead>\n<tbody data-start=\"1747\" data-end=\"2284\">\n<tr data-start=\"1747\" data-end=\"1829\">\n<td data-start=\"1747\" data-end=\"1770\" data-col-size=\"sm\"><strong data-start=\"1749\" data-end=\"1769\">N&uacute;meros de Pe&ccedil;as OEM<\/strong><\/td>\n<td data-col-size=\"md\" data-start=\"1770\" data-end=\"1829\">22422785 \/ A2C96053500 \/ 21097978 \/ 904-7704 \/ 22329559<\/td>\n<\/tr>\n<tr data-start=\"1830\" data-end=\"1897\">\n<td data-start=\"1830\" data-end=\"1841\" data-col-size=\"sm\"><strong data-start=\"1832\" data-end=\"1840\">Tipo<\/strong><\/td>\n<td data-start=\"1841\" data-end=\"1897\" data-col-size=\"md\">Sensor de Temperatura do Ar de Admiss&atilde;o e Press&atilde;o de Turboalimenta&ccedil;&atilde;o (MAP)<\/td>\n<\/tr>\n<tr data-start=\"1898\" data-end=\"1926\">\n<td data-start=\"1898\" data-end=\"1915\" data-col-size=\"sm\"><strong data-start=\"1900\" data-end=\"1914\">Nome da Marca<\/strong><\/td>\n<td data-start=\"1915\" data-end=\"1926\" data-col-size=\"md\">SENINSO<\/td>\n<\/tr>\n<tr data-start=\"1927\" data-end=\"1972\">\n<td data-start=\"1927\" data-end=\"1945\" data-col-size=\"sm\"><strong data-start=\"1929\" data-end=\"1944\">Aplica&ccedil;&atilde;o<\/strong><\/td>\n<td data-start=\"1945\" data-end=\"1972\" data-col-size=\"md\">Motores Volvo D11 \/ D13<\/td>\n<\/tr>\n<tr data-start=\"1973\" data-end=\"2017\">\n<td data-start=\"1973\" data-end=\"1988\" data-col-size=\"sm\"><strong data-start=\"1975\" data-end=\"1987\">Material<\/strong><\/td>\n<td data-start=\"1988\" data-end=\"2017\" data-col-size=\"md\">Pl&aacute;stico Refor&ccedil;ado, Metal<\/td>\n<\/tr>\n<tr data-start=\"2018\" data-end=\"2052\">\n<td data-start=\"2018\" data-end=\"2034\" data-col-size=\"sm\"><strong data-start=\"2020\" data-end=\"2033\">Condi&ccedil;&atilde;o<\/strong><\/td>\n<td data-start=\"2034\" data-end=\"2052\" data-col-size=\"md\">100% Novo<\/td>\n<\/tr>\n<tr data-start=\"2053\" data-end=\"2076\">\n<td data-start=\"2053\" data-end=\"2067\" data-col-size=\"sm\"><strong data-start=\"2055\" data-end=\"2066\">Voltagem<\/strong><\/td>\n<td data-start=\"2067\" data-end=\"2076\" data-col-size=\"md\">5V DC<\/td>\n<\/tr>\n<tr data-start=\"2077\" data-end=\"2107\">\n<td data-start=\"2077\" data-end=\"2097\" data-col-size=\"sm\"><strong data-start=\"2079\" data-end=\"2096\">Sa&iacute;da de Sinal<\/strong><\/td>\n<td data-start=\"2097\" data-end=\"2107\" data-col-size=\"md\">Anal&oacute;gico<\/td>\n<\/tr>\n<tr data-start=\"2108\" data-end=\"2155\">\n<td data-start=\"2108\" data-end=\"2136\" data-col-size=\"sm\"><strong data-start=\"2110\" data-end=\"2135\">Temperatura de Opera&ccedil;&atilde;o<\/strong><\/td>\n<td data-start=\"2136\" data-end=\"2155\" data-col-size=\"md\">-40&deg;C a +125&deg;C<\/td>\n<\/tr>\n<tr data-start=\"2156\" data-end=\"2184\">\n<td data-start=\"2156\" data-end=\"2171\" data-col-size=\"sm\"><strong data-start=\"2158\" data-end=\"2170\">Garantia<\/strong><\/td>\n<td data-start=\"2171\" data-end=\"2184\" data-col-size=\"md\">12 Meses<\/td>\n<\/tr>\n<tr data-start=\"2185\" data-end=\"2217\">\n<td data-start=\"2185\" data-end=\"2205\" data-col-size=\"sm\"><strong data-start=\"2187\" data-end=\"2204\">Tempo de Entrega<\/strong><\/td>\n<td data-start=\"2205\" data-end=\"2217\" data-col-size=\"md\">1&ndash;3 Dias<\/td>\n<\/tr>\n<tr data-start=\"2218\" data-end=\"2284\">\n<td data-start=\"2218\" data-end=\"2241\" data-col-size=\"sm\"><strong data-start=\"2220\" data-end=\"2240\">Op&ccedil;&otilde;es de Envio<\/strong><\/td>\n<td data-start=\"2241\" data-end=\"2284\" data-col-size=\"md\"><span class=\"mars-pro\" data-o=\"DHL \/ UPS \/ FEDEX \/ TNT \/ By Air or Sea\">DHL \/ UPS \/ FEDEX \/ TNT \/ By Air or Sea<\/span><\/td>\n<\/tr>\n<\/tbody>\n<\/table>\n<\/div>\n<\/div>\n<h3 data-start=\"2291\" data-end=\"2318\"><strong data-start=\"2295\" data-end=\"2318\">Ve&iacute;culos Compat&iacute;veis<\/strong><\/h3>\n<p data-start=\"2319\" data-end=\"2412\"><span class=\"mars-pro\" data-o=\"This MAP Sensor is designed for a wide range of \">This MAP Sensor is designed for a wide range of <\/span><strong data-start=\"2367\" data-end=\"2400\"><span class=\"mars-pro\" data-o=\"Volvo heavy-duty applications\">Volvo heavy-duty applications<\/span><\/strong><span class=\"mars-pro\" data-o=\", including:\">, including:<\/span><\/p>\n<ul data-start=\"2414\" data-end=\"2645\">\n<li data-start=\"2414\" data-end=\"2517\">\n<p data-start=\"2416\" data-end=\"2445\"><strong data-start=\"2416\" data-end=\"2443\"><span class=\"mars-pro\" data-o=\"Volvo D11 Engine Trucks\">Volvo D11 Engine Trucks<\/span><\/strong><\/p>\n<ul data-start=\"2448\" data-end=\"2517\">\n<li data-start=\"2448\" data-end=\"2465\">\n<p data-start=\"2450\" data-end=\"2465\"><span class=\"mars-pro\" data-o=\"Volvo VNL D11\">Volvo VNL D11<\/span><\/p>\n<\/li>\n<li data-start=\"2468\" data-end=\"2485\">\n<p data-start=\"2470\" data-end=\"2485\"><span class=\"mars-pro\" data-o=\"Volvo VNM D11\">Volvo VNM D11<\/span><\/p>\n<\/li>\n<li data-start=\"2488\" data-end=\"2517\">\n<p data-start=\"2490\" data-end=\"2517\"><span class=\"mars-pro\" data-o=\"Volvo FM \/ FMX (Euro 5\/6)\">Volvo FM \/ FMX (Euro 5\/6)<\/span><\/p>\n<\/li>\n<\/ul>\n<\/li>\n<li data-start=\"2519\" data-end=\"2645\">\n<p data-start=\"2521\" data-end=\"2550\"><strong data-start=\"2521\" data-end=\"2548\"><span class=\"mars-pro\" data-o=\"Volvo D13 Engine Trucks\">Volvo D13 Engine Trucks<\/span><\/strong><\/p>\n<ul data-start=\"2553\" data-end=\"2645\">\n<li data-start=\"2553\" data-end=\"2574\">\n<p data-start=\"2555\" data-end=\"2574\"><span class=\"mars-pro\" data-o=\"Volvo FH \/ FM D13\">Volvo FH \/ FM D13<\/span><\/p>\n<\/li>\n<li data-start=\"2577\" data-end=\"2616\">\n<p data-start=\"2579\" data-end=\"2616\"><span class=\"mars-pro\" data-o=\"Volvo VNL D13 (North American Spec)\">Volvo VNL D13 (North American Spec)<\/span><\/p>\n<\/li>\n<li data-start=\"2619\" data-end=\"2645\">\n<p data-start=\"2621\" data-end=\"2645\"><span class=\"mars-pro\" data-o=\"Volvo VNX \/ VNR Series\">Volvo VNX \/ VNR Series<\/span><\/p>\n<\/li>\n<\/ul>\n<\/li>\n<\/ul>\n<p data-start=\"2647\" data-end=\"2688\"><em data-start=\"2647\" data-end=\"2686\"><span class=\"mars-pro\" data-o=\"Also interchangeable with OE numbers:\">Also interchangeable with OE numbers:<\/span><\/em><\/p>\n<ul data-start=\"2689\" data-end=\"2756\">\n<li data-start=\"2689\" data-end=\"2701\">\n<p data-start=\"2691\" data-end=\"2701\">22422785<\/p>\n<\/li>\n<li data-start=\"2702\" data-end=\"2717\">\n<p data-start=\"2704\" data-end=\"2717\"><span class=\"mars-pro\" data-o=\"A2C96053500\">A2C96053500<\/span><\/p>\n<\/li>\n<li data-start=\"2718\" data-end=\"2730\">\n<p data-start=\"2720\" data-end=\"2730\">21097978<\/p>\n<\/li>\n<li data-start=\"2731\" data-end=\"2743\">\n<p data-start=\"2733\" data-end=\"2743\">22329559<\/p>\n<\/li>\n<li data-start=\"2744\" data-end=\"2756\">\n<p data-start=\"2746\" data-end=\"2756\">904-7704<\/p>\n<\/li>\n<\/ul>\n<h3 data-start=\"2763\" data-end=\"2779\"><strong data-start=\"2767\" data-end=\"2779\">Benef&iacute;cios<\/strong><\/h3>\n<ul data-start=\"2780\" data-end=\"3292\">\n<li data-start=\"2780\" data-end=\"2865\">\n<p data-start=\"2782\" data-end=\"2865\">&#128664; <strong data-start=\"2785\" data-end=\"2811\"><span class=\"mars-pro\" data-o=\"Optimizes Engine Power\">Optimizes Engine Power<\/span><\/strong><span class=\"mars-pro\" data-o=\" &ndash; Enhances throttle response and torque under load.\"> &ndash; Enhances throttle response and torque under load.<\/span><\/p>\n<\/li>\n<li data-start=\"2866\" data-end=\"2974\">\n<p data-start=\"2868\" data-end=\"2974\">&#127807; <strong data-start=\"2871\" data-end=\"2899\">Melhora a Efici&ecirc;ncia do Combust&iacute;vel<\/strong><span class=\"mars-pro\" data-o=\" &ndash; Provides accurate intake pressure readings for better ECU calibration.\"> &ndash; Provides accurate intake pressure readings for better ECU calibration.<\/span><\/p>\n<\/li>\n<li data-start=\"2975\" data-end=\"3067\">\n<p data-start=\"2977\" data-end=\"3067\">&#128295; <strong data-start=\"2980\" data-end=\"3001\"><span class=\"mars-pro\" data-o=\"Reduces Emissions\">Reduces Emissions<\/span><\/strong><span class=\"mars-pro\" data-o=\" &ndash; Assists in precise combustion management for cleaner exhaust.\"> &ndash; Assists in precise combustion management for cleaner exhaust.<\/span><\/p>\n<\/li>\n<li data-start=\"3068\" data-end=\"3168\">\n<p data-start=\"3070\" data-end=\"3168\">&#128170; <strong data-start=\"3073\" data-end=\"3097\"><span class=\"mars-pro\" data-o=\"Extended Sensor Life\">Extended Sensor Life<\/span><\/strong><span class=\"mars-pro\" data-o=\" &ndash; Built from high-durability materials ensuring long-term stability.\"> &ndash; Built from high-durability materials ensuring long-term stability.<\/span><\/p>\n<\/li>\n<li data-start=\"3169\" data-end=\"3292\">\n<p data-start=\"3171\" data-end=\"3292\">&#128267; <strong data-start=\"3174\" data-end=\"3215\"><span class=\"mars-pro\" data-o=\"Maintains Smooth Idle and Performance\">Maintains Smooth Idle and Performance<\/span><\/strong><span class=\"mars-pro\" data-o=\" &ndash; Prevents rough idling and misfires caused by inaccurate pressure feedback.\"> &ndash; Prevents rough idling and misfires caused by inaccurate pressure feedback.<\/span><\/p>\n<\/li>\n<\/ul>\n<h3 data-start=\"3299\" data-end=\"3327\"><strong data-start=\"3303\" data-end=\"3327\">Embalagem e Entrega<\/strong><\/h3>\n<ul data-start=\"3328\" data-end=\"3656\">\n<li data-start=\"3328\" data-end=\"3416\">\n<p data-start=\"3330\" data-end=\"3416\">&#128230; <strong data-start=\"3333\" data-end=\"3347\">Embalagem:<\/strong><span class=\"mars-pro\" data-o=\" Neutral box or customized OEM packaging (anti-static &amp; shockproof)\"> Neutral box or customized OEM packaging (anti-static &amp; shockproof)<\/span><\/p>\n<\/li>\n<li data-start=\"3417\" data-end=\"3492\">\n<p data-start=\"3419\" data-end=\"3492\">&#128666; <strong data-start=\"3422\" data-end=\"3440\">Tempo de Entrega:<\/strong><span class=\"mars-pro\" data-o=\" Within 1&ndash;3 business days after order confirmation\"> Within 1&ndash;3 business days after order confirmation<\/span><\/p>\n<\/li>\n<li data-start=\"3493\" data-end=\"3565\">\n<p data-start=\"3495\" data-end=\"3565\">&#127757; <strong data-start=\"3498\" data-end=\"3519\"><span class=\"mars-pro\" data-o=\"Shipping Methods:\">Shipping Methods:<\/span><\/strong><span class=\"mars-pro\" data-o=\" DHL, FedEx, UPS, TNT, or by sea\/air freight\"> DHL, FedEx, UPS, TNT, or by sea\/air freight<\/span><\/p>\n<\/li>\n<li data-start=\"3566\" data-end=\"3656\">\n<p data-start=\"3568\" data-end=\"3656\">&#128274; <strong data-start=\"3571\" data-end=\"3586\"><span class=\"mars-pro\" data-o=\"Protection:\">Protection:<\/span><\/strong><span class=\"mars-pro\" data-o=\" Each sensor sealed and safely cushioned to prevent transport damage\"> Each sensor sealed and safely cushioned to prevent transport damage<\/span><\/p>\n<\/li>\n<\/ul>\n<h3><strong><span class=\"mars-pro\" data-o=\"Key Features&nbsp;\">Key Features&nbsp;<\/span><\/strong><\/h3>\n<div><\/div>\n<div><span class=\"mars-pro\" data-o=\"* OEM-Grade Performance. &ndash; Meticulously designed to match the original Volvo MAP sensor specifications for precise intake manifold pressure and temperature measurements.\">* OEM-Grade Performance. &ndash; Meticulously designed to match the original Volvo MAP sensor specifications for precise intake manifold pressure and temperature measurements.<\/span><\/div>\n<div><span class=\"mars-pro\" data-o=\"* Integrated Temperature Compensation. &ndash; Stable sensor performance over a wide temperature range.\">* Integrated Temperature Compensation. &ndash; Stable sensor performance over a wide temperature range.<\/span><\/div>\n<div><span class=\"mars-pro\" data-o=\"* Robust Construction. &ndash; Constructed with high-strength composite materials that are resistant to heat, vibration, and corrosion.\">* Robust Construction. &ndash; Constructed with high-strength composite materials that are resistant to heat, vibration, and corrosion.<\/span><\/div>\n<div><span class=\"mars-pro\" data-o=\"* Plug-and-Play Installation. &ndash; Comes with a direct-fit connector for quick and easy replacement without the need for modifications.\">* Plug-and-Play Installation. &ndash; Comes with a direct-fit connector for quick and easy replacement without the need for modifications.<\/span><\/div>\n<div><span class=\"mars-pro\" data-o=\"* Wide Compatibility. &ndash; Ideal for Volvo D11, D13, and other related heavy-duty truck models.\">* Wide Compatibility. &ndash; Ideal for Volvo D11, D13, and other related heavy-duty truck models.<\/span><\/div>\n<div><\/div>\n<h3><strong><span class=\"mars-pro\" data-o=\"Why Trust Us for Your Map Sensors&nbsp;\">Why Trust Us for Your Map Sensors&nbsp;<\/span><\/strong><\/h3>\n<div><\/div>\n<div><span class=\"mars-pro\" data-o=\"* Professional Manufacturer:. &ndash; Over 10 years of experience in the automotive sensor industry.\">* Professional Manufacturer:. &ndash; Over 10 years of experience in the automotive sensor industry.<\/span><\/div>\n<div><span class=\"mars-pro\" data-o=\"* Precision Quality Control: &ndash; Rigorous functional and temperature testing is performed on each sensor before it ships.\">* Precision Quality Control: &ndash; Rigorous functional and temperature testing is performed on each sensor before it ships.<\/span><\/div>\n<div><span class=\"mars-pro\" data-o=\"* Global Reach: &ndash; Trusted by distributors and OEM suppliers in over 50 countries.\">* Global Reach: &ndash; Trusted by distributors and OEM suppliers in over 50 countries.<\/span><\/div>\n<div><span class=\"mars-pro\" data-o=\"* Complete Product Line: &ndash; Specializing in MAP, NOx, O2, EGR, and Pressure sensors for commercial vehicles.\">* Complete Product Line: &ndash; Specializing in MAP, NOx, O2, EGR, and Pressure sensors for commercial vehicles.<\/span><\/div>\n<div><span class=\"mars-pro\" data-o=\"* Reliable Customer Support: &ndash; Backed by a 12-month warranty and dedicated after-sales technical support.\">* Reliable Customer Support: &ndash; Backed by a 12-month warranty and dedicated after-sales technical support.<\/span><\/div>\n<","protected":false},"excerpt":{"rendered":"<p>O sensor de press&atilde;o absoluta do coletor (MAP) OEM 22422785 \/ A2C96053500 &eacute; uma pe&ccedil;a de reposi&ccedil;&atilde;o original projetada especificamente para os motores pesados das s&eacute;ries D11 e D13 da Volvo. Este sensor mede a press&atilde;o no coletor de admiss&atilde;o, bem como a temperatura do ar que entra no motor. Ao fornecer dados precisos sobre [&#8230;]\n","protected":false},"featured_media":1282,"comment_status":"open","ping_status":"closed","template":"","meta":{"_acf_changed":false},"product_brand":[],"product_cat":[76],"product_tag":[],"class_list":{"0":"post-1281","1":"product","2":"type-product","3":"status-publish","4":"has-post-thumbnail","6":"product_cat-map-sensor","8":"first","9":"instock","10":"shipping-taxable","11":"product-type-simple"},"acf":[],"_links":{"self":[{"href":"https:\/\/bossensor.com\/pt\/wp-json\/wp\/v2\/product\/1281","targetHints":{"allow":["GET"]}}],"collection":[{"href":"https:\/\/bossensor.com\/pt\/wp-json\/wp\/v2\/product"}],"about":[{"href":"https:\/\/bossensor.com\/pt\/wp-json\/wp\/v2\/types\/product"}],"replies":[{"embeddable":true,"href":"https:\/\/bossensor.com\/pt\/wp-json\/wp\/v2\/comments?post=1281"}],"wp:featuredmedia":[{"embeddable":true,"href":"https:\/\/bossensor.com\/pt\/wp-json\/wp\/v2\/media\/1282"}],"wp:attachment":[{"href":"https:\/\/bossensor.com\/pt\/wp-json\/wp\/v2\/media?parent=1281"}],"wp:term":[{"taxonomy":"product_brand","embeddable":true,"href":"https:\/\/bossensor.com\/pt\/wp-json\/wp\/v2\/product_brand?post=1281"},{"taxonomy":"product_cat","embeddable":true,"href":"https:\/\/bossensor.com\/pt\/wp-json\/wp\/v2\/product_cat?post=1281"},{"taxonomy":"product_tag","embeddable":true,"href":"https:\/\/bossensor.com\/pt\/wp-json\/wp\/v2\/product_tag?post=1281"}],"curies":[{"name":"wp","href":"https:\/\/api.w.org\/{rel}","templated":true}]}}