{"id":1286,"date":"2025-11-02T07:34:13","date_gmt":"2025-11-02T15:34:13","guid":{"rendered":"https:\/\/bossensor.com\/?post_type=product&#038;p=1286"},"modified":"2025-11-02T07:34:14","modified_gmt":"2025-11-02T15:34:14","slug":"oem-12592017-map-sensor-5s8059-103245-for-gm-daewoo-buick-chevrolet-light-truck-intake-manifold-pressure-sensor-replacement","status":"publish","type":"product","link":"https:\/\/bossensor.com\/pt\/product\/oem-12592017-map-sensor-5s8059-103245-for-gm-daewoo-buick-chevrolet-light-truck-intake-manifold-pressure-sensor-replacement\/","title":{"rendered":"Sensor de Press\u00e3o do Coletor de Admiss\u00e3o OEM 12592017 MAP 5S8059 103245 para GM DAEWOO Buick Chevrolet Caminh\u00e3o Leve | Substitui\u00e7\u00e3o do Sensor de Press\u00e3o do Coletor de Admiss\u00e3o"},"content":{"rendered":"<p class=\"md-end-block md-p md-focus\"><span class=\"md-plain md-expand\">Fabricado com qualidade superior, o Sensor de Press&atilde;o Absoluta do Coletor (MAP) de substitui&ccedil;&atilde;o OEM 12592017 \/ 5S8059 \/ 103245 &eacute; projetado para detectar com precis&atilde;o a press&atilde;o do ar no coletor de admiss&atilde;o e oferecer alto desempenho para carros da GM, Buick, Chevrolet, Pontiac e Daewoo. Este sensor auxilia no c&aacute;lculo da quantidade correta de ar necess&aacute;ria na mistura ar-combust&iacute;vel para garantir pot&ecirc;ncia m&aacute;xima do motor, melhor economia de combust&iacute;vel e menores emiss&otilde;es.<\/span><\/p>\n<p class=\"md-end-block md-p\"><span class=\"md-plain\">O Sensor MAP padr&atilde;o OEM oferece leituras precisas e est&aacute;veis em todas as condi&ccedil;&otilde;es de condu&ccedil;&atilde;o e &eacute; constru&iacute;do para durar em qualquer caminhonete leve ou ve&iacute;culo de passageiros.<\/span><\/p>\n<h3 data-start=\"1591\" data-end=\"1623\"><strong data-start=\"1595\" data-end=\"1623\">Especifica&ccedil;&otilde;es T&eacute;cnicas<\/strong><\/h3>\n<div class=\"_tableContainer_1rjym_1\">\n<div class=\"group _tableWrapper_1rjym_13 flex w-fit flex-col-reverse\" tabindex=\"-1\">\n<table class=\"w-fit min-w-(--thread-content-width)\" data-start=\"1624\" data-end=\"2169\">\n<thead data-start=\"1624\" data-end=\"1655\">\n<tr data-start=\"1624\" data-end=\"1655\">\n<th data-start=\"1624\" data-end=\"1640\" data-col-size=\"sm\"><strong data-start=\"1626\" data-end=\"1639\">Par&acirc;metro<\/strong><\/th>\n<th data-start=\"1640\" data-end=\"1655\" data-col-size=\"md\"><strong data-start=\"1642\" data-end=\"1653\">Detalhes<\/strong><\/th>\n<\/tr>\n<\/thead>\n<tbody data-start=\"1689\" data-end=\"2169\">\n<tr data-start=\"1689\" data-end=\"1760\">\n<td data-start=\"1689\" data-end=\"1708\" data-col-size=\"sm\"><strong data-start=\"1691\" data-end=\"1707\">N&uacute;meros de Pe&ccedil;a<\/strong><\/td>\n<td data-start=\"1708\" data-end=\"1760\" data-col-size=\"md\">12592017, 5S8059, 103245, 2133847, AX135, TP0042<\/td>\n<\/tr>\n<tr data-start=\"1761\" data-end=\"1823\">\n<td data-start=\"1761\" data-end=\"1780\" data-col-size=\"sm\"><strong data-start=\"1763\" data-end=\"1779\">Tipo de Produto<\/strong><\/td>\n<td data-start=\"1780\" data-end=\"1823\" data-col-size=\"md\">Sensor de Press&atilde;o Absoluta do Coletor (MAP)<\/td>\n<\/tr>\n<tr data-start=\"1824\" data-end=\"1852\">\n<td data-start=\"1824\" data-end=\"1841\" data-col-size=\"sm\"><strong data-start=\"1826\" data-end=\"1840\">Nome da Marca<\/strong><\/td>\n<td data-start=\"1841\" data-end=\"1852\" data-col-size=\"md\">SENINSO<\/td>\n<\/tr>\n<tr data-start=\"1853\" data-end=\"1899\">\n<td data-start=\"1853\" data-end=\"1869\" data-col-size=\"sm\"><strong data-start=\"1855\" data-end=\"1868\">Condi&ccedil;&atilde;o<\/strong><\/td>\n<td data-start=\"1869\" data-end=\"1899\" data-col-size=\"md\">100% Novo, Qualidade Original<\/td>\n<\/tr>\n<tr data-start=\"1900\" data-end=\"1961\">\n<td data-start=\"1900\" data-end=\"1915\" data-col-size=\"sm\"><strong data-start=\"1902\" data-end=\"1914\">Material<\/strong><\/td>\n<td data-start=\"1915\" data-end=\"1961\" data-col-size=\"md\">Pl&aacute;stico de Alta Temperatura + Terminais Met&aacute;licos<\/td>\n<\/tr>\n<tr data-start=\"1962\" data-end=\"1991\">\n<td data-start=\"1962\" data-end=\"1982\" data-col-size=\"sm\"><strong data-start=\"1964\" data-end=\"1981\">Faixa de Tens&atilde;o<\/strong><\/td>\n<td data-start=\"1982\" data-end=\"1991\" data-col-size=\"md\">5V DC<\/td>\n<\/tr>\n<tr data-start=\"1992\" data-end=\"2015\">\n<td data-start=\"1992\" data-end=\"2005\" data-col-size=\"sm\"><strong data-start=\"1994\" data-end=\"2004\">Peso<\/strong><\/td>\n<td data-start=\"2005\" data-end=\"2015\" data-col-size=\"md\">0,1 kg<\/td>\n<\/tr>\n<tr data-start=\"2016\" data-end=\"2044\">\n<td data-start=\"2016\" data-end=\"2031\" data-col-size=\"sm\"><strong data-start=\"2018\" data-end=\"2030\">Garantia<\/strong><\/td>\n<td data-start=\"2031\" data-end=\"2044\" data-col-size=\"md\">12 Meses<\/td>\n<\/tr>\n<tr data-start=\"2045\" data-end=\"2085\">\n<td data-start=\"2045\" data-end=\"2065\" data-col-size=\"sm\"><strong data-start=\"2047\" data-end=\"2064\">Tempo de Entrega<\/strong><\/td>\n<td data-start=\"2065\" data-end=\"2085\" data-col-size=\"md\">3&ndash;7 Dias &Uacute;teis<\/td>\n<\/tr>\n<tr data-start=\"2086\" data-end=\"2135\">\n<td data-start=\"2086\" data-end=\"2100\" data-col-size=\"sm\"><strong data-start=\"2088\" data-end=\"2099\">Embalagem<\/strong><\/td>\n<td data-start=\"2100\" data-end=\"2135\" data-col-size=\"md\">Embalagem Neutra ou Personalizada<\/td>\n<\/tr>\n<tr data-start=\"2136\" data-end=\"2169\">\n<td data-start=\"2136\" data-end=\"2149\" data-col-size=\"sm\"><strong data-start=\"2138\" data-end=\"2148\">Origem<\/strong><\/td>\n<td data-start=\"2149\" data-end=\"2169\" data-col-size=\"md\">Guangdong, China<\/td>\n<\/tr>\n<\/tbody>\n<\/table>\n<\/div>\n<\/div>\n<h3 data-start=\"2176\" data-end=\"2203\"><strong data-start=\"2180\" data-end=\"2203\">Ve&iacute;culos Compat&iacute;veis<\/strong><\/h3>\n<p data-start=\"2204\" data-end=\"2297\">Este Sensor MAP se encaixa em uma ampla gama de ve&iacute;culos da fam&iacute;lia GM, incluindo caminhonetes leves e sed&atilde;s:<\/p>\n<h4 data-start=\"2299\" data-end=\"2313\"><strong data-start=\"2304\" data-end=\"2313\">Buick<\/strong><\/h4>\n<ul data-start=\"2314\" data-end=\"2333\">\n<li data-start=\"2314\" data-end=\"2333\">\n<p data-start=\"2316\" data-end=\"2333\">Regal (1976&ndash;2020)<\/p>\n<\/li>\n<\/ul>\n<h4 data-start=\"2335\" data-end=\"2353\"><strong data-start=\"2340\" data-end=\"2353\">Chevrolet<\/strong><\/h4>\n<ul data-start=\"2354\" data-end=\"2451\">\n<li data-start=\"2354\" data-end=\"2376\">\n<p data-start=\"2356\" data-end=\"2376\">Cobalto (2005&ndash;2020)<\/p>\n<\/li>\n<li data-start=\"2377\" data-end=\"2396\">\n<p data-start=\"2379\" data-end=\"2396\"><span class=\"mars-pro\" data-o=\"G2X (2007&ndash;2009)\">G2X (2007&ndash;2009)<\/span><\/p>\n<\/li>\n<li data-start=\"2397\" data-end=\"2416\">\n<p data-start=\"2399\" data-end=\"2416\"><span class=\"mars-pro\" data-o=\"HHR (2006&ndash;2011)\">HHR (2006&ndash;2011)<\/span><\/p>\n<\/li>\n<li data-start=\"2417\" data-end=\"2451\">\n<p data-start=\"2419\" data-end=\"2451\"><span class=\"mars-pro\" data-o=\"LT Truck Chevrolet (2006&ndash;2011)\">LT Truck Chevrolet (2006&ndash;2011)<\/span><\/p>\n<\/li>\n<\/ul>\n<h4 data-start=\"2453\" data-end=\"2469\"><strong data-start=\"2458\" data-end=\"2469\"><span class=\"mars-pro\" data-o=\"Pontiac\">Pontiac<\/span><\/strong><\/h4>\n<ul data-start=\"2470\" data-end=\"2492\">\n<li data-start=\"2470\" data-end=\"2492\">\n<p data-start=\"2472\" data-end=\"2492\"><span class=\"mars-pro\" data-o=\"Solstice (2006&ndash;2010)\">Solstice (2006&ndash;2010)<\/span><\/p>\n<\/li>\n<\/ul>\n<h4 data-start=\"2494\" data-end=\"2507\"><strong data-start=\"2499\" data-end=\"2507\"><span class=\"mars-pro\" data-o=\"Saab\">Saab<\/span><\/strong><\/h4>\n<ul data-start=\"2508\" data-end=\"2525\">\n<li data-start=\"2508\" data-end=\"2525\">\n<p data-start=\"2510\" data-end=\"2525\"><span class=\"mars-pro\" data-o=\"9-5 (2010&ndash;2011)\">9-5 (2010&ndash;2011)<\/span><\/p>\n<\/li>\n<\/ul>\n<h4 data-start=\"2527\" data-end=\"2545\"><strong data-start=\"2532\" data-end=\"2545\"><span class=\"mars-pro\" data-o=\"GM Daewoo\">GM Daewoo<\/span><\/strong><\/h4>\n<ul data-start=\"2546\" data-end=\"2563\">\n<li data-start=\"2546\" data-end=\"2563\">\n<p data-start=\"2548\" data-end=\"2563\"><span class=\"mars-pro\" data-o=\"G2X (2007&ndash;2009)\">G2X (2007&ndash;2009)<\/span><\/p>\n<\/li>\n<\/ul>\n<p data-start=\"2565\" data-end=\"2654\"><em data-start=\"2565\" data-end=\"2603\"><span class=\"mars-pro\" data-o=\"Interchangeable with OEM references:\">Interchangeable with OEM references:<\/span><\/em><br data-start=\"2603\" data-end=\"2606\">12592017, 5S8059, 103245, 2133847, AX135, TP0042<\/p>\n<h3 data-start=\"2661\" data-end=\"2677\"><strong data-start=\"2665\" data-end=\"2677\">Benef&iacute;cios<\/strong><\/h3>\n<ul data-start=\"2678\" data-end=\"3183\">\n<li data-start=\"2678\" data-end=\"2784\">\n<p data-start=\"2680\" data-end=\"2784\">&#128664; <strong data-start=\"2683\" data-end=\"2713\"><span class=\"mars-pro\" data-o=\"Enhances Engine Efficiency\">Enhances Engine Efficiency<\/span><\/strong><span class=\"mars-pro\" data-o=\" &ndash; Enables accurate air-fuel ratio adjustment for optimal combustion.\"> &ndash; Enables accurate air-fuel ratio adjustment for optimal combustion.<\/span><\/p>\n<\/li>\n<li data-start=\"2785\" data-end=\"2887\">\n<p data-start=\"2787\" data-end=\"2887\">&#127807; <strong data-start=\"2790\" data-end=\"2811\"><span class=\"mars-pro\" data-o=\"Reduces Emissions\">Reduces Emissions<\/span><\/strong><span class=\"mars-pro\" data-o=\" &ndash; Ensures clean exhaust by providing stable pressure feedback to the ECU.\"> &ndash; Ensures clean exhaust by providing stable pressure feedback to the ECU.<\/span><\/p>\n<\/li>\n<li data-start=\"2888\" data-end=\"2979\">\n<p data-start=\"2890\" data-end=\"2979\">&#9889; <strong data-start=\"2892\" data-end=\"2920\"><span class=\"mars-pro\" data-o=\"Boosts Throttle Response\">Boosts Throttle Response<\/span><\/strong><span class=\"mars-pro\" data-o=\" &ndash; Delivers faster acceleration and smoother performance.\"> &ndash; Delivers faster acceleration and smoother performance.<\/span><\/p>\n<\/li>\n<li data-start=\"2980\" data-end=\"3079\">\n<p data-start=\"2982\" data-end=\"3079\">&#128170; <strong data-start=\"2985\" data-end=\"3014\"><span class=\"mars-pro\" data-o=\"Reliable and Long-Lasting\">Reliable and Long-Lasting<\/span><\/strong><span class=\"mars-pro\" data-o=\" &ndash; Designed with OEM-grade materials for extended service life.\"> &ndash; Designed with OEM-grade materials for extended service life.<\/span><\/p>\n<\/li>\n<li data-start=\"3080\" data-end=\"3183\">\n<p data-start=\"3082\" data-end=\"3183\">&#128295; <strong data-start=\"3085\" data-end=\"3107\"><span class=\"mars-pro\" data-o=\"Quick Installation\">Quick Installation<\/span><\/strong><span class=\"mars-pro\" data-o=\" &ndash; Direct-fit design eliminates the need for extra tools or modifications.\"> &ndash; Direct-fit design eliminates the need for extra tools or modifications.<\/span><\/p>\n<\/li>\n<\/ul>\n<h3 data-start=\"3190\" data-end=\"3218\"><strong data-start=\"3194\" data-end=\"3218\">Embalagem e Entrega<\/strong><\/h3>\n<ul data-start=\"3219\" data-end=\"3455\">\n<li data-start=\"3219\" data-end=\"3299\">\n<p data-start=\"3221\" data-end=\"3299\">&#128230; <strong data-start=\"3224\" data-end=\"3238\">Embalagem:<\/strong><span class=\"mars-pro\" data-o=\" Anti-static bag + foam protection + neutral or custom box.\"> Anti-static bag + foam protection + neutral or custom box.<\/span><\/p>\n<\/li>\n<li data-start=\"3300\" data-end=\"3384\">\n<p data-start=\"3302\" data-end=\"3384\">&#128666; <strong data-start=\"3305\" data-end=\"3323\">Tempo de Entrega:<\/strong><span class=\"mars-pro\" data-o=\" Ships within 3&ndash;7 business days after payment confirmation.\"> Ships within 3&ndash;7 business days after payment confirmation.<\/span><\/p>\n<\/li>\n<li data-start=\"3385\" data-end=\"3455\">\n<p data-start=\"3387\" data-end=\"3455\">&#127757; <strong data-start=\"3390\" data-end=\"3411\">Op&ccedil;&otilde;es de Envio:<\/strong><span class=\"mars-pro\" data-o=\" DHL, FedEx, UPS, TNT, or air\/sea freight.\"> DHL, FedEx, UPS, TNT, or air\/sea freight.<\/span><\/p>\n<\/li>\n<\/ul>\n<h3 class=\"md-end-block md-heading\"><span class=\"md-pair-s \"><strong><span class=\"md-plain\">Caracter&iacute;sticas do Produto<\/span><\/strong><\/span><\/h3>\n<ul class=\"ul-list\" data-mark=\"-\">\n<li class=\"md-list-item\">\n<p class=\"md-end-block md-p\"><span class=\"md-pair-s \"><strong><span class=\"md-plain\">Substitui&ccedil;&atilde;o OEM Direta<\/span><\/strong><\/span><span class=\"md-plain\"><span class=\"mars-pro\" data-o=\" &ndash; Compatible with GM, Buick, Chevrolet, Pontiac, and Daewoo factory MAP sensors as an OEM replacement.\"> &ndash; Compatible with GM, Buick, Chevrolet, Pontiac, and Daewoo factory MAP sensors as an OEM replacement.<\/span><\/span><\/p>\n<\/li>\n<li class=\"md-list-item\">\n<p class=\"md-end-block md-p\"><span class=\"md-pair-s \"><strong><span class=\"md-plain\"><span class=\"mars-pro\" data-o=\"Accurate Pressure Readings\">Accurate Pressure Readings<\/span><\/span><\/strong><\/span><span class=\"md-plain\"><span class=\"mars-pro\" data-o=\" &ndash; Accurately detects manifold pressure for proper fuel injection and ignition timing.\"> &ndash; Accurately detects manifold pressure for proper fuel injection and ignition timing.<\/span><\/span><\/p>\n<\/li>\n<li class=\"md-list-item\">\n<p class=\"md-end-block md-p\"><span class=\"md-pair-s \"><strong><span class=\"md-plain\"><span class=\"mars-pro\" data-o=\"Enhanced Engine Performance\">Enhanced Engine Performance<\/span><\/span><\/strong><\/span><span class=\"md-plain\"><span class=\"mars-pro\" data-o=\" &ndash; Optimizes throttle response, fuel economy, and power.\"> &ndash; Optimizes throttle response, fuel economy, and power.<\/span><\/span><\/p>\n<\/li>\n<li class=\"md-list-item\">\n<p class=\"md-end-block md-p\"><span class=\"md-pair-s \"><strong><span class=\"md-plain\"><span class=\"mars-pro\" data-o=\"Durable Design\">Durable Design<\/span><\/span><\/strong><\/span><span class=\"md-plain\"><span class=\"mars-pro\" data-o=\" &ndash; High-temp resistant housing and corrosion-proof electrical connector.\"> &ndash; High-temp resistant housing and corrosion-proof electrical connector.<\/span><\/span><\/p>\n<\/li>\n<li class=\"md-list-item\">\n<p class=\"md-end-block md-p\"><span class=\"md-pair-s \"><strong><span class=\"md-plain\"><span class=\"mars-pro\" data-o=\"Plug and Play Fit\">Plug and Play Fit<\/span><\/span><\/strong><\/span><span class=\"md-plain\"><span class=\"mars-pro\" data-o=\" &ndash; Direct fit electrical connector allows easy installation without any additional tools.\"> &ndash; Direct fit electrical connector allows easy installation without any additional tools.<\/span><\/span><\/p>\n<\/li>\n<li class=\"md-list-item md-focus-container\">\n<p class=\"md-end-block md-p md-focus\"><span class=\"md-pair-s \"><strong><span class=\"md-plain\"><span class=\"mars-pro\" data-o=\"Fully Tested Quality\">Fully Tested Quality<\/span><\/span><\/strong><\/span><span class=\"md-plain md-expand\"><span class=\"mars-pro\" data-o=\" &ndash; Each sensor is 100% tested for accuracy, stability and output signal.\"> &ndash; Each sensor is 100% tested for accuracy, stability and output signal.<\/span><\/span><\/p>\n<\/li>\n<\/ul>\n<","protected":false},"excerpt":{"rendered":"<p>Fabricado com qualidade superior, o Sensor de Press&atilde;o Absoluta do Coletor (MAP) de substitui&ccedil;&atilde;o OEM 12592017 \/ 5S8059 \/ 103245 &eacute; projetado para detectar com precis&atilde;o a press&atilde;o do ar no coletor de admiss&atilde;o e oferecer alto desempenho para carros da GM, Buick, Chevrolet, Pontiac e Daewoo. Este sensor auxilia no c&aacute;lculo da quantidade correta [&#8230;]\n","protected":false},"featured_media":1291,"comment_status":"open","ping_status":"closed","template":"","meta":{"_acf_changed":false},"product_brand":[],"product_cat":[76],"product_tag":[],"class_list":{"0":"post-1286","1":"product","2":"type-product","3":"status-publish","4":"has-post-thumbnail","6":"product_cat-map-sensor","8":"first","9":"instock","10":"shipping-taxable","11":"product-type-simple"},"acf":[],"_links":{"self":[{"href":"https:\/\/bossensor.com\/pt\/wp-json\/wp\/v2\/product\/1286","targetHints":{"allow":["GET"]}}],"collection":[{"href":"https:\/\/bossensor.com\/pt\/wp-json\/wp\/v2\/product"}],"about":[{"href":"https:\/\/bossensor.com\/pt\/wp-json\/wp\/v2\/types\/product"}],"replies":[{"embeddable":true,"href":"https:\/\/bossensor.com\/pt\/wp-json\/wp\/v2\/comments?post=1286"}],"wp:featuredmedia":[{"embeddable":true,"href":"https:\/\/bossensor.com\/pt\/wp-json\/wp\/v2\/media\/1291"}],"wp:attachment":[{"href":"https:\/\/bossensor.com\/pt\/wp-json\/wp\/v2\/media?parent=1286"}],"wp:term":[{"taxonomy":"product_brand","embeddable":true,"href":"https:\/\/bossensor.com\/pt\/wp-json\/wp\/v2\/product_brand?post=1286"},{"taxonomy":"product_cat","embeddable":true,"href":"https:\/\/bossensor.com\/pt\/wp-json\/wp\/v2\/product_cat?post=1286"},{"taxonomy":"product_tag","embeddable":true,"href":"https:\/\/bossensor.com\/pt\/wp-json\/wp\/v2\/product_tag?post=1286"}],"curies":[{"name":"wp","href":"https:\/\/api.w.org\/{rel}","templated":true}]}}