{"id":1293,"date":"2025-11-02T07:41:51","date_gmt":"2025-11-02T15:41:51","guid":{"rendered":"https:\/\/bossensor.com\/?post_type=product&#038;p=1293"},"modified":"2025-11-06T08:08:58","modified_gmt":"2025-11-06T16:08:58","slug":"original-55573249-map-sensor-as619-5s13833-su15239-for-buick-envision-cadillac-chevrolet-turbo-boost-manifold-pressure-sensor","status":"publish","type":"product","link":"https:\/\/bossensor.com\/pt\/product\/original-55573249-map-sensor-as619-5s13833-su15239-for-buick-envision-cadillac-chevrolet-turbo-boost-manifold-pressure-sensor\/","title":{"rendered":"Sensor de Press\u00e3o do Coletor de Admiss\u00e3o 55573249 MAP AS619 5S13833 SU15239 para Buick Envision Cadillac Chevrolet | Sensor de Press\u00e3o do Turbo"},"content":{"rendered":"<p class=\"md-end-block md-p md-focus\"><span class=\"md-plain md-expand\">O Sensor de Press&atilde;o Absoluta do Coletor (MAP) 55573249 \/ AS619 \/ 5S13833 \/ SU15239 &eacute; uma substitui&ccedil;&atilde;o de alta qualidade para Buick, Cadillac, Chevrolet e GMC.<\/span><\/p>\n<p class=\"md-end-block md-p\"><span class=\"md-plain\">Um sensor MAP &eacute; um dispositivo projetado pelo fabricante que l&ecirc; a press&atilde;o do ar dentro do coletor de admiss&atilde;o, bem como a quantidade de sobrealimenta&ccedil;&atilde;o do turbo, se equipado, para ajudar a controlar a quantidade correta de combust&iacute;vel a ser misturada com o ar para a melhor efici&ecirc;ncia de combust&atilde;o.<\/span><\/p>\n<p class=\"md-end-block md-p\"><span class=\"md-plain\">Se voc&ecirc; possui um Buick Envision, Chevrolet Cruze, Cadillac CTS, GMC Terrain ou qualquer outro ve&iacute;culo da GM, este sensor MAP de alta qualidade ajudar&aacute; voc&ecirc; a manter a precis&atilde;o de n&iacute;vel de f&aacute;brica, a resposta do acelerador e a efici&ecirc;ncia de combust&iacute;vel que voc&ecirc; espera do seu carro ou caminhonete, independentemente das condi&ccedil;&otilde;es de dire&ccedil;&atilde;o que enfrentar.<\/span><\/p>\n<h3 class=\"md-end-block md-heading\"><strong><span class=\"md-plain\">Principais Caracter&iacute;sticas<\/span><\/strong><\/h3>\n<ul class=\"ul-list\" data-mark=\"*\">\n<li class=\"md-list-item\">\n<p class=\"md-end-block md-p\"><span class=\"md-pair-s \"><strong><span class=\"md-plain\">Compatibilidade Direta OEM\/Fun&ccedil;&atilde;o<\/span><\/strong><\/span><span class=\"md-plain\">&ndash; Projetado como substitui&ccedil;&atilde;o direta para os n&uacute;meros de pe&ccedil;as originais 55573249, AS619, 5S13833, SU15239, MA0065, com instala&ccedil;&atilde;o plug-and-play.<\/span><\/p>\n<\/li>\n<li class=\"md-list-item\">\n<p class=\"md-end-block md-p\"><span class=\"md-pair-s \"><strong><span class=\"md-plain\">Medi&ccedil;&atilde;o Precisa de Press&atilde;o<\/span><\/strong><\/span><span class=\"md-plain\">&ndash; Medi&ccedil;&atilde;o precisa e est&aacute;vel da press&atilde;o de admiss&atilde;o e sobrealimenta&ccedil;&atilde;o para uma mistura ar\/combust&iacute;vel ideal.<\/span><\/p>\n<\/li>\n<li class=\"md-list-item\">\n<p class=\"md-end-block md-p\"><span class=\"md-pair-s \"><strong><span class=\"md-plain\">Melhoria da Efici&ecirc;ncia do Motor<\/span><\/strong><\/span><span class=\"md-plain\">&ndash; Economia de combust&iacute;vel aprimorada, emiss&otilde;es mais baixas e acelera&ccedil;&atilde;o mais suave<\/span><\/p>\n<\/li>\n<li class=\"md-list-item\">\n<p class=\"md-end-block md-p\"><span class=\"md-pair-s \"><strong><span class=\"md-plain\">Robusto e Confi&aacute;vel<\/span><\/strong><\/span><span class=\"md-plain\">Fabricado a partir de materiais projetados para operar em temperaturas muito altas para estabilidade de longo prazo.<\/span><\/p>\n<\/li>\n<li class=\"md-list-item\">\n<p class=\"md-end-block md-p\"><span class=\"md-pair-s \"><strong><span class=\"md-plain\">Testado de Qualidade<\/span><\/strong><\/span><span class=\"md-plain\">&ndash; Testes de 100% de funcionalidade, estabilidade de sinal e durabilidade ambiental em cada sensor antes do envio.<\/span><\/p>\n<\/li>\n<\/ul>\n<h3 data-start=\"1780\" data-end=\"1812\"><strong data-start=\"1784\" data-end=\"1812\">Especifica&ccedil;&otilde;es T&eacute;cnicas<\/strong><\/h3>\n<div class=\"_tableContainer_1rjym_1\">\n<div class=\"group _tableWrapper_1rjym_13 flex w-fit flex-col-reverse\" tabindex=\"-1\">\n<table class=\"w-fit min-w-(--thread-content-width)\" data-start=\"1813\" data-end=\"2441\">\n<thead data-start=\"1813\" data-end=\"1844\">\n<tr data-start=\"1813\" data-end=\"1844\">\n<th data-start=\"1813\" data-end=\"1829\" data-col-size=\"sm\"><strong data-start=\"1815\" data-end=\"1828\">Par&acirc;metro<\/strong><\/th>\n<th data-start=\"1829\" data-end=\"1844\" data-col-size=\"md\"><strong data-start=\"1831\" data-end=\"1842\">Detalhes<\/strong><\/th>\n<\/tr>\n<\/thead>\n<tbody data-start=\"1878\" data-end=\"2441\">\n<tr data-start=\"1878\" data-end=\"1942\">\n<td data-start=\"1878\" data-end=\"1897\" data-col-size=\"sm\"><strong data-start=\"1880\" data-end=\"1896\">N&uacute;meros de Pe&ccedil;a<\/strong><\/td>\n<td data-start=\"1897\" data-end=\"1942\" data-col-size=\"md\">55573249, AS619, 5S13833, SU15239, MA0065<\/td>\n<\/tr>\n<tr data-start=\"1943\" data-end=\"2017\">\n<td data-start=\"1943\" data-end=\"1962\" data-col-size=\"sm\"><strong data-start=\"1945\" data-end=\"1961\">Nome do Produto<\/strong><\/td>\n<td data-start=\"1962\" data-end=\"2017\" data-col-size=\"md\">Sensor de Press&atilde;o Absoluta do Coletor (MAP) do Turbo Boost<\/td>\n<\/tr>\n<tr data-start=\"2018\" data-end=\"2048\">\n<td data-start=\"2018\" data-end=\"2029\" data-col-size=\"sm\"><strong data-start=\"2020\" data-end=\"2028\">Tipo<\/strong><\/td>\n<td data-start=\"2029\" data-end=\"2048\" data-col-size=\"md\">Sensor de Press&atilde;o<\/td>\n<\/tr>\n<tr data-start=\"2049\" data-end=\"2072\">\n<td data-start=\"2049\" data-end=\"2061\" data-col-size=\"sm\"><strong data-start=\"2051\" data-end=\"2060\">Marca<\/strong><\/td>\n<td data-start=\"2061\" data-end=\"2072\" data-col-size=\"md\">SENINSO<\/td>\n<\/tr>\n<tr data-start=\"2073\" data-end=\"2119\">\n<td data-start=\"2073\" data-end=\"2089\" data-col-size=\"sm\"><strong data-start=\"2075\" data-end=\"2088\">Condi&ccedil;&atilde;o<\/strong><\/td>\n<td data-start=\"2089\" data-end=\"2119\" data-col-size=\"md\">100% Novo, Qualidade Original<\/td>\n<\/tr>\n<tr data-start=\"2120\" data-end=\"2169\">\n<td data-start=\"2120\" data-end=\"2135\" data-col-size=\"sm\"><strong data-start=\"2122\" data-end=\"2134\">Material<\/strong><\/td>\n<td data-start=\"2135\" data-end=\"2169\" data-col-size=\"md\">PPS+Metal+Pl&aacute;stico de Alta Densidade<\/td>\n<\/tr>\n<tr data-start=\"2170\" data-end=\"2193\">\n<td data-start=\"2170\" data-end=\"2183\" data-col-size=\"sm\"><strong data-start=\"2172\" data-end=\"2182\">Peso<\/strong><\/td>\n<td data-start=\"2183\" data-end=\"2193\" data-col-size=\"md\">0,1 kg<\/td>\n<\/tr>\n<tr data-start=\"2194\" data-end=\"2223\">\n<td data-start=\"2194\" data-end=\"2214\" data-col-size=\"sm\"><strong data-start=\"2196\" data-end=\"2213\">Faixa de Tens&atilde;o<\/strong><\/td>\n<td data-start=\"2214\" data-end=\"2223\" data-col-size=\"md\">5V DC<\/td>\n<\/tr>\n<tr data-start=\"2224\" data-end=\"2252\">\n<td data-start=\"2224\" data-end=\"2239\" data-col-size=\"sm\"><strong data-start=\"2226\" data-end=\"2238\">Garantia<\/strong><\/td>\n<td data-start=\"2239\" data-end=\"2252\" data-col-size=\"md\">12 Meses<\/td>\n<\/tr>\n<tr data-start=\"2253\" data-end=\"2286\">\n<td data-start=\"2253\" data-end=\"2266\" data-col-size=\"sm\"><strong data-start=\"2255\" data-end=\"2265\">Origem<\/strong><\/td>\n<td data-start=\"2266\" data-end=\"2286\" data-col-size=\"md\">Guangdong, China<\/td>\n<\/tr>\n<tr data-start=\"2287\" data-end=\"2327\">\n<td data-start=\"2287\" data-end=\"2307\" data-col-size=\"sm\"><strong data-start=\"2289\" data-end=\"2306\">Tempo de Entrega<\/strong><\/td>\n<td data-start=\"2307\" data-end=\"2327\" data-col-size=\"md\">3&ndash;7 Dias &Uacute;teis<\/td>\n<\/tr>\n<tr data-start=\"2328\" data-end=\"2376\">\n<td data-start=\"2328\" data-end=\"2342\" data-col-size=\"sm\"><strong data-start=\"2330\" data-end=\"2341\">Embalagem<\/strong><\/td>\n<td data-start=\"2342\" data-end=\"2376\" data-col-size=\"md\">Caixa Neutra \/ Embalagem Personalizada<\/td>\n<\/tr>\n<tr data-start=\"2377\" data-end=\"2441\">\n<td data-start=\"2377\" data-end=\"2397\" data-col-size=\"sm\"><strong data-start=\"2379\" data-end=\"2396\">Certifica&ccedil;&atilde;o<\/strong><\/td>\n<td data-start=\"2397\" data-end=\"2441\" data-col-size=\"md\">ISO\/TS 16949 Norma de Qualidade Automotiva<\/td>\n<\/tr>\n<\/tbody>\n<\/table>\n<\/div>\n<\/div>\n<h3 data-start=\"2448\" data-end=\"2475\"><strong data-start=\"2452\" data-end=\"2475\">Ve&iacute;culos Compat&iacute;veis<\/strong><\/h3>\n<h4 data-start=\"2477\" data-end=\"2495\"><strong data-start=\"2482\" data-end=\"2495\">Chevrolet<\/strong><\/h4>\n<ul data-start=\"2496\" data-end=\"2601\">\n<li data-start=\"2496\" data-end=\"2546\">\n<p data-start=\"2498\" data-end=\"2546\">Cruze (EUA, Canad&aacute; e modelos fora dos EUA) &ndash; 2011&ndash;2019<\/p>\n<\/li>\n<li data-start=\"2547\" data-end=\"2570\">\n<p data-start=\"2549\" data-end=\"2570\">Equin&oacute;cio &ndash; 2005&ndash;2023<\/p>\n<\/li>\n<li data-start=\"2571\" data-end=\"2601\">\n<p data-start=\"2573\" data-end=\"2601\">Tracker \/ Trax &ndash; 2013&ndash;2022<\/p>\n<\/li>\n<\/ul>\n<h4 data-start=\"2603\" data-end=\"2617\"><strong data-start=\"2608\" data-end=\"2617\">Buick<\/strong><\/h4>\n<ul data-start=\"2618\" data-end=\"2701\">\n<li data-start=\"2618\" data-end=\"2642\">\n<p data-start=\"2620\" data-end=\"2642\">Envisionar &ndash; 2016&ndash;2023<\/p>\n<\/li>\n<li data-start=\"2643\" data-end=\"2665\">\n<p data-start=\"2645\" data-end=\"2665\">Encore &ndash; 2013&ndash;2022<\/p>\n<\/li>\n<li data-start=\"2666\" data-end=\"2701\">\n<p data-start=\"2668\" data-end=\"2701\">Cascada Convers&iacute;vel &ndash; 2016&ndash;2019<\/p>\n<\/li>\n<\/ul>\n<h4 data-start=\"2703\" data-end=\"2720\"><strong data-start=\"2708\" data-end=\"2720\">Cadillac<\/strong><\/h4>\n<ul data-start=\"2721\" data-end=\"2789\">\n<li data-start=\"2721\" data-end=\"2746\">\n<p data-start=\"2723\" data-end=\"2746\">CTS Sed&atilde; &ndash; 2005&ndash;2019<\/p>\n<\/li>\n<li data-start=\"2747\" data-end=\"2789\">\n<p data-start=\"2749\" data-end=\"2789\">S&eacute;rie ATS-V Cup&ecirc; \/ Sed&atilde; &ndash; 2016&ndash;2019<\/p>\n<\/li>\n<\/ul>\n<h4 data-start=\"2791\" data-end=\"2803\"><strong data-start=\"2796\" data-end=\"2803\">GMC<\/strong><\/h4>\n<ul data-start=\"2804\" data-end=\"2827\">\n<li data-start=\"2804\" data-end=\"2827\">\n<p data-start=\"2806\" data-end=\"2827\">Terreno &ndash; 2010&ndash;2023<\/p>\n<\/li>\n<\/ul>\n<h4 data-start=\"2829\" data-end=\"2862\"><strong data-start=\"2834\" data-end=\"2862\">Aplica&ccedil;&otilde;es para Caminh&otilde;es Leves<\/strong><\/h4>\n<ul data-start=\"2863\" data-end=\"3004\">\n<li data-start=\"2863\" data-end=\"2921\">\n<p data-start=\"2865\" data-end=\"2921\">Chevrolet Trax (2WD, AWD, Canad&aacute; e M&eacute;xico) &ndash; 2013&ndash;2021<\/p>\n<\/li>\n<li data-start=\"2922\" data-end=\"2964\">\n<p data-start=\"2924\" data-end=\"2964\">Buick Envision (Tra&ccedil;&atilde;o nas Quatro Rodas e Tra&ccedil;&atilde;o nas Duas Rodas) &ndash; 2017&ndash;2021<\/p>\n<\/li>\n<li data-start=\"2965\" data-end=\"3004\">\n<p data-start=\"2967\" data-end=\"3004\">GMC Terrain (2WD e AWD) &ndash; 2018&ndash;2021<\/p>\n<\/li>\n<\/ul>\n<p data-start=\"3006\" data-end=\"3085\"><em data-start=\"3006\" data-end=\"3041\">Intercambi&aacute;vel com N&uacute;meros OEM:<\/em><br data-start=\"3041\" data-end=\"3044\">55573249, AS619, 5S13833, SU15239, MA0065<\/p>\n<h3 data-start=\"3092\" data-end=\"3108\"><strong data-start=\"3096\" data-end=\"3108\">Benef&iacute;cios<\/strong><\/h3>\n<ul data-start=\"3109\" data-end=\"3629\">\n<li data-start=\"3109\" data-end=\"3215\">\n<p data-start=\"3111\" data-end=\"3215\">&#128664; <strong data-start=\"3114\" data-end=\"3148\">Melhoria na Resposta do Motor<\/strong>&ndash; Garante o momento ideal de combust&atilde;o e uma rea&ccedil;&atilde;o r&aacute;pida do acelerador.<\/p>\n<\/li>\n<li data-start=\"3216\" data-end=\"3305\">\n<p data-start=\"3218\" data-end=\"3305\">&#127807; <strong data-start=\"3221\" data-end=\"3249\">Consumo de Combust&iacute;vel Reduzido<\/strong>&ndash; Mant&eacute;m a propor&ccedil;&atilde;o ideal de ar-combust&iacute;vel para maximizar a quilometragem.<\/p>\n<\/li>\n<li data-start=\"3306\" data-end=\"3416\">\n<p data-start=\"3308\" data-end=\"3416\">&#9889; <strong data-start=\"3310\" data-end=\"3338\">Desempenho Turbo Est&aacute;vel<\/strong>&ndash; Suporta feedback preciso da press&atilde;o do turbo para uma acelera&ccedil;&atilde;o mais suave.<\/p>\n<\/li>\n<li data-start=\"3417\" data-end=\"3526\">\n<p data-start=\"3419\" data-end=\"3526\">&#128295; <strong data-start=\"3422\" data-end=\"3449\">Durabilidade de Longa Dura&ccedil;&atilde;o<\/strong>&ndash; Resistente a vibra&ccedil;&atilde;o, corros&atilde;o e ambientes de temperatura extrema.<\/p>\n<\/li>\n<li data-start=\"3527\" data-end=\"3629\">\n<p data-start=\"3529\" data-end=\"3629\">&#128267; <strong data-start=\"3532\" data-end=\"3561\">Substitui&ccedil;&atilde;o Plug-and-Play<\/strong>&ndash; Economiza tempo de instala&ccedil;&atilde;o com conectores e suportes compat&iacute;veis com OEM.<\/p>\n<\/li>\n<\/ul>\n<h3 data-start=\"3636\" data-end=\"3664\"><strong data-start=\"3640\" data-end=\"3664\">Embalagem e Entrega<\/strong><\/h3>\n<ul data-start=\"3665\" data-end=\"3923\">\n<li data-start=\"3665\" data-end=\"3762\">\n<p data-start=\"3667\" data-end=\"3762\">&#128230; <strong data-start=\"3670\" data-end=\"3684\">Embalagem:<\/strong>Saco de prote&ccedil;&atilde;o antiest&aacute;tica + espuma de amortecimento + caixa de cor neutra ou personalizada.<\/p>\n<\/li>\n<li data-start=\"3763\" data-end=\"3832\">\n<p data-start=\"3765\" data-end=\"3832\">&#128666; <strong data-start=\"3768\" data-end=\"3786\">Tempo de Entrega:<\/strong>3 a 7 dias &uacute;teis ap&oacute;s a confirma&ccedil;&atilde;o do pedido.<\/p>\n<\/li>\n<li data-start=\"3833\" data-end=\"3923\">\n<p data-start=\"3835\" data-end=\"3923\">&#127757; <strong data-start=\"3838\" data-end=\"3859\">Op&ccedil;&otilde;es de Envio:<\/strong>DHL, FedEx, UPS, TNT, transporte a&eacute;reo ou envio mar&iacute;timo dispon&iacute;veis.<\/p>\n<\/li>\n<\/ul>\n<h3 class=\"md-end-block md-p\"><span class=\"md-pair-s \"><strong><span class=\"md-plain\">Por que confiar na SENINSO para sensores automotivos?<\/span><\/strong><\/span><\/h3>\n<ul class=\"ul-list\" data-mark=\"+\">\n<li class=\"md-list-item\">\n<p class=\"md-end-block md-p\"><span class=\"md-plain\">Mais de 10 anos de experi&ecirc;ncia na fabrica&ccedil;&atilde;o profissional de Sensores Automotivos de qualidade OEM.<\/span><\/p>\n<\/li>\n<li class=\"md-list-item\">\n<p class=\"md-end-block md-p\"><span class=\"md-plain\">Designo avan&ccedil;ado de microchips para melhor estabilidade de sinal<\/span><\/p>\n<\/li>\n<li class=\"md-list-item\">\n<p class=\"md-end-block md-p\"><span class=\"md-plain\">Cada sensor &eacute; testado 100% quanto &agrave; consist&ecirc;ncia de sa&iacute;da, integridade el&eacute;trica e calibra&ccedil;&atilde;o da faixa de press&atilde;o.<\/span><\/p>\n<\/li>\n<li class=\"md-list-item\">\n<p class=\"md-end-block md-p\"><span class=\"md-plain\">Confiado por centenas de distribuidores e oficinas de reparo na Europa, Am&eacute;rica do Norte e &Aacute;sia.<\/span><\/p>\n<\/li>\n<li class=\"md-list-item md-focus-container\">\n<p class=\"md-end-block md-p md-focus\"><span class=\"md-plain md-expand\">Garantia de 12 meses com suporte t&eacute;cnico profissional completo.<\/span><\/p>\n<\/li>\n<\/ul>\n<","protected":false},"excerpt":{"rendered":"<p>O Sensor de Press&atilde;o Absoluta do Coletor (MAP) 55573249 \/ AS619 \/ 5S13833 \/ SU15239 &eacute; uma substitui&ccedil;&atilde;o de alta qualidade para Buick, Cadillac, Chevrolet e GMC. Um sensor MAP &eacute; um dispositivo projetado pelo fabricante que l&ecirc; a press&atilde;o do ar dentro do coletor de admiss&atilde;o, bem como a quantidade de sobrealimenta&ccedil;&atilde;o do turbo, [&#8230;]\n","protected":false},"featured_media":1296,"comment_status":"open","ping_status":"closed","template":"","meta":{"_acf_changed":false},"product_brand":[],"product_cat":[76],"product_tag":[],"class_list":{"0":"post-1293","1":"product","2":"type-product","3":"status-publish","4":"has-post-thumbnail","6":"product_cat-map-sensor","8":"first","9":"instock","10":"featured","11":"shipping-taxable","12":"product-type-simple"},"acf":[],"_links":{"self":[{"href":"https:\/\/bossensor.com\/pt\/wp-json\/wp\/v2\/product\/1293","targetHints":{"allow":["GET"]}}],"collection":[{"href":"https:\/\/bossensor.com\/pt\/wp-json\/wp\/v2\/product"}],"about":[{"href":"https:\/\/bossensor.com\/pt\/wp-json\/wp\/v2\/types\/product"}],"replies":[{"embeddable":true,"href":"https:\/\/bossensor.com\/pt\/wp-json\/wp\/v2\/comments?post=1293"}],"wp:featuredmedia":[{"embeddable":true,"href":"https:\/\/bossensor.com\/pt\/wp-json\/wp\/v2\/media\/1296"}],"wp:attachment":[{"href":"https:\/\/bossensor.com\/pt\/wp-json\/wp\/v2\/media?parent=1293"}],"wp:term":[{"taxonomy":"product_brand","embeddable":true,"href":"https:\/\/bossensor.com\/pt\/wp-json\/wp\/v2\/product_brand?post=1293"},{"taxonomy":"product_cat","embeddable":true,"href":"https:\/\/bossensor.com\/pt\/wp-json\/wp\/v2\/product_cat?post=1293"},{"taxonomy":"product_tag","embeddable":true,"href":"https:\/\/bossensor.com\/pt\/wp-json\/wp\/v2\/product_tag?post=1293"}],"curies":[{"name":"wp","href":"https:\/\/api.w.org\/{rel}","templated":true}]}}