{"id":1300,"date":"2025-11-02T07:48:45","date_gmt":"2025-11-02T15:48:45","guid":{"rendered":"https:\/\/bossensor.com\/?post_type=product&#038;p=1300"},"modified":"2025-11-06T08:10:12","modified_gmt":"2025-11-06T16:10:12","slug":"bosch-type-map-sensor-0281002576-0281006102-for-volvo-fh-fm-fe-renault-trucks-oem-manifold-pressure-sensor","status":"publish","type":"product","link":"https:\/\/bossensor.com\/pt\/product\/bosch-type-map-sensor-0281002576-0281006102-for-volvo-fh-fm-fe-renault-trucks-oem-manifold-pressure-sensor\/","title":{"rendered":"Sensor de Press\u00e3o do Coletor de Admiss\u00e3o Bosch Tipo 0281002576 0281006102 para Volvo FH FM FE Caminh\u00f5es Renault | Sensor de Press\u00e3o do Coletor OEM"},"content":{"rendered":"<p class=\"md-end-block md-p md-focus\"><span class=\"md-plain md-expand\">A<\/span><span class=\"md-pair-s \"><strong><span class=\"md-plain\">Sensor MAP Tipo Bosch 0281002576 \/ 0281006102<\/span><\/strong><\/span><span class=\"md-plain\">&eacute; de alta qualidade<\/span><span class=\"md-pair-s \"><strong><span class=\"md-plain\">Sensor de Press&atilde;o Absoluta do Coletor<\/span><\/strong><\/span><span class=\"md-plain\">isso &eacute; usado para<\/span><span class=\"md-pair-s \"><strong><span class=\"md-plain\">Volvo<\/span><\/strong><\/span><span class=\"md-plain\">, <\/span><span class=\"md-pair-s \"><strong><span class=\"md-plain\">Renault Caminh&otilde;es<\/span><\/strong><\/span><span class=\"md-plain\">, <\/span><span class=\"md-pair-s \"><strong><span class=\"md-plain\">Iveco<\/span><\/strong><\/span><span class=\"md-plain\">e<\/span><span class=\"md-pair-s \"><strong><span class=\"md-plain\">Ford Cargo<\/span><\/strong><\/span><span class=\"md-plain\">motores.<\/span> <span class=\"md-plain\">O sensor MAP mede a press&atilde;o do coletor de admiss&atilde;o e desempenha um papel importante na calibra&ccedil;&atilde;o da propor&ccedil;&atilde;o correta de ar\/combust&iacute;vel, o que resulta em uma melhor combust&atilde;o, maior economia de combust&iacute;vel e menos emiss&otilde;es.<\/span><\/p>\n<p class=\"md-end-block md-p\"><span class=\"md-plain\">O sensor possui qualidade OEM, encaixe direto e oferece desempenho confi&aacute;vel em motores diesel de alta resist&ecirc;ncia, como<\/span><span class=\"md-pair-s \"><strong><span class=\"md-plain\">Volvo FH, FM, FE<\/span><\/strong><\/span><span class=\"md-plain\">e<\/span><span class=\"md-pair-s \"><strong><span class=\"md-plain\">Renault Premium\/Magnum<\/span><\/strong><\/span><span class=\"md-plain\">.<\/span><\/p>\n<h3 class=\"md-end-block md-heading\"><span class=\"md-pair-s \"><strong><span class=\"md-plain\">Caracter&iacute;sticas<\/span><\/strong><\/span><\/h3>\n<ul class=\"ul-list\" data-mark=\"*\">\n<li class=\"md-list-item\">\n<p class=\"md-end-block md-p\"><span class=\"md-plain\">Design tipo Bosch: Este sensor MAP est&aacute; equipado com a tecnologia de detec&ccedil;&atilde;o da Bosch, que oferece precis&atilde;o e desempenho superiores.<\/span><\/p>\n<\/li>\n<li class=\"md-list-item\">\n<p class=\"md-end-block md-p\"><span class=\"md-plain\">Sensoriamento de Press&atilde;o Preciso: O sensor de alta precis&atilde;o fornece leituras da press&atilde;o do ar do coletor em tempo real para garantir o desempenho est&aacute;vel do motor, maior pot&ecirc;ncia e melhor efici&ecirc;ncia de combust&iacute;vel.<\/span><\/p>\n<\/li>\n<li class=\"md-list-item\">\n<p class=\"md-end-block md-p\"><span class=\"md-plain\">Substitui&ccedil;&atilde;o OEM Direta: O sensor &eacute; uma substitui&ccedil;&atilde;o direta para os n&uacute;meros OE<\/span><span class=\"md-pair-s \"><em><span class=\"md-plain\">0281002576, 0281006102, 0281002743, 2S0906051<\/span><\/em><\/span><span class=\"md-plain\">sem qualquer modifica&ccedil;&atilde;o adicional.<\/span><\/p>\n<\/li>\n<li class=\"md-list-item\">\n<p class=\"md-end-block md-p\"><span class=\"md-plain\">Habita&ccedil;&atilde;o Dur&aacute;vel: Constru&iacute;da com pl&aacute;stico premium e liga met&aacute;lica para resist&ecirc;ncia a vibra&ccedil;&atilde;o, temperatura e corros&atilde;o.<\/span><\/p>\n<\/li>\n<li class=\"md-list-item\">\n<p class=\"md-end-block md-p\"><span class=\"md-plain\">Instala&ccedil;&atilde;o Plug and Play: O conector de estilo OE &eacute; f&aacute;cil de conectar e oferece um encaixe seguro para substitui&ccedil;&atilde;o r&aacute;pida.<\/span><\/p>\n<\/li>\n<li class=\"md-list-item\">\n<p class=\"md-end-block md-p\"><span class=\"md-plain\">Testado em Desempenho: Cada sensor MAP &eacute; 100% testado para garantir precis&atilde;o de sinal, tempo de resposta r&aacute;pido e estabilidade a longo prazo.<\/span><\/p>\n<\/li>\n<\/ul>\n<h3 data-start=\"1783\" data-end=\"1815\"><strong data-start=\"1787\" data-end=\"1815\">Especifica&ccedil;&otilde;es T&eacute;cnicas<\/strong><\/h3>\n<div class=\"_tableContainer_1rjym_1\">\n<div class=\"group _tableWrapper_1rjym_13 flex w-fit flex-col-reverse\" tabindex=\"-1\">\n<table class=\"w-fit min-w-(--thread-content-width)\" data-start=\"1816\" data-end=\"2361\">\n<thead data-start=\"1816\" data-end=\"1847\">\n<tr data-start=\"1816\" data-end=\"1847\">\n<th data-start=\"1816\" data-end=\"1832\" data-col-size=\"sm\"><strong data-start=\"1818\" data-end=\"1831\">Par&acirc;metro<\/strong><\/th>\n<th data-start=\"1832\" data-end=\"1847\" data-col-size=\"md\"><strong data-start=\"1834\" data-end=\"1845\">Detalhes<\/strong><\/th>\n<\/tr>\n<\/thead>\n<tbody data-start=\"1881\" data-end=\"2361\">\n<tr data-start=\"1881\" data-end=\"1952\">\n<td data-start=\"1881\" data-end=\"1900\" data-col-size=\"sm\"><strong data-start=\"1883\" data-end=\"1899\">N&uacute;meros de Pe&ccedil;a<\/strong><\/td>\n<td data-start=\"1900\" data-end=\"1952\" data-col-size=\"md\">0281002576 \/ 0281006102 \/ 0281002743 \/ 2S0906051<\/td>\n<\/tr>\n<tr data-start=\"1953\" data-end=\"2015\">\n<td data-start=\"1953\" data-end=\"1972\" data-col-size=\"sm\"><strong data-start=\"1955\" data-end=\"1971\">Nome do Produto<\/strong><\/td>\n<td data-start=\"1972\" data-end=\"2015\" data-col-size=\"md\">Sensor de Press&atilde;o Absoluta do Coletor (MAP)<\/td>\n<\/tr>\n<tr data-start=\"2016\" data-end=\"2062\">\n<td data-start=\"2016\" data-end=\"2027\" data-col-size=\"sm\"><strong data-start=\"2018\" data-end=\"2026\">Tipo<\/strong><\/td>\n<td data-start=\"2027\" data-end=\"2062\" data-col-size=\"md\">Sensor de Press&atilde;o do Coletor de Admiss&atilde;o<\/td>\n<\/tr>\n<tr data-start=\"2063\" data-end=\"2099\">\n<td data-start=\"2063\" data-end=\"2075\" data-col-size=\"sm\"><strong data-start=\"2065\" data-end=\"2074\">Marca<\/strong><\/td>\n<td data-start=\"2075\" data-end=\"2099\" data-col-size=\"md\">SENINSO \/ Tipo Bosch<\/td>\n<\/tr>\n<tr data-start=\"2100\" data-end=\"2123\">\n<td data-start=\"2100\" data-end=\"2116\" data-col-size=\"sm\"><strong data-start=\"2102\" data-end=\"2115\">Condi&ccedil;&atilde;o<\/strong><\/td>\n<td data-start=\"2116\" data-end=\"2123\" data-col-size=\"md\">Novo<\/td>\n<\/tr>\n<tr data-start=\"2124\" data-end=\"2153\">\n<td data-start=\"2124\" data-end=\"2144\" data-col-size=\"sm\"><strong data-start=\"2126\" data-end=\"2143\">Faixa de Tens&atilde;o<\/strong><\/td>\n<td data-start=\"2144\" data-end=\"2153\" data-col-size=\"md\">5V DC<\/td>\n<\/tr>\n<tr data-start=\"2154\" data-end=\"2182\">\n<td data-start=\"2154\" data-end=\"2169\" data-col-size=\"sm\"><strong data-start=\"2156\" data-end=\"2168\">Garantia<\/strong><\/td>\n<td data-start=\"2169\" data-end=\"2182\" data-col-size=\"md\">12 Meses<\/td>\n<\/tr>\n<tr data-start=\"2183\" data-end=\"2206\">\n<td data-start=\"2183\" data-end=\"2196\" data-col-size=\"sm\"><strong data-start=\"2185\" data-end=\"2195\">Peso<\/strong><\/td>\n<td data-start=\"2196\" data-end=\"2206\" data-col-size=\"md\">0,1 kg<\/td>\n<\/tr>\n<tr data-start=\"2207\" data-end=\"2240\">\n<td data-start=\"2207\" data-end=\"2220\" data-col-size=\"sm\"><strong data-start=\"2209\" data-end=\"2219\">Origem<\/strong><\/td>\n<td data-start=\"2220\" data-end=\"2240\" data-col-size=\"md\">Guangdong, China<\/td>\n<\/tr>\n<tr data-start=\"2241\" data-end=\"2260\">\n<td data-start=\"2241\" data-end=\"2251\" data-col-size=\"sm\"><strong data-start=\"2243\" data-end=\"2250\">Quantidade M&iacute;nima de Pedido<\/strong><\/td>\n<td data-start=\"2251\" data-end=\"2260\" data-col-size=\"md\">4 pe&ccedil;as<\/td>\n<\/tr>\n<tr data-start=\"2261\" data-end=\"2293\">\n<td data-start=\"2261\" data-end=\"2281\" data-col-size=\"sm\"><strong data-start=\"2263\" data-end=\"2280\">Tempo de Entrega<\/strong><\/td>\n<td data-start=\"2281\" data-end=\"2293\" data-col-size=\"md\">1&ndash;3 Dias<\/td>\n<\/tr>\n<tr data-start=\"2294\" data-end=\"2361\">\n<td data-start=\"2294\" data-end=\"2317\" data-col-size=\"sm\"><strong data-start=\"2296\" data-end=\"2316\">M&eacute;todos de Envio<\/strong><\/td>\n<td data-start=\"2317\" data-end=\"2361\" data-col-size=\"md\">DHL, UPS, FedEx, TNT, EMS, Transporte Mar&iacute;timo<\/td>\n<\/tr>\n<\/tbody>\n<\/table>\n<\/div>\n<\/div>\n<h3 data-start=\"2368\" data-end=\"2395\"><strong data-start=\"2372\" data-end=\"2395\">Ve&iacute;culos Compat&iacute;veis<\/strong><\/h3>\n<h4 data-start=\"2397\" data-end=\"2418\"><strong data-start=\"2402\" data-end=\"2418\">Volvo Caminh&otilde;es<\/strong><\/h4>\n<ul data-start=\"2419\" data-end=\"2744\">\n<li data-start=\"2419\" data-end=\"2479\">\n<p data-start=\"2421\" data-end=\"2479\"><strong data-start=\"2421\" data-end=\"2462\">S&eacute;rie FH (FH16, FH540, FH550, FH600)<\/strong>&ndash; 1993&ndash;atualmente<\/p>\n<\/li>\n<li data-start=\"2480\" data-end=\"2555\">\n<p data-start=\"2482\" data-end=\"2555\"><strong data-start=\"2482\" data-end=\"2538\">S&eacute;rie FM (FM330, FM380, FM410, FM420, FM450, FM500)<\/strong>&ndash; 2005&ndash;atualidade<\/p>\n<\/li>\n<li data-start=\"2556\" data-end=\"2624\">\n<p data-start=\"2558\" data-end=\"2624\"><strong data-start=\"2558\" data-end=\"2607\">S&eacute;rie FE (FE240, FE260, FE300, FE340, FE380)<\/strong>&ndash; 2012&ndash;presente<\/p>\n<\/li>\n<li data-start=\"2625\" data-end=\"2686\">\n<p data-start=\"2627\" data-end=\"2686\"><strong data-start=\"2627\" data-end=\"2669\">S&eacute;rie FL (FL240, FL260, FL280, FL290)<\/strong>&ndash; 2013&ndash;presente<\/p>\n<\/li>\n<li data-start=\"2687\" data-end=\"2744\">\n<p data-start=\"2689\" data-end=\"2744\"><strong data-start=\"2689\" data-end=\"2727\">S&eacute;rie FMX Heavy (motores de 330&ndash;600)<\/strong>&ndash; 2010&ndash;presente<\/p>\n<\/li>\n<\/ul>\n<h4 data-start=\"2746\" data-end=\"2769\"><strong data-start=\"2751\" data-end=\"2769\">Renault Caminh&otilde;es<\/strong><\/h4>\n<ul data-start=\"2770\" data-end=\"2881\">\n<li data-start=\"2770\" data-end=\"2829\">\n<p data-start=\"2772\" data-end=\"2829\"><strong data-start=\"2772\" data-end=\"2812\">S&eacute;rie Magnum (Motores E.Tech \/ DXi)<\/strong>&ndash; 1990&ndash;presente<\/p>\n<\/li>\n<li data-start=\"2830\" data-end=\"2881\">\n<p data-start=\"2832\" data-end=\"2881\"><strong data-start=\"2832\" data-end=\"2864\">Distribui&ccedil;&atilde;o Premium \/ Rota<\/strong>&ndash; 1996&ndash;presente<\/p>\n<\/li>\n<\/ul>\n<h4 data-start=\"2883\" data-end=\"2904\"><strong data-start=\"2888\" data-end=\"2904\">Caminh&otilde;es Iveco<\/strong><\/h4>\n<ul data-start=\"2905\" data-end=\"3000\">\n<li data-start=\"2905\" data-end=\"2961\">\n<p data-start=\"2907\" data-end=\"2961\"><strong data-start=\"2907\" data-end=\"2944\">Stralis (s&eacute;ries 450S, 490S, 600S)<\/strong>&ndash; 2002&ndash;presente<\/p>\n<\/li>\n<li data-start=\"2962\" data-end=\"3000\">\n<p data-start=\"2964\" data-end=\"3000\"><strong data-start=\"2964\" data-end=\"2983\">Vertis (130V18)<\/strong>&ndash; 2010&ndash;presente<\/p>\n<\/li>\n<\/ul>\n<h4 data-start=\"3002\" data-end=\"3017\"><strong data-start=\"3007\" data-end=\"3017\">Outros<\/strong><\/h4>\n<ul data-start=\"3018\" data-end=\"3080\">\n<li data-start=\"3018\" data-end=\"3056\">\n<p data-start=\"3020\" data-end=\"3056\"><strong data-start=\"3020\" data-end=\"3034\">Ford Cargo<\/strong>, <strong data-start=\"3036\" data-end=\"3054\">New Holland T9<\/strong><\/p>\n<\/li>\n<li data-start=\"3057\" data-end=\"3080\">\n<p data-start=\"3059\" data-end=\"3080\"><strong data-start=\"3059\" data-end=\"3080\">S&eacute;rie KAMAZ 6520<\/strong><\/p>\n<\/li>\n<\/ul>\n<h3 data-start=\"3087\" data-end=\"3103\"><strong data-start=\"3091\" data-end=\"3103\">Benef&iacute;cios<\/strong><\/h3>\n<ul data-start=\"3104\" data-end=\"3600\">\n<li data-start=\"3104\" data-end=\"3208\">\n<p data-start=\"3106\" data-end=\"3208\">&#128664; <strong data-start=\"3109\" data-end=\"3138\">Melhoria na Resposta do Motor:<\/strong>Fornece dados precisos de press&atilde;o do ar para uma opera&ccedil;&atilde;o mais suave do acelerador.<\/p>\n<\/li>\n<li data-start=\"3209\" data-end=\"3309\">\n<p data-start=\"3211\" data-end=\"3309\">&#127807; <strong data-start=\"3214\" data-end=\"3241\">Melhor Efici&ecirc;ncia de Combust&iacute;vel:<\/strong>Melhora o processo de combust&atilde;o, minimizando o desperd&iacute;cio de combust&iacute;vel e as emiss&otilde;es.<\/p>\n<\/li>\n<li data-start=\"3310\" data-end=\"3421\">\n<p data-start=\"3312\" data-end=\"3421\">&#9889; <strong data-start=\"3314\" data-end=\"3344\">Otimiza&ccedil;&atilde;o do Turboalimentador:<\/strong>Fornece leituras precisas da press&atilde;o de sobrealimenta&ccedil;&atilde;o para um desempenho eficiente do turbo.<\/p>\n<\/li>\n<li data-start=\"3422\" data-end=\"3505\">\n<p data-start=\"3424\" data-end=\"3505\">&#129513; <strong data-start=\"3427\" data-end=\"3452\">Vida &Uacute;til Estendida do Motor:<\/strong>Previne falhas de igni&ccedil;&atilde;o e combust&atilde;o irregular.<\/p>\n<\/li>\n<li data-start=\"3506\" data-end=\"3600\">\n<p data-start=\"3508\" data-end=\"3600\">&#128295; <strong data-start=\"3511\" data-end=\"3532\">Manuten&ccedil;&atilde;o F&aacute;cil:<\/strong>Design compacto e resistente &agrave; corros&atilde;o garante longos intervalos de manuten&ccedil;&atilde;o.<\/p>\n<\/li>\n<\/ul>\n<h3 data-start=\"3607\" data-end=\"3635\"><strong data-start=\"3611\" data-end=\"3635\">Embalagem e Entrega<\/strong><\/h3>\n<ul data-start=\"3636\" data-end=\"3860\">\n<li data-start=\"3636\" data-end=\"3715\">\n<p data-start=\"3638\" data-end=\"3715\">&#128230; <strong data-start=\"3641\" data-end=\"3653\">Embalagem:<\/strong>Caixa neutra ou personalizada com prote&ccedil;&atilde;o antiest&aacute;tica e espuma.<\/p>\n<\/li>\n<li data-start=\"3716\" data-end=\"3781\">\n<p data-start=\"3718\" data-end=\"3781\">&#128666; <strong data-start=\"3721\" data-end=\"3734\">Entrega:<\/strong>1&ndash;3 dias &uacute;teis ap&oacute;s confirma&ccedil;&atilde;o do pagamento.<\/p>\n<\/li>\n<li data-start=\"3782\" data-end=\"3860\">\n<p data-start=\"3784\" data-end=\"3860\">&#127757; <strong data-start=\"3787\" data-end=\"3800\"><span class=\"mars-pro\" data-o=\"Shipment:\">Shipment:<\/span><\/strong><span class=\"mars-pro\" data-o=\" DHL, UPS, FedEx, TNT, or Sea Freight available worldwide.\"> DHL, UPS, FedEx, TNT, or Sea Freight available worldwide.<\/span><\/p>\n<\/li>\n<\/ul>\n<h3 class=\"md-end-block md-heading\"><span class=\"md-pair-s \"><strong><span class=\"md-plain\"><span class=\"mars-pro\" data-o=\"Why Our MAP Sensors? \">Why Our MAP Sensors? <\/span><\/span><\/strong><\/span><\/h3>\n<ul class=\"ul-list\" data-mark=\"*\">\n<li class=\"md-list-item\">\n<p class=\"md-end-block md-p\"><span class=\"md-plain\"><span class=\"mars-pro\" data-o=\"OEM Manufacturing: SENINSO products are manufactured with Bosch-equivalent quality.\">OEM Manufacturing: SENINSO products are manufactured with Bosch-equivalent quality.<\/span><\/span><\/p>\n<\/li>\n<li class=\"md-list-item\">\n<p class=\"md-end-block md-p\"><span class=\"md-plain\"><span class=\"mars-pro\" data-o=\"Enhanced Testing: Each sensor is tested for pressure, signal, and temperature.\">Enhanced Testing: Each sensor is tested for pressure, signal, and temperature.<\/span><\/span><\/p>\n<\/li>\n<li class=\"md-list-item\">\n<p class=\"md-end-block md-p\"><span class=\"md-plain\"><span class=\"mars-pro\" data-o=\"Stable output signal: The MAP sensors have a quick response time and deliver consistent data even in harsh driving conditions.\">Stable output signal: The MAP sensors have a quick response time and deliver consistent data even in harsh driving conditions.<\/span><\/span><\/p>\n<\/li>\n<li class=\"md-list-item\">\n<p class=\"md-end-block md-p\"><span class=\"md-plain\"><span class=\"mars-pro\" data-o=\"Worldwide Coverage: SENINSO is a trusted brand and supplies aftermarket distributors and workshops across Europe, Asia, and South America.\">Worldwide Coverage: SENINSO is a trusted brand and supplies aftermarket distributors and workshops across Europe, Asia, and South America.<\/span><\/span><\/p>\n<\/li>\n<li class=\"md-list-item md-focus-container\">\n<p class=\"md-end-block md-p md-focus\"><span class=\"md-plain md-expand\"><span class=\"mars-pro\" data-o=\"After-Sales Service: All products come with a 12-month warranty with technical support available.\">After-Sales Service: All products come with a 12-month warranty with technical support available.<\/span><\/span><\/p>\n<\/li>\n<\/ul>\n<","protected":false},"excerpt":{"rendered":"<p>ASensor MAP Tipo Bosch 0281002576 \/ 0281006102&eacute; de alta qualidadeSensor de Press&atilde;o Absoluta do Coletorisso &eacute; usado paraVolvo, Renault Caminh&otilde;es, IvecoeFord Cargomotores. O sensor MAP mede a press&atilde;o do coletor de admiss&atilde;o e desempenha um papel importante na calibra&ccedil;&atilde;o da propor&ccedil;&atilde;o correta de ar\/combust&iacute;vel, o que resulta em uma melhor combust&atilde;o, maior economia de combust&iacute;vel [&#8230;]\n","protected":false},"featured_media":1304,"comment_status":"open","ping_status":"closed","template":"","meta":{"_acf_changed":false},"product_brand":[],"product_cat":[76],"product_tag":[],"class_list":{"0":"post-1300","1":"product","2":"type-product","3":"status-publish","4":"has-post-thumbnail","6":"product_cat-map-sensor","8":"first","9":"instock","10":"featured","11":"shipping-taxable","12":"product-type-simple"},"acf":[],"_links":{"self":[{"href":"https:\/\/bossensor.com\/pt\/wp-json\/wp\/v2\/product\/1300","targetHints":{"allow":["GET"]}}],"collection":[{"href":"https:\/\/bossensor.com\/pt\/wp-json\/wp\/v2\/product"}],"about":[{"href":"https:\/\/bossensor.com\/pt\/wp-json\/wp\/v2\/types\/product"}],"replies":[{"embeddable":true,"href":"https:\/\/bossensor.com\/pt\/wp-json\/wp\/v2\/comments?post=1300"}],"wp:featuredmedia":[{"embeddable":true,"href":"https:\/\/bossensor.com\/pt\/wp-json\/wp\/v2\/media\/1304"}],"wp:attachment":[{"href":"https:\/\/bossensor.com\/pt\/wp-json\/wp\/v2\/media?parent=1300"}],"wp:term":[{"taxonomy":"product_brand","embeddable":true,"href":"https:\/\/bossensor.com\/pt\/wp-json\/wp\/v2\/product_brand?post=1300"},{"taxonomy":"product_cat","embeddable":true,"href":"https:\/\/bossensor.com\/pt\/wp-json\/wp\/v2\/product_cat?post=1300"},{"taxonomy":"product_tag","embeddable":true,"href":"https:\/\/bossensor.com\/pt\/wp-json\/wp\/v2\/product_tag?post=1300"}],"curies":[{"name":"wp","href":"https:\/\/api.w.org\/{rel}","templated":true}]}}