{"id":1317,"date":"2025-11-02T08:01:24","date_gmt":"2025-11-02T16:01:24","guid":{"rendered":"https:\/\/bossensor.com\/?post_type=product&#038;p=1317"},"modified":"2025-11-02T08:01:24","modified_gmt":"2025-11-02T16:01:24","slug":"intake-manifold-pressure-map-sensor-0281002655-51274210179-for-man-and-scania-heavy-duty-trucks","status":"publish","type":"product","link":"https:\/\/bossensor.com\/pt\/product\/intake-manifold-pressure-map-sensor-0281002655-51274210179-for-man-and-scania-heavy-duty-trucks\/","title":{"rendered":"Sensor de Press\u00e3o do Coletor de Admiss\u00e3o MAP 0281002655 51274210179 para Caminh\u00f5es Pesados MAN e SCANIA"},"content":{"rendered":"<p class=\"md-end-block md-p md-focus\"><span class=\"md-plain md-expand\">O Sensor de Press&atilde;o do Coletor de Admiss&atilde;o (MAP) BOTTEN 0281002655 \/ 51274210179 &eacute; uma pe&ccedil;a de reposi&ccedil;&atilde;o de qualidade equivalente &agrave; original para caminh&otilde;es pesados MAN e SCANIA. Este sensor detecta com precis&atilde;o a press&atilde;o do ar no coletor, que &eacute; utilizada pela unidade de controle do motor (ECU) para ajustar a quantidade de combust&iacute;vel e o momento da igni&ccedil;&atilde;o. Isso contribui para alcan&ccedil;ar o melhor desempenho do motor, maior efici&ecirc;ncia de combust&iacute;vel e redu&ccedil;&atilde;o de emiss&otilde;es.<\/span><\/p>\n<p class=\"md-end-block md-p\"><span class=\"md-plain\">Projetado para atender ou superar as especifica&ccedil;&otilde;es OEM, este sensor MAP funcionar&aacute; de forma confi&aacute;vel mesmo em ambientes de motor extremos.<\/span><\/p>\n<h3 class=\"md-end-block md-heading\"><strong><span class=\"md-plain\">Caracter&iacute;sticas<\/span><\/strong><\/h3>\n<ul class=\"ul-list\" data-mark=\"-\">\n<li class=\"md-list-item\">\n<p class=\"md-end-block md-p\"><span class=\"md-pair-s \"><strong><span class=\"md-plain\">Ajuste e Fun&ccedil;&atilde;o OEM<\/span><\/strong><\/span><span class=\"md-plain\">&ndash; Substitui&ccedil;&atilde;o direta para os n&uacute;meros de pe&ccedil;a: 0281002655, 0281002233, 51274210179, 51274210198.<\/span><\/p>\n<\/li>\n<li class=\"md-list-item\">\n<p class=\"md-end-block md-p\"><span class=\"md-pair-s \"><strong><span class=\"md-plain\">Aplica&ccedil;&atilde;o de Alta Resist&ecirc;ncia<\/span><\/strong><\/span><span class=\"md-plain\">Projetado especificamente para motores de caminh&otilde;es MAN E2000 e SCANIA para garantir opera&ccedil;&atilde;o est&aacute;vel mesmo sob altas press&otilde;es e vibra&ccedil;&otilde;es.<\/span><\/p>\n<\/li>\n<li class=\"md-list-item\">\n<p class=\"md-end-block md-p\"><span class=\"md-pair-s \"><strong><span class=\"md-plain\">Detec&ccedil;&atilde;o Precisa de Press&atilde;o<\/span><\/strong><\/span><span class=\"md-plain\"><span class=\"mars-pro\" data-o=\" &ndash; Supplies real-time manifold pressure information to the ECU for accurate control.\"> &ndash; Supplies real-time manifold pressure information to the ECU for accurate control.<\/span><\/span><\/p>\n<\/li>\n<li class=\"md-list-item\">\n<p class=\"md-end-block md-p\"><span class=\"md-pair-s \"><strong><span class=\"md-plain\">Constru&ccedil;&atilde;o Dur&aacute;vel<\/span><\/strong><\/span><span class=\"md-plain\"><span class=\"mars-pro\" data-o=\" &ndash; Constructed of high temperature resistant materials and sealed electronics to ensure long-lasting reliability.\"> &ndash; Constructed of high temperature resistant materials and sealed electronics to ensure long-lasting reliability.<\/span><\/span><\/p>\n<\/li>\n<li class=\"md-list-item\">\n<p class=\"md-end-block md-p\"><span class=\"md-pair-s \"><strong><span class=\"md-plain\"><span class=\"mars-pro\" data-o=\"Plug &amp; Play Installation\">Plug &amp; Play Installation<\/span><\/span><\/strong><\/span><span class=\"md-plain\"><span class=\"mars-pro\" data-o=\" &ndash; Features an OEM-style connector for easy and secure installation. No modifications needed. \"> &ndash; Features an OEM-style connector for easy and secure installation. No modifications needed. <\/span><\/span><\/p>\n<\/li>\n<li class=\"md-list-item\">\n<p class=\"md-end-block md-p\"><span class=\"md-pair-s \"><strong><span class=\"md-plain\">100% Testado<\/span><\/strong><\/span><span class=\"md-plain\"><span class=\"mars-pro\" data-o=\" &ndash; Signal accuracy, temperature stability, and pressure response tested before shipping.\"> &ndash; Signal accuracy, temperature stability, and pressure response tested before shipping.<\/span><\/span><\/p>\n<\/li>\n<\/ul>\n<h3 data-start=\"1620\" data-end=\"1652\"><strong data-start=\"1624\" data-end=\"1652\">Especifica&ccedil;&otilde;es T&eacute;cnicas<\/strong><\/h3>\n<div class=\"_tableContainer_1rjym_1\">\n<div class=\"group _tableWrapper_1rjym_13 flex w-fit flex-col-reverse\" tabindex=\"-1\">\n<table class=\"w-fit min-w-(--thread-content-width)\" data-start=\"1653\" data-end=\"2133\">\n<thead data-start=\"1653\" data-end=\"1684\">\n<tr data-start=\"1653\" data-end=\"1684\">\n<th data-start=\"1653\" data-end=\"1669\" data-col-size=\"sm\"><strong data-start=\"1655\" data-end=\"1668\">Par&acirc;metro<\/strong><\/th>\n<th data-start=\"1669\" data-end=\"1684\" data-col-size=\"md\"><strong data-start=\"1671\" data-end=\"1682\">Detalhes<\/strong><\/th>\n<\/tr>\n<\/thead>\n<tbody data-start=\"1718\" data-end=\"2133\">\n<tr data-start=\"1718\" data-end=\"1796\">\n<td data-start=\"1718\" data-end=\"1741\" data-col-size=\"sm\"><strong data-start=\"1720\" data-end=\"1740\">N&uacute;meros de Pe&ccedil;as OEM<\/strong><\/td>\n<td data-col-size=\"md\" data-start=\"1741\" data-end=\"1796\">0281002655 \/ 0281002233 \/ 51274210179 \/ 51274210198<\/td>\n<\/tr>\n<tr data-start=\"1797\" data-end=\"1827\">\n<td data-start=\"1797\" data-end=\"1816\" data-col-size=\"sm\"><strong data-start=\"1799\" data-end=\"1815\">N&uacute;mero do Modelo<\/strong><\/td>\n<td data-col-size=\"md\" data-start=\"1816\" data-end=\"1827\"><span class=\"mars-pro\" data-o=\"BN-M028\">BN-M028<\/span><\/td>\n<\/tr>\n<tr data-start=\"1828\" data-end=\"1871\">\n<td data-start=\"1828\" data-end=\"1839\" data-col-size=\"sm\"><strong data-start=\"1830\" data-end=\"1838\">Tipo<\/strong><\/td>\n<td data-col-size=\"md\" data-start=\"1839\" data-end=\"1871\"><span class=\"mars-pro\" data-o=\"MAP Sensor \/ Pressure Sensor\">MAP Sensor \/ Pressure Sensor<\/span><\/td>\n<\/tr>\n<tr data-start=\"1872\" data-end=\"1894\">\n<td data-start=\"1872\" data-end=\"1884\" data-col-size=\"sm\"><strong data-start=\"1874\" data-end=\"1883\">Marca<\/strong><\/td>\n<td data-start=\"1884\" data-end=\"1894\" data-col-size=\"md\"><span class=\"mars-pro\" data-o=\"BOTTEN\">BOTTEN<\/span><\/td>\n<\/tr>\n<tr data-start=\"1895\" data-end=\"1918\">\n<td data-start=\"1895\" data-end=\"1911\" data-col-size=\"sm\"><strong data-start=\"1897\" data-end=\"1910\">Condi&ccedil;&atilde;o<\/strong><\/td>\n<td data-col-size=\"md\" data-start=\"1911\" data-end=\"1918\">Novo<\/td>\n<\/tr>\n<tr data-start=\"1919\" data-end=\"1957\">\n<td data-start=\"1919\" data-end=\"1934\" data-col-size=\"sm\"><strong data-start=\"1921\" data-end=\"1933\">Marca do Carro<\/strong><\/td>\n<td data-col-size=\"md\" data-start=\"1934\" data-end=\"1957\"><span class=\"mars-pro\" data-o=\"For MAN, For SCANIA\">For MAN, For SCANIA<\/span><\/td>\n<\/tr>\n<tr data-start=\"1958\" data-end=\"1986\">\n<td data-start=\"1958\" data-end=\"1973\" data-col-size=\"sm\"><strong data-start=\"1960\" data-end=\"1972\">Garantia<\/strong><\/td>\n<td data-col-size=\"md\" data-start=\"1973\" data-end=\"1986\">12 Meses<\/td>\n<\/tr>\n<tr data-start=\"1987\" data-end=\"2018\">\n<td data-start=\"1987\" data-end=\"2007\" data-col-size=\"sm\"><strong data-start=\"1989\" data-end=\"2006\">Certifica&ccedil;&atilde;o<\/strong><\/td>\n<td data-col-size=\"md\" data-start=\"2007\" data-end=\"2018\">ISO9001<\/td>\n<\/tr>\n<tr data-start=\"2019\" data-end=\"2048\">\n<td data-start=\"2019\" data-end=\"2033\" data-col-size=\"sm\"><strong data-start=\"2021\" data-end=\"2032\">Qualidade<\/strong><\/td>\n<td data-col-size=\"md\" data-start=\"2033\" data-end=\"2048\">100% Testado<\/td>\n<\/tr>\n<tr data-start=\"2049\" data-end=\"2070\">\n<td data-start=\"2049\" data-end=\"2061\" data-col-size=\"sm\"><strong data-start=\"2051\" data-end=\"2060\"><span class=\"mars-pro\" data-o=\"Color\">Color<\/span><\/strong><\/td>\n<td data-col-size=\"md\" data-start=\"2061\" data-end=\"2070\"><span class=\"mars-pro\" data-o=\"Black\">Black<\/span><\/td>\n<\/tr>\n<tr data-start=\"2071\" data-end=\"2091\">\n<td data-start=\"2071\" data-end=\"2081\" data-col-size=\"sm\"><strong data-start=\"2073\" data-end=\"2080\">Quantidade M&iacute;nima de Pedido<\/strong><\/td>\n<td data-col-size=\"md\" data-start=\"2081\" data-end=\"2091\"><span class=\"mars-pro\" data-o=\"10 pcs\">10 pcs<\/span><\/td>\n<\/tr>\n<tr data-start=\"2092\" data-end=\"2133\">\n<td data-start=\"2092\" data-end=\"2114\" data-col-size=\"sm\"><strong data-start=\"2094\" data-end=\"2113\">Local de Origem<\/strong><\/td>\n<td data-col-size=\"md\" data-start=\"2114\" data-end=\"2133\">&#27993;&#27743;&#65292;&#20013;&#22269;<\/td>\n<\/tr>\n<\/tbody>\n<\/table>\n<\/div>\n<\/div>\n<h3 data-start=\"2140\" data-end=\"2167\"><strong data-start=\"2144\" data-end=\"2167\">Ve&iacute;culos Compat&iacute;veis<\/strong><\/h3>\n<div class=\"_tableContainer_1rjym_1\">\n<div class=\"group _tableWrapper_1rjym_13 flex w-fit flex-col-reverse\" tabindex=\"-1\">\n<table class=\"w-fit min-w-(--thread-content-width)\" data-start=\"2168\" data-end=\"2393\">\n<thead data-start=\"2168\" data-end=\"2224\">\n<tr data-start=\"2168\" data-end=\"2224\">\n<th data-start=\"2168\" data-end=\"2187\" data-col-size=\"sm\"><strong data-start=\"2170\" data-end=\"2186\"><span class=\"mars-pro\" data-o=\"Manufacturer\">Manufacturer<\/span><\/strong><\/th>\n<th data-start=\"2187\" data-end=\"2199\" data-col-size=\"sm\"><strong data-start=\"2189\" data-end=\"2198\">Modelo<\/strong><\/th>\n<th data-start=\"2199\" data-end=\"2210\" data-col-size=\"sm\"><strong data-start=\"2201\" data-end=\"2209\">Ano<\/strong><\/th>\n<th data-start=\"2210\" data-end=\"2224\" data-col-size=\"sm\"><strong data-start=\"2212\" data-end=\"2222\">Motor<\/strong><\/th>\n<\/tr>\n<\/thead>\n<tbody data-start=\"2284\" data-end=\"2393\">\n<tr data-start=\"2284\" data-end=\"2323\">\n<td data-start=\"2284\" data-end=\"2290\" data-col-size=\"sm\">HOMEM<\/td>\n<td data-start=\"2290\" data-end=\"2299\" data-col-size=\"sm\"><span class=\"mars-pro\" data-o=\"E 2000\">E 2000<\/span><\/td>\n<td data-start=\"2299\" data-end=\"2307\" data-col-size=\"sm\"><span class=\"mars-pro\" data-o=\"2000&ndash;\">2000&ndash;<\/span><\/td>\n<td data-col-size=\"sm\" data-start=\"2307\" data-end=\"2323\"><span class=\"mars-pro\" data-o=\"26.360 FAVLK\">26.360 FAVLK<\/span><\/td>\n<\/tr>\n<tr data-start=\"2324\" data-end=\"2393\">\n<td data-start=\"2324\" data-end=\"2333\" data-col-size=\"sm\"><span class=\"mars-pro\" data-o=\"SCANIA\">SCANIA<\/span><\/td>\n<td data-start=\"2333\" data-end=\"2363\" data-col-size=\"sm\"><span class=\"mars-pro\" data-o=\"Multiple Heavy Truck Models\">Multiple Heavy Truck Models<\/span><\/td>\n<td data-col-size=\"sm\" data-start=\"2363\" data-end=\"2367\">&ndash;<\/td>\n<td data-col-size=\"sm\" data-start=\"2367\" data-end=\"2393\"><span class=\"mars-pro\" data-o=\"Various Diesel Engines\">Various Diesel Engines<\/span><\/td>\n<\/tr>\n<\/tbody>\n<\/table>\n<\/div>\n<\/div>\n<p data-start=\"2395\" data-end=\"2470\"><em data-start=\"2395\" data-end=\"2470\"><span class=\"mars-pro\" data-o=\"(Please confirm OEM part number before ordering to ensure compatibility.)\">(Please confirm OEM part number before ordering to ensure compatibility.)<\/span><\/em><\/p>\n<h3 data-start=\"2477\" data-end=\"2501\"><strong data-start=\"2481\" data-end=\"2501\">Benef&iacute;cios do Produto<\/strong><\/h3>\n<ul data-start=\"2502\" data-end=\"3046\">\n<li data-start=\"2502\" data-end=\"2593\">\n<p data-start=\"2504\" data-end=\"2593\">&#128664; <strong data-start=\"2507\" data-end=\"2539\"><span class=\"mars-pro\" data-o=\"Optimized Engine Performance\">Optimized Engine Performance<\/span><\/strong><span class=\"mars-pro\" data-o=\" &mdash; Ensures precise air-fuel ratio and stable idling.\"> &mdash; Ensures precise air-fuel ratio and stable idling.<\/span><\/p>\n<\/li>\n<li data-start=\"2594\" data-end=\"2700\">\n<p data-start=\"2596\" data-end=\"2700\">&#127807; <strong data-start=\"2599\" data-end=\"2637\"><span class=\"mars-pro\" data-o=\"Fuel Efficiency &amp; Emission Control\">Fuel Efficiency &amp; Emission Control<\/span><\/strong><span class=\"mars-pro\" data-o=\" &mdash; Helps lower fuel consumption and reduce exhaust emissions.\"> &mdash; Helps lower fuel consumption and reduce exhaust emissions.<\/span><\/p>\n<\/li>\n<li data-start=\"2701\" data-end=\"2787\">\n<p data-start=\"2703\" data-end=\"2787\">&#9889; <strong data-start=\"2705\" data-end=\"2728\"><span class=\"mars-pro\" data-o=\"Quick Response Time\">Quick Response Time<\/span><\/strong><span class=\"mars-pro\" data-o=\" &mdash; Real-time pressure sensing for faster ECU adjustments.\"> &mdash; Real-time pressure sensing for faster ECU adjustments.<\/span><\/p>\n<\/li>\n<li data-start=\"2788\" data-end=\"2899\">\n<p data-start=\"2790\" data-end=\"2899\">&#128297; <strong data-start=\"2793\" data-end=\"2814\"><span class=\"mars-pro\" data-o=\"Long Service Life\">Long Service Life<\/span><\/strong><span class=\"mars-pro\" data-o=\" &mdash; Built to withstand vibration, temperature, and harsh diesel engine environments.\"> &mdash; Built to withstand vibration, temperature, and harsh diesel engine environments.<\/span><\/p>\n<\/li>\n<li data-start=\"2900\" data-end=\"3046\">\n<p data-start=\"2902\" data-end=\"3046\">&#129513; <strong data-start=\"2905\" data-end=\"2939\"><span class=\"mars-pro\" data-o=\"Cost-Effective OEM Alternative\">Cost-Effective OEM Alternative<\/span><\/strong><span class=\"mars-pro\" data-o=\" &mdash; Offers the same functionality and reliability as original manufacturer sensors at a competitive price.\"> &mdash; Offers the same functionality and reliability as original manufacturer sensors at a competitive price.<\/span><\/p>\n<\/li>\n<\/ul>\n<h3 data-start=\"3053\" data-end=\"3081\"><strong data-start=\"3057\" data-end=\"3081\">Embalagem e Entrega<\/strong><\/h3>\n<ul data-start=\"3082\" data-end=\"3274\">\n<li data-start=\"3082\" data-end=\"3142\">\n<p data-start=\"3084\" data-end=\"3142\">&#128230; <strong data-start=\"3087\" data-end=\"3099\">Embalagem:<\/strong><span class=\"mars-pro\" data-o=\" Neutral box or customized OEM packaging.\"> Neutral box or customized OEM packaging.<\/span><\/p>\n<\/li>\n<li data-start=\"3143\" data-end=\"3194\">\n<p data-start=\"3145\" data-end=\"3194\">&#128666; <strong data-start=\"3148\" data-end=\"3166\">Tempo de Entrega:<\/strong><span class=\"mars-pro\" data-o=\" 15&ndash;25 days after payment.\"> 15&ndash;25 days after payment.<\/span><\/p>\n<\/li>\n<li data-start=\"3195\" data-end=\"3274\">\n<p data-start=\"3197\" data-end=\"3274\">&#127757; <strong data-start=\"3200\" data-end=\"3221\">Op&ccedil;&otilde;es de Envio:<\/strong><span class=\"mars-pro\" data-o=\" By sea, air, or express (DHL \/ UPS \/ FedEx \/ TNT).\"> By sea, air, or express (DHL \/ UPS \/ FedEx \/ TNT).<\/span><\/p>\n<\/li>\n<\/ul>\n<h3 class=\"md-end-block md-heading\"><strong><span class=\"md-plain\"><span class=\"mars-pro\" data-o=\"Why Use Our Sensors \">Why Use Our Sensors <\/span><\/span><\/strong><\/h3>\n<ul class=\"ul-list\" data-mark=\"-\">\n<li class=\"md-list-item\">\n<p class=\"md-end-block md-p\"><span class=\"md-pair-s \"><strong><span class=\"md-plain\"><span class=\"mars-pro\" data-o=\"Professional OEM Manufacturer\">Professional OEM Manufacturer<\/span><\/span><\/strong><\/span><span class=\"md-plain\"><span class=\"mars-pro\" data-o=\" &mdash; Specializes in heavy-duty engine sensors and manufactures to strict quality control standards.\"> &mdash; Specializes in heavy-duty engine sensors and manufactures to strict quality control standards.<\/span><\/span><\/p>\n<\/li>\n<li class=\"md-list-item\">\n<p class=\"md-end-block md-p\"><span class=\"md-pair-s \"><strong><span class=\"md-plain\"><span class=\"mars-pro\" data-o=\"Advanced Testing Facilities\">Advanced Testing Facilities<\/span><\/span><\/strong><\/span><span class=\"md-plain\"><span class=\"mars-pro\" data-o=\" &mdash; Precision calibrated sensors that are tested for environmental durability.\"> &mdash; Precision calibrated sensors that are tested for environmental durability.<\/span><\/span><\/p>\n<\/li>\n<li class=\"md-list-item\">\n<p class=\"md-end-block md-p\"><span class=\"md-pair-s \"><strong><span class=\"md-plain\"><span class=\"mars-pro\" data-o=\"Certified Quality (ISO9001) \">Certified Quality (ISO9001) <\/span><\/span><\/strong><\/span><span class=\"md-plain\"><span class=\"mars-pro\" data-o=\" &mdash; For consistent performance and reliability.\"> &mdash; For consistent performance and reliability.<\/span><\/span><\/p>\n<\/li>\n<li class=\"md-list-item md-focus-container\">\n<p class=\"md-end-block md-p md-focus\"><span class=\"md-pair-s \"><strong><span class=\"md-plain\"><span class=\"mars-pro\" data-o=\"Dedicated Support\">Dedicated Support<\/span><\/span><\/strong><\/span><span class=\"md-plain md-expand\"><span class=\"mars-pro\" data-o=\" &mdash; 24 hour customer support and flexible OEM\/ODM options.\"> &mdash; 24 hour customer support and flexible OEM\/ODM options.<\/span><\/span><\/p>\n<\/li>\n<\/ul>\n<","protected":false},"excerpt":{"rendered":"<p>O Sensor de Press&atilde;o do Coletor de Admiss&atilde;o (MAP) BOTTEN 0281002655 \/ 51274210179 &eacute; uma pe&ccedil;a de reposi&ccedil;&atilde;o de qualidade equivalente &agrave; original para caminh&otilde;es pesados MAN e SCANIA. Este sensor detecta com precis&atilde;o a press&atilde;o do ar no coletor, que &eacute; utilizada pela unidade de controle do motor (ECU) para ajustar a quantidade de [&#8230;]\n","protected":false},"featured_media":1320,"comment_status":"open","ping_status":"closed","template":"","meta":{"_acf_changed":false},"product_brand":[],"product_cat":[76],"product_tag":[],"class_list":{"0":"post-1317","1":"product","2":"type-product","3":"status-publish","4":"has-post-thumbnail","6":"product_cat-map-sensor","8":"first","9":"instock","10":"shipping-taxable","11":"product-type-simple"},"acf":[],"_links":{"self":[{"href":"https:\/\/bossensor.com\/pt\/wp-json\/wp\/v2\/product\/1317","targetHints":{"allow":["GET"]}}],"collection":[{"href":"https:\/\/bossensor.com\/pt\/wp-json\/wp\/v2\/product"}],"about":[{"href":"https:\/\/bossensor.com\/pt\/wp-json\/wp\/v2\/types\/product"}],"replies":[{"embeddable":true,"href":"https:\/\/bossensor.com\/pt\/wp-json\/wp\/v2\/comments?post=1317"}],"wp:featuredmedia":[{"embeddable":true,"href":"https:\/\/bossensor.com\/pt\/wp-json\/wp\/v2\/media\/1320"}],"wp:attachment":[{"href":"https:\/\/bossensor.com\/pt\/wp-json\/wp\/v2\/media?parent=1317"}],"wp:term":[{"taxonomy":"product_brand","embeddable":true,"href":"https:\/\/bossensor.com\/pt\/wp-json\/wp\/v2\/product_brand?post=1317"},{"taxonomy":"product_cat","embeddable":true,"href":"https:\/\/bossensor.com\/pt\/wp-json\/wp\/v2\/product_cat?post=1317"},{"taxonomy":"product_tag","embeddable":true,"href":"https:\/\/bossensor.com\/pt\/wp-json\/wp\/v2\/product_tag?post=1317"}],"curies":[{"name":"wp","href":"https:\/\/api.w.org\/{rel}","templated":true}]}}