{"id":640,"date":"2025-10-28T07:54:15","date_gmt":"2025-10-28T14:54:15","guid":{"rendered":"https:\/\/bossensor.com\/?post_type=product&#038;p=640"},"modified":"2025-11-06T08:10:03","modified_gmt":"2025-11-06T16:10:03","slug":"oxygen-o2-sensor-612600190242-for-sinotruk-howo-shacman-steyr-trucks-durable-auto-parts","status":"publish","type":"product","link":"https:\/\/bossensor.com\/pt\/product\/oxygen-o2-sensor-612600190242-for-sinotruk-howo-shacman-steyr-trucks-durable-auto-parts\/","title":{"rendered":"Sensor de Oxig\u00eanio O2 612600190242 para Caminh\u00f5es SINOTRUK HOWO, Shacman e Steyr | Pe\u00e7as Automotivas Dur\u00e1veis"},"content":{"rendered":"<p class=\"md-end-block md-p md-focus\"><span class=\"md-plain md-expand\">SINOTRUCK HOWO, Shacman, caminh&otilde;es Steyr<\/span> <span class=\"md-plain\">Sensor de Oxig&ecirc;nio O2 de Qualidade Usado 612600190242 para caminh&otilde;es SINOTRUK HOWO, Shacman e Steyr. Este sensor de oxig&ecirc;nio do motor usado fornece monitoramento preciso do n&iacute;vel de oxig&ecirc;nio no escapamento para garantir que o motor diesel pesado esteja funcionando com a m&aacute;xima efici&ecirc;ncia de combust&iacute;vel, baixas emiss&otilde;es e desempenho ideal. Temos todas as pe&ccedil;as automotivas usadas que propriet&aacute;rios de caminh&otilde;es SINOTRUK HOWO, Shacman, Steyr e distribuidores atacadistas de pe&ccedil;as necessitam para assegurar a condi&ccedil;&atilde;o de funcionamento adequada de seus ve&iacute;culos. Cada sensor de oxig&ecirc;nio O2 para caminh&otilde;es que oferecemos passa por um rigoroso controle de qualidade para vender apenas pe&ccedil;as automotivas de reposi&ccedil;&atilde;o dur&aacute;veis e de qualidade.<\/span> <span class=\"md-pair-s \"><strong><span class=\"md-plain\">Substitui&ccedil;&atilde;o de Qualidade OEM<\/span><\/strong><\/span> <span class=\"md-plain\">N&uacute;mero OE de ajuste direto 612600190242 (refer&ecirc;ncia cruzada 0258007206) substitui&ccedil;&atilde;o feita para corresponder ou exceder as especifica&ccedil;&otilde;es originais de f&aacute;brica.<\/span><\/p>\n<h3 data-start=\"1392\" data-end=\"1419\"><strong data-start=\"1396\" data-end=\"1419\">Ve&iacute;culos Compat&iacute;veis<\/strong><\/h3>\n<p data-start=\"1420\" data-end=\"1478\">Este sensor de O2 se encaixa nos seguintes modelos de caminh&otilde;es pesados:<\/p>\n<div class=\"_tableContainer_1rjym_1\">\n<div class=\"group _tableWrapper_1rjym_13 flex w-fit flex-col-reverse\" tabindex=\"-1\">\n<table class=\"w-fit min-w-(--thread-content-width)\" data-start=\"1480\" data-end=\"1748\">\n<thead data-start=\"1480\" data-end=\"1516\">\n<tr data-start=\"1480\" data-end=\"1516\">\n<th data-start=\"1480\" data-end=\"1492\" data-col-size=\"sm\"><strong data-start=\"1482\" data-end=\"1491\">Marca<\/strong><\/th>\n<th data-start=\"1492\" data-end=\"1504\" data-col-size=\"sm\"><strong data-start=\"1494\" data-end=\"1503\">Modelo<\/strong><\/th>\n<th data-start=\"1504\" data-end=\"1516\" data-col-size=\"sm\"><strong data-start=\"1506\" data-end=\"1514\">Ano<\/strong><\/th>\n<\/tr>\n<\/thead>\n<tbody data-start=\"1556\" data-end=\"1748\">\n<tr data-start=\"1556\" data-end=\"1602\">\n<td data-start=\"1556\" data-end=\"1579\" data-col-size=\"sm\"><strong data-start=\"1558\" data-end=\"1578\">&#20013;&#22269;&#37325;&#27773;&#38598;&#22242;&#65288;CNHTC&#65289;<\/strong><\/td>\n<td data-col-size=\"sm\" data-start=\"1579\" data-end=\"1586\">HOWO<\/td>\n<td data-col-size=\"sm\" data-start=\"1586\" data-end=\"1602\">2005&ndash;Presente<\/td>\n<\/tr>\n<tr data-start=\"1603\" data-end=\"1652\">\n<td data-start=\"1603\" data-end=\"1626\" data-col-size=\"sm\"><strong data-start=\"1605\" data-end=\"1625\">&#20013;&#22269;&#37325;&#27773;&#38598;&#22242;&#65288;CNHTC&#65289;<\/strong><\/td>\n<td data-col-size=\"sm\" data-start=\"1626\" data-end=\"1636\">HOWO A7<\/td>\n<td data-col-size=\"sm\" data-start=\"1636\" data-end=\"1652\">2006&ndash;Presente<\/td>\n<\/tr>\n<tr data-start=\"1653\" data-end=\"1700\">\n<td data-start=\"1653\" data-end=\"1676\" data-col-size=\"sm\"><strong data-start=\"1655\" data-end=\"1675\">&#20013;&#22269;&#37325;&#27773;&#38598;&#22242;&#65288;CNHTC&#65289;<\/strong><\/td>\n<td data-col-size=\"sm\" data-start=\"1676\" data-end=\"1684\">Steyr<\/td>\n<td data-col-size=\"sm\" data-start=\"1684\" data-end=\"1700\">2005&ndash;Presente<\/td>\n<\/tr>\n<tr data-start=\"1701\" data-end=\"1748\">\n<td data-start=\"1701\" data-end=\"1715\" data-col-size=\"sm\"><strong data-start=\"1703\" data-end=\"1714\">Shacman<\/strong><\/td>\n<td data-col-size=\"sm\" data-start=\"1715\" data-end=\"1732\">S&eacute;rie Shacman<\/td>\n<td data-col-size=\"sm\" data-start=\"1732\" data-end=\"1748\">2012&ndash;Presente<\/td>\n<\/tr>\n<\/tbody>\n<\/table>\n<\/div>\n<\/div>\n<h3 data-start=\"1755\" data-end=\"1777\"><strong data-start=\"1759\" data-end=\"1777\">Especifica&ccedil;&otilde;es<\/strong><\/h3>\n<ul data-start=\"1778\" data-end=\"1997\">\n<li data-start=\"1778\" data-end=\"1809\">\n<p data-start=\"1780\" data-end=\"1809\"><strong data-start=\"1780\" data-end=\"1794\">N&uacute;mero OE:<\/strong> 612600190242<\/p>\n<\/li>\n<li data-start=\"1810\" data-end=\"1843\">\n<p data-start=\"1812\" data-end=\"1843\"><strong data-start=\"1812\" data-end=\"1830\">Fabricante Alternativo:<\/strong> 0258007206<\/p>\n<\/li>\n<li data-start=\"1844\" data-end=\"1877\">\n<p data-start=\"1846\" data-end=\"1877\"><strong data-start=\"1846\" data-end=\"1860\">Condi&ccedil;&atilde;o:<\/strong>100% Novo<\/p>\n<\/li>\n<li data-start=\"1878\" data-end=\"1901\">\n<p data-start=\"1880\" data-end=\"1901\"><strong data-start=\"1880\" data-end=\"1893\">Material:<\/strong>A&ccedil;o<\/p>\n<\/li>\n<li data-start=\"1902\" data-end=\"1932\">\n<p data-start=\"1904\" data-end=\"1932\"><strong data-start=\"1904\" data-end=\"1913\">Tamanho:<\/strong>Montagem Padr&atilde;o<\/p>\n<\/li>\n<li data-start=\"1933\" data-end=\"1961\">\n<p data-start=\"1935\" data-end=\"1961\"><strong data-start=\"1935\" data-end=\"1952\">Peso Bruto:<\/strong>0,5 kg<\/p>\n<\/li>\n<li data-start=\"1962\" data-end=\"1997\">\n<p data-start=\"1964\" data-end=\"1997\"><strong data-start=\"1964\" data-end=\"1981\">Tamanho da Embalagem:<\/strong>15 &times; 5 &times; 2 cm<\/p>\n<\/li>\n<\/ul>\n<h3 data-start=\"2004\" data-end=\"2024\"><strong data-start=\"2008\" data-end=\"2024\">Aplica&ccedil;&otilde;es<\/strong><\/h3>\n<p data-start=\"2025\" data-end=\"2035\">Ideal para:<\/p>\n<ul data-start=\"2036\" data-end=\"2215\">\n<li data-start=\"2036\" data-end=\"2076\">\n<p data-start=\"2038\" data-end=\"2076\"><strong data-start=\"2038\" data-end=\"2074\">Oficinas de manuten&ccedil;&atilde;o e repara&ccedil;&atilde;o de frotas<\/strong><\/p>\n<\/li>\n<li data-start=\"2077\" data-end=\"2108\">\n<p data-start=\"2079\" data-end=\"2108\"><strong data-start=\"2079\" data-end=\"2106\">Atacadistas de pe&ccedil;as para caminh&otilde;es<\/strong><\/p>\n<\/li>\n<li data-start=\"2109\" data-end=\"2151\">\n<p data-start=\"2111\" data-end=\"2151\"><strong data-start=\"2111\" data-end=\"2149\">Melhorias de desempenho para motores a diesel<\/strong><\/p>\n<\/li>\n<li data-start=\"2152\" data-end=\"2215\">\n<p data-start=\"2154\" data-end=\"2215\"><strong data-start=\"2154\" data-end=\"2215\">Propriet&aacute;rios individuais de caminh&otilde;es que necessitam de reposi&ccedil;&otilde;es de alta qualidade<\/strong><\/p>\n<\/li>\n<\/ul>\n<p>&nbsp;<\/p>\n<p class=\"md-end-block md-p\"><span class=\"md-pair-s \"><strong><span class=\"md-plain\">Constru&ccedil;&atilde;o Dur&aacute;vel<\/span><\/strong><\/span> <span class=\"md-plain\">A&ccedil;o de alta resist&ecirc;ncia com revestimento resistente &agrave; corros&atilde;o pode suportar condi&ccedil;&otilde;es rodovi&aacute;rias dif&iacute;ceis para uma vida &uacute;til prolongada.<\/span><\/p>\n<p class=\"md-end-block md-p\"><span class=\"md-pair-s \"><strong><span class=\"md-plain\">Desempenho Preciso<\/span><\/strong><\/span> <span class=\"md-plain\">Sinal de tens&atilde;o confi&aacute;vel enviado &agrave; ECU para gerenciamento preciso da rela&ccedil;&atilde;o ar-combust&iacute;vel e redu&ccedil;&atilde;o do consumo de combust&iacute;vel.<\/span><\/p>\n<p class=\"md-end-block md-p\"><span class=\"md-pair-s \"><strong><span class=\"md-plain\">Instala&ccedil;&atilde;o Plug-and-Play<\/span><\/strong><\/span> <span class=\"md-plain\">Ponto de conex&atilde;o e arn&ecirc;s de fia&ccedil;&atilde;o pr&eacute;-anexado, sem necessidade de modifica&ccedil;&atilde;o adicional.<\/span><\/p>\n<p class=\"md-end-block md-p\"><span class=\"md-pair-s \"><strong><span class=\"md-plain\">Efici&ecirc;ncia do Motor<\/span><\/strong><\/span> <span class=\"md-plain\">Ajuda seu caminh&atilde;o a funcionar mais suavemente com menos emiss&otilde;es e maior efici&ecirc;ncia de combust&atilde;o.<\/span><\/p>\n<p class=\"md-end-block md-p\"><span class=\"md-plain\">Por Que Voc&ecirc; Deve Comprar Nosso Sensor de Oxig&ecirc;nio<\/span><\/p>\n<p class=\"md-end-block md-p md-focus\"><span class=\"md-plain md-expand\">N&oacute;s nos especializamos em sensores automotivos de alta performance, constru&iacute;dos para durar anos com desempenho confi&aacute;vel. Cada sensor de oxig&ecirc;nio O2 passa por rigorosas inspe&ccedil;&otilde;es de qualidade para garantir que produzir&aacute; um sinal de sa&iacute;da consistente e funcionar&aacute; perfeitamente com os sistemas de gerenciamento de motor OEM. Entendemos que tanto gerentes de frotas comerciais quanto propriet&aacute;rios de ve&iacute;culos individuais precisam de desempenho de n&iacute;vel de f&aacute;brica a um pre&ccedil;o acess&iacute;vel, e nossos sensores O2 para caminh&otilde;es SINOTRUK HOWO, Shacman e Steyr s&atilde;o projetados para oferecer exatamente isso.<\/span><\/p>\n<","protected":false},"excerpt":{"rendered":"<p>SINOTRUCK HOWO, Shacman, caminh&otilde;es Steyr Sensor de Oxig&ecirc;nio O2 de Qualidade Usado 612600190242 para caminh&otilde;es SINOTRUK HOWO, Shacman e Steyr. Este sensor de oxig&ecirc;nio do motor usado fornece monitoramento preciso do n&iacute;vel de oxig&ecirc;nio no escapamento para garantir que o motor diesel pesado esteja funcionando com a m&aacute;xima efici&ecirc;ncia de combust&iacute;vel, baixas emiss&otilde;es e desempenho [&#8230;]\n","protected":false},"featured_media":669,"comment_status":"open","ping_status":"closed","template":"","meta":{"_acf_changed":false},"product_brand":[],"product_cat":[75],"product_tag":[],"class_list":{"0":"post-640","1":"product","2":"type-product","3":"status-publish","4":"has-post-thumbnail","6":"product_cat-o2-sensor","8":"first","9":"instock","10":"featured","11":"shipping-taxable","12":"product-type-simple"},"acf":[],"_links":{"self":[{"href":"https:\/\/bossensor.com\/pt\/wp-json\/wp\/v2\/product\/640","targetHints":{"allow":["GET"]}}],"collection":[{"href":"https:\/\/bossensor.com\/pt\/wp-json\/wp\/v2\/product"}],"about":[{"href":"https:\/\/bossensor.com\/pt\/wp-json\/wp\/v2\/types\/product"}],"replies":[{"embeddable":true,"href":"https:\/\/bossensor.com\/pt\/wp-json\/wp\/v2\/comments?post=640"}],"wp:featuredmedia":[{"embeddable":true,"href":"https:\/\/bossensor.com\/pt\/wp-json\/wp\/v2\/media\/669"}],"wp:attachment":[{"href":"https:\/\/bossensor.com\/pt\/wp-json\/wp\/v2\/media?parent=640"}],"wp:term":[{"taxonomy":"product_brand","embeddable":true,"href":"https:\/\/bossensor.com\/pt\/wp-json\/wp\/v2\/product_brand?post=640"},{"taxonomy":"product_cat","embeddable":true,"href":"https:\/\/bossensor.com\/pt\/wp-json\/wp\/v2\/product_cat?post=640"},{"taxonomy":"product_tag","embeddable":true,"href":"https:\/\/bossensor.com\/pt\/wp-json\/wp\/v2\/product_tag?post=640"}],"curies":[{"name":"wp","href":"https:\/\/api.w.org\/{rel}","templated":true}]}}