{"id":646,"date":"2025-10-28T08:14:53","date_gmt":"2025-10-28T15:14:53","guid":{"rendered":"https:\/\/bossensor.com\/?post_type=product&#038;p=646"},"modified":"2025-11-06T08:09:54","modified_gmt":"2025-11-06T16:09:54","slug":"bosch-o2-sensor-0258017462-engine-oxygen-sensor-replacement-for-cars-and-trucks","status":"publish","type":"product","link":"https:\/\/bossensor.com\/pt\/product\/bosch-o2-sensor-0258017462-engine-oxygen-sensor-replacement-for-cars-and-trucks\/","title":{"rendered":"Sensor de Oxig\u00eanio BOSCH 0258017462 | Substitui\u00e7\u00e3o do Sensor de Oxig\u00eanio do Motor para Carros e Caminh\u00f5es"},"content":{"rendered":"<p class=\"md-end-block md-p md-focus\"><span class=\"md-plain md-expand\">O Sensor de Oxig&ecirc;nio BOSCH 0258017462 &eacute; um sensor de oxig&ecirc;nio premium para motores, projetado para fornecer leituras precisas da rela&ccedil;&atilde;o ar-combust&iacute;vel para carros e caminh&otilde;es. Desenvolvido conforme especifica&ccedil;&otilde;es OEM pela BOSCH, um dos nomes mais confi&aacute;veis em tecnologia automotiva, este sensor ajuda a garantir combust&atilde;o eficiente, menor consumo de combust&iacute;vel e redu&ccedil;&atilde;o de emiss&otilde;es.<\/span> <span class=\"md-plain\">Ideal para oficinas de repara&ccedil;&atilde;o de motores, atacadistas e propriet&aacute;rios de ve&iacute;culos que exigem desempenho confi&aacute;vel e durabilidade duradoura.<\/span><\/p>\n<h2 class=\"md-end-block md-heading\"><span class=\"md-plain\">Caracter&iacute;sticas Principais<\/span><\/h2>\n<ul class=\"ul-list\" data-mark=\"-\">\n<li class=\"md-list-item\">\n<p class=\"md-end-block md-p\"><span class=\"md-plain\">Qualidade OEM de Substitui&ccedil;&atilde;o: N&uacute;mero do modelo 0258017462, projetado para encaixe e desempenho precisos.<\/span><\/p>\n<\/li>\n<li class=\"md-list-item\">\n<p class=\"md-end-block md-p\"><span class=\"md-plain\">Medi&ccedil;&atilde;o Precisas: Fornece dados de oxig&ecirc;nio em tempo real para a ECU para controle ideal de combust&iacute;vel e exaust&atilde;o mais limpa.<\/span><\/p>\n<\/li>\n<li class=\"md-list-item\">\n<p class=\"md-end-block md-p\"><span class=\"md-plain\">Constru&ccedil;&atilde;o Met&aacute;lica Dur&aacute;vel: Feita de metal de alta qualidade com superf&iacute;cie resistente &agrave; corros&atilde;o para maior durabilidade.<\/span><\/p>\n<\/li>\n<li class=\"md-list-item\">\n<p class=\"md-end-block md-p\"><span class=\"md-plain\">Efici&ecirc;ncia do Motor: Ajuda a manter a propor&ccedil;&atilde;o ideal de ar-combust&iacute;vel, melhorando a quilometragem e reduzindo as emiss&otilde;es.<\/span><\/p>\n<\/li>\n<li class=\"md-list-item\">\n<p class=\"md-end-block md-p\"><span class=\"md-plain\">Instala&ccedil;&atilde;o F&aacute;cil: Design plug-and-play com conector de estilo original para substitui&ccedil;&atilde;o r&aacute;pida e simples.<\/span><\/p>\n<\/li>\n<li class=\"md-list-item\">\n<p class=\"md-end-block md-p\"><span class=\"md-plain\">ISO9001 Certificado: Atende aos padr&otilde;es internacionais de qualidade para desempenho consistente e confi&aacute;vel.<\/span><\/p>\n<\/li>\n<\/ul>\n<h3 data-start=\"1412\" data-end=\"1434\"><strong data-start=\"1416\" data-end=\"1434\">Especifica&ccedil;&otilde;es<\/strong><\/h3>\n<div class=\"_tableContainer_1rjym_1\">\n<div class=\"group _tableWrapper_1rjym_13 flex w-fit flex-col-reverse\" tabindex=\"-1\">\n<table class=\"w-fit min-w-(--thread-content-width)\" data-start=\"1435\" data-end=\"1923\">\n<thead data-start=\"1435\" data-end=\"1466\">\n<tr data-start=\"1435\" data-end=\"1466\">\n<th data-start=\"1435\" data-end=\"1451\" data-col-size=\"sm\"><strong data-start=\"1437\" data-end=\"1450\">Atributo<\/strong><\/th>\n<th data-start=\"1451\" data-end=\"1466\" data-col-size=\"sm\"><strong data-start=\"1453\" data-end=\"1464\">Detalhes<\/strong><\/th>\n<\/tr>\n<\/thead>\n<tbody data-start=\"1500\" data-end=\"1923\">\n<tr data-start=\"1500\" data-end=\"1526\">\n<td data-start=\"1500\" data-end=\"1517\" data-col-size=\"sm\"><strong data-start=\"1502\" data-end=\"1516\">Nome da Marca<\/strong><\/td>\n<td data-col-size=\"sm\" data-start=\"1517\" data-end=\"1526\">BOSCH<\/td>\n<\/tr>\n<tr data-start=\"1527\" data-end=\"1560\">\n<td data-start=\"1527\" data-end=\"1546\" data-col-size=\"sm\"><strong data-start=\"1529\" data-end=\"1545\">N&uacute;mero do Modelo<\/strong><\/td>\n<td data-col-size=\"sm\" data-start=\"1546\" data-end=\"1560\">0258017462<\/td>\n<\/tr>\n<tr data-start=\"1561\" data-end=\"1596\">\n<td data-start=\"1561\" data-end=\"1572\" data-col-size=\"sm\"><strong data-start=\"1563\" data-end=\"1571\">Tipo<\/strong><\/td>\n<td data-col-size=\"sm\" data-start=\"1572\" data-end=\"1596\">Sensor de Oxig&ecirc;nio do Motor<\/td>\n<\/tr>\n<tr data-start=\"1597\" data-end=\"1621\">\n<td data-start=\"1597\" data-end=\"1612\" data-col-size=\"sm\"><strong data-start=\"1599\" data-end=\"1611\">Material<\/strong><\/td>\n<td data-col-size=\"sm\" data-start=\"1612\" data-end=\"1621\">Metal<\/td>\n<\/tr>\n<tr data-start=\"1622\" data-end=\"1656\">\n<td data-start=\"1622\" data-end=\"1638\" data-col-size=\"sm\"><strong data-start=\"1624\" data-end=\"1637\">Condi&ccedil;&atilde;o<\/strong><\/td>\n<td data-col-size=\"sm\" data-start=\"1638\" data-end=\"1656\">100% Novo<\/td>\n<\/tr>\n<tr data-start=\"1657\" data-end=\"1687\">\n<td data-start=\"1657\" data-end=\"1671\" data-col-size=\"sm\"><strong data-start=\"1659\" data-end=\"1670\">Qualidade<\/strong><\/td>\n<td data-col-size=\"sm\" data-start=\"1671\" data-end=\"1687\">Alta Qualidade<\/td>\n<\/tr>\n<tr data-start=\"1688\" data-end=\"1715\">\n<td data-start=\"1688\" data-end=\"1703\" data-col-size=\"sm\"><strong data-start=\"1690\" data-end=\"1702\">Garantia<\/strong><\/td>\n<td data-col-size=\"sm\" data-start=\"1703\" data-end=\"1715\">3 Meses<\/td>\n<\/tr>\n<tr data-start=\"1716\" data-end=\"1745\">\n<td data-start=\"1716\" data-end=\"1734\" data-col-size=\"sm\"><strong data-start=\"1718\" data-end=\"1733\">Certificado<\/strong><\/td>\n<td data-col-size=\"sm\" data-start=\"1734\" data-end=\"1745\">ISO9001<\/td>\n<\/tr>\n<tr data-start=\"1746\" data-end=\"1769\">\n<td data-start=\"1746\" data-end=\"1759\" data-col-size=\"sm\"><strong data-start=\"1748\" data-end=\"1758\">Peso<\/strong><\/td>\n<td data-col-size=\"sm\" data-start=\"1759\" data-end=\"1769\">0,2 kg<\/td>\n<\/tr>\n<tr data-start=\"1770\" data-end=\"1808\">\n<td data-start=\"1770\" data-end=\"1789\" data-col-size=\"sm\"><strong data-start=\"1772\" data-end=\"1788\">Tamanho da Embalagem<\/strong><\/td>\n<td data-col-size=\"sm\" data-start=\"1789\" data-end=\"1808\">20 &times; 20 &times; 20 cm<\/td>\n<\/tr>\n<tr data-start=\"1809\" data-end=\"1850\">\n<td data-start=\"1809\" data-end=\"1831\" data-col-size=\"sm\"><strong data-start=\"1811\" data-end=\"1830\">Local de Origem<\/strong><\/td>\n<td data-col-size=\"sm\" data-start=\"1831\" data-end=\"1850\">Shandong, China<\/td>\n<\/tr>\n<tr data-start=\"1851\" data-end=\"1890\">\n<td data-start=\"1851\" data-end=\"1877\" data-col-size=\"sm\"><strong data-start=\"1853\" data-end=\"1876\">MOQ (Quantidade M&iacute;nima de Pedido)<\/strong><\/td>\n<td data-col-size=\"sm\" data-start=\"1877\" data-end=\"1890\">10 Pe&ccedil;as<\/td>\n<\/tr>\n<tr data-start=\"1891\" data-end=\"1923\">\n<td data-start=\"1891\" data-end=\"1911\" data-col-size=\"sm\"><strong data-start=\"1893\" data-end=\"1910\">Tempo de Entrega<\/strong><\/td>\n<td data-col-size=\"sm\" data-start=\"1911\" data-end=\"1923\">3&ndash;7 Dias<\/td>\n<\/tr>\n<\/tbody>\n<\/table>\n<\/div>\n<\/div>\n<h3 data-start=\"1930\" data-end=\"1950\"><strong data-start=\"1934\" data-end=\"1950\">Aplica&ccedil;&otilde;es<\/strong><\/h3>\n<p data-start=\"1951\" data-end=\"1989\">Isto<strong data-start=\"1956\" data-end=\"1975\">Sensor de oxig&ecirc;nio BOSCH<\/strong>&eacute; ideal para:<\/p>\n<ul data-start=\"1990\" data-end=\"2181\">\n<li data-start=\"1990\" data-end=\"2036\">\n<p data-start=\"1992\" data-end=\"2036\">Substitui&ccedil;&atilde;o ou repara&ccedil;&atilde;o de motor de carro e caminh&atilde;o<\/p>\n<\/li>\n<li data-start=\"2037\" data-end=\"2080\">\n<p data-start=\"2039\" data-end=\"2080\">Manuten&ccedil;&atilde;o da frota e servi&ccedil;o de emiss&otilde;es<\/p>\n<\/li>\n<li data-start=\"2081\" data-end=\"2116\">\n<p data-start=\"2083\" data-end=\"2116\">Oficinas de reparo equivalentes a OEM<\/p>\n<\/li>\n<li data-start=\"2117\" data-end=\"2181\">\n<p data-start=\"2119\" data-end=\"2181\">Atacadistas de pe&ccedil;as automotivas em busca de componentes de motor de alta demanda<\/p>\n<\/li>\n<\/ul>\n<h3 data-start=\"2188\" data-end=\"2204\"><strong data-start=\"2192\" data-end=\"2204\">Benef&iacute;cios<\/strong><\/h3>\n<p data-start=\"2205\" data-end=\"2485\">&#9989; <strong data-start=\"2207\" data-end=\"2232\">Melhora a economia de combust&iacute;vel<\/strong>assegurando o controle preciso da inje&ccedil;&atilde;o de combust&iacute;vel<br data-start=\"2275\" data-end=\"2278\">&#9989; <strong data-start=\"2280\" data-end=\"2317\">Reduz as emiss&otilde;es nocivas de escape<\/strong>para uma opera&ccedil;&atilde;o mais limpa do motor<br data-start=\"2346\" data-end=\"2349\">&#9989; <strong data-start=\"2351\" data-end=\"2382\">Melhora o desempenho do motor<\/strong>e resposta do acelerador<br data-start=\"2404\" data-end=\"2407\">&#9989; <strong data-start=\"2409\" data-end=\"2434\">Qualidade confi&aacute;vel da BOSCH<\/strong>&mdash; constru&iacute;do para durabilidade e confiabilidade a longo prazo<\/p>\n<h3 data-start=\"2492\" data-end=\"2520\"><strong data-start=\"2496\" data-end=\"2520\">Embalagem e Entrega<\/strong><\/h3>\n<ul data-start=\"2521\" data-end=\"2688\">\n<li data-start=\"2521\" data-end=\"2554\">\n<p data-start=\"2523\" data-end=\"2554\"><strong data-start=\"2523\" data-end=\"2540\">Unidade de Venda:<\/strong>Item &uacute;nico<\/p>\n<\/li>\n<li data-start=\"2555\" data-end=\"2593\">\n<p data-start=\"2557\" data-end=\"2593\"><strong data-start=\"2557\" data-end=\"2574\">Peso Bruto:<\/strong>17,2 kg (caixa)<\/p>\n<\/li>\n<li data-start=\"2594\" data-end=\"2637\">\n<p data-start=\"2596\" data-end=\"2637\"><strong data-start=\"2596\" data-end=\"2619\">Dimens&otilde;es do Pacote:<\/strong>20 &times; 20 &times; 20 cm<\/p>\n<\/li>\n<li data-start=\"2638\" data-end=\"2688\">\n<p data-start=\"2640\" data-end=\"2688\"><strong data-start=\"2640\" data-end=\"2654\">Tempo de Entrega:<\/strong>3&ndash;7 dias &uacute;teis ap&oacute;s o pagamento<\/p>\n<\/li>\n<\/ul>\n<h3 data-start=\"2695\" data-end=\"2734\"><strong data-start=\"2699\" data-end=\"2734\">Por que Escolher Sensores de Oxig&ecirc;nio BOSCH<\/strong><\/h3>\n<h2 class=\"md-end-block md-heading\"><span class=\"md-plain\">Por que Escolher Sensores de Oxig&ecirc;nio BOSCH<\/span><\/h2>\n<p class=\"md-end-block md-p md-focus\"><span class=\"md-plain md-expand\">A BOSCH &eacute; l&iacute;der global em tecnologia de sensores automotivos, com uma hist&oacute;ria de mais de 80 anos. Os sensores de oxig&ecirc;nio da BOSCH s&atilde;o rigorosamente testados quanto &agrave; precis&atilde;o, confiabilidade e durabilidade em condi&ccedil;&otilde;es operacionais extremas. O Sensor de Oxig&ecirc;nio BOSCH 0258017462 &eacute; a escolha ideal para propriet&aacute;rios de ve&iacute;culos que desejam garantir longevidade do motor, efici&ecirc;ncia de combust&iacute;vel e conformidade ambiental.<\/span><\/p>\n<","protected":false},"excerpt":{"rendered":"<p>O Sensor de Oxig&ecirc;nio BOSCH 0258017462 &eacute; um sensor de oxig&ecirc;nio premium para motores, projetado para fornecer leituras precisas da rela&ccedil;&atilde;o ar-combust&iacute;vel para carros e caminh&otilde;es. Desenvolvido conforme especifica&ccedil;&otilde;es OEM pela BOSCH, um dos nomes mais confi&aacute;veis em tecnologia automotiva, este sensor ajuda a garantir combust&atilde;o eficiente, menor consumo de combust&iacute;vel e redu&ccedil;&atilde;o de emiss&otilde;es. [&#8230;]\n","protected":false},"featured_media":678,"comment_status":"open","ping_status":"closed","template":"","meta":{"_acf_changed":false},"product_brand":[],"product_cat":[75],"product_tag":[],"class_list":{"0":"post-646","1":"product","2":"type-product","3":"status-publish","4":"has-post-thumbnail","6":"product_cat-o2-sensor","8":"first","9":"instock","10":"featured","11":"shipping-taxable","12":"product-type-simple"},"acf":[],"_links":{"self":[{"href":"https:\/\/bossensor.com\/pt\/wp-json\/wp\/v2\/product\/646","targetHints":{"allow":["GET"]}}],"collection":[{"href":"https:\/\/bossensor.com\/pt\/wp-json\/wp\/v2\/product"}],"about":[{"href":"https:\/\/bossensor.com\/pt\/wp-json\/wp\/v2\/types\/product"}],"replies":[{"embeddable":true,"href":"https:\/\/bossensor.com\/pt\/wp-json\/wp\/v2\/comments?post=646"}],"wp:featuredmedia":[{"embeddable":true,"href":"https:\/\/bossensor.com\/pt\/wp-json\/wp\/v2\/media\/678"}],"wp:attachment":[{"href":"https:\/\/bossensor.com\/pt\/wp-json\/wp\/v2\/media?parent=646"}],"wp:term":[{"taxonomy":"product_brand","embeddable":true,"href":"https:\/\/bossensor.com\/pt\/wp-json\/wp\/v2\/product_brand?post=646"},{"taxonomy":"product_cat","embeddable":true,"href":"https:\/\/bossensor.com\/pt\/wp-json\/wp\/v2\/product_cat?post=646"},{"taxonomy":"product_tag","embeddable":true,"href":"https:\/\/bossensor.com\/pt\/wp-json\/wp\/v2\/product_tag?post=646"}],"curies":[{"name":"wp","href":"https:\/\/api.w.org\/{rel}","templated":true}]}}