{"id":654,"date":"2025-10-28T08:50:31","date_gmt":"2025-10-28T15:50:31","guid":{"rendered":"https:\/\/bossensor.com\/?post_type=product&#038;p=654"},"modified":"2025-10-29T05:52:15","modified_gmt":"2025-10-29T12:52:15","slug":"oxygen-o2-sensor-25325359-for-changan-dongfeng-jac-jinbei-trucks-reliable-engine-replacement-part","status":"publish","type":"product","link":"https:\/\/bossensor.com\/pt\/product\/oxygen-o2-sensor-25325359-for-changan-dongfeng-jac-jinbei-trucks-reliable-engine-replacement-part\/","title":{"rendered":"Sensor de Oxig\u00eanio O2 25325359 para Caminh\u00f5es Changan, Dongfeng, JAC, Jinbei | Pe\u00e7a de Substitui\u00e7\u00e3o de Motor Confi\u00e1vel"},"content":{"rendered":"<div>Sensor de Oxig&ecirc;nio O2 25325359, sensor de substitui&ccedil;&atilde;o de motor de alta qualidade para caminh&otilde;es Changan, Dongfeng, JAC e Jinbei, que detecta a quantidade de oxig&ecirc;nio no escapamento e ajuda a obter uma combust&atilde;o perfeita do combust&iacute;vel, desempenho do motor mais suave e menores emiss&otilde;es de escapamento. Sensor de substitui&ccedil;&atilde;o para caminh&otilde;es, este &eacute; um acess&oacute;rio ideal para propriet&aacute;rios de caminh&otilde;es, oficinas de reparo e pontos de distribui&ccedil;&atilde;o atacadista. Com um acabamento superior, o Sensor de Oxig&ecirc;nio O2 25325359 &eacute; um sensor que funciona de forma confi&aacute;vel e tem a sensa&ccedil;&atilde;o de um dispositivo original com um pre&ccedil;o muito baixo.<\/div>\n<div><\/div>\n<div>\n<h3 data-start=\"1405\" data-end=\"1427\"><strong data-start=\"1409\" data-end=\"1427\">Especifica&ccedil;&otilde;es<\/strong><\/h3>\n<\/div>\n<div>Compatibilidade OEM: Substitui&ccedil;&atilde;o de encaixe direto para o n&uacute;mero OE 25325359, projetada conforme as especifica&ccedil;&otilde;es originais da f&aacute;brica ou superiores.<\/div>\n<div><\/div>\n<div>Qualidade Profissional Testada: Cada sensor de O2 &eacute; rigorosamente testado em sua funcionalidade para garantir qualidade e durabilidade para um desempenho de longo prazo.<\/div>\n<div><\/div>\n<div>Efici&ecirc;ncia de Combust&iacute;vel Otimizada: Otimiza a mistura ar-combust&iacute;vel para queima magra, economizando no consumo de combust&iacute;vel e melhorando a resposta do acelerador.<\/div>\n<div><\/div>\n<div>Design Dur&aacute;vel: Constru&iacute;do com materiais resistentes a altas temperaturas e corpo de metal &agrave; prova de corros&atilde;o para longa vida &uacute;til.<\/div>\n<div><\/div>\n<div>Instala&ccedil;&atilde;o F&aacute;cil: Plug-and-play com conector de estilo de f&aacute;brica para substitui&ccedil;&atilde;o simples &mdash; nenhuma ferramenta especial necess&aacute;ria.<\/div>\n<div>\n<div class=\"_tableContainer_1rjym_1\">\n<div class=\"group _tableWrapper_1rjym_13 flex w-fit flex-col-reverse\" tabindex=\"-1\">\n<table class=\"w-fit min-w-(--thread-content-width)\" data-start=\"1428\" data-end=\"1801\">\n<thead data-start=\"1428\" data-end=\"1459\">\n<tr data-start=\"1428\" data-end=\"1459\">\n<th data-start=\"1428\" data-end=\"1444\" data-col-size=\"sm\"><strong data-start=\"1430\" data-end=\"1443\">Atributo<\/strong><\/th>\n<th data-start=\"1444\" data-end=\"1459\" data-col-size=\"sm\"><strong data-start=\"1446\" data-end=\"1457\">Detalhes<\/strong><\/th>\n<\/tr>\n<\/thead>\n<tbody data-start=\"1493\" data-end=\"1801\">\n<tr data-start=\"1493\" data-end=\"1521\">\n<td data-start=\"1493\" data-end=\"1509\" data-col-size=\"sm\"><strong data-start=\"1495\" data-end=\"1508\">N&uacute;mero OE<\/strong><\/td>\n<td data-col-size=\"sm\" data-start=\"1509\" data-end=\"1521\">25325359<\/td>\n<\/tr>\n<tr data-start=\"1522\" data-end=\"1553\">\n<td data-start=\"1522\" data-end=\"1541\" data-col-size=\"sm\"><strong data-start=\"1524\" data-end=\"1540\">N&uacute;mero do Modelo<\/strong><\/td>\n<td data-col-size=\"sm\" data-start=\"1541\" data-end=\"1553\">25325359<\/td>\n<\/tr>\n<tr data-start=\"1554\" data-end=\"1588\">\n<td data-start=\"1554\" data-end=\"1570\" data-col-size=\"sm\"><strong data-start=\"1556\" data-end=\"1569\">Condi&ccedil;&atilde;o<\/strong><\/td>\n<td data-col-size=\"sm\" data-start=\"1570\" data-end=\"1588\">100% Novo<\/td>\n<\/tr>\n<tr data-start=\"1589\" data-end=\"1617\">\n<td data-start=\"1589\" data-end=\"1600\" data-col-size=\"sm\"><strong data-start=\"1591\" data-end=\"1599\">Tipo<\/strong><\/td>\n<td data-col-size=\"sm\" data-start=\"1600\" data-end=\"1617\"><span class=\"mars-pro\" data-o=\"Oxygen Sensor\">Oxygen Sensor<\/span><\/td>\n<\/tr>\n<tr data-start=\"1618\" data-end=\"1665\">\n<td data-start=\"1618\" data-end=\"1632\" data-col-size=\"sm\"><strong data-start=\"1620\" data-end=\"1631\">Prop&oacute;sito<\/strong><\/td>\n<td data-col-size=\"sm\" data-start=\"1632\" data-end=\"1665\"><span class=\"mars-pro\" data-o=\"For engine repair\/replacement\">For engine repair\/replacement<\/span><\/td>\n<\/tr>\n<tr data-start=\"1666\" data-end=\"1705\">\n<td data-start=\"1666\" data-end=\"1680\" data-col-size=\"sm\"><strong data-start=\"1668\" data-end=\"1679\">Qualidade<\/strong><\/td>\n<td data-col-size=\"sm\" data-start=\"1680\" data-end=\"1705\"><span class=\"mars-pro\" data-o=\"Professionally Tested\">Professionally Tested<\/span><\/td>\n<\/tr>\n<tr data-start=\"1706\" data-end=\"1733\">\n<td data-start=\"1706\" data-end=\"1717\" data-col-size=\"sm\"><strong data-start=\"1708\" data-end=\"1716\"><span class=\"mars-pro\" data-o=\"Size\">Size<\/span><\/strong><\/td>\n<td data-col-size=\"sm\" data-start=\"1717\" data-end=\"1733\"><span class=\"mars-pro\" data-o=\"OEM Standard\">OEM Standard<\/span><\/td>\n<\/tr>\n<tr data-start=\"1734\" data-end=\"1761\">\n<td data-start=\"1734\" data-end=\"1749\" data-col-size=\"sm\"><strong data-start=\"1736\" data-end=\"1748\">Garantia<\/strong><\/td>\n<td data-col-size=\"sm\" data-start=\"1749\" data-end=\"1761\">6 Meses<\/td>\n<\/tr>\n<tr data-start=\"1762\" data-end=\"1801\">\n<td data-start=\"1762\" data-end=\"1784\" data-col-size=\"sm\"><strong data-start=\"1764\" data-end=\"1783\">Local de Origem<\/strong><\/td>\n<td data-col-size=\"sm\" data-start=\"1784\" data-end=\"1801\"><span class=\"mars-pro\" data-o=\"Fujian, China\">Fujian, China<\/span><\/td>\n<\/tr>\n<\/tbody>\n<\/table>\n<\/div>\n<\/div>\n<h3 data-start=\"1808\" data-end=\"1835\"><strong data-start=\"1812\" data-end=\"1835\">Ve&iacute;culos Compat&iacute;veis<\/strong><\/h3>\n<div class=\"_tableContainer_1rjym_1\">\n<div class=\"group _tableWrapper_1rjym_13 flex w-fit flex-col-reverse\" tabindex=\"-1\">\n<table class=\"w-fit min-w-(--thread-content-width)\" data-start=\"1836\" data-end=\"2155\">\n<thead data-start=\"1836\" data-end=\"1890\">\n<tr data-start=\"1836\" data-end=\"1890\">\n<th data-start=\"1836\" data-end=\"1848\" data-col-size=\"sm\"><strong data-start=\"1838\" data-end=\"1847\">Marca<\/strong><\/th>\n<th data-start=\"1848\" data-end=\"1860\" data-col-size=\"sm\"><strong data-start=\"1850\" data-end=\"1859\">Modelo<\/strong><\/th>\n<th data-start=\"1860\" data-end=\"1871\" data-col-size=\"sm\"><strong data-start=\"1862\" data-end=\"1870\">Ano<\/strong><\/th>\n<th data-start=\"1871\" data-end=\"1890\" data-col-size=\"sm\"><strong data-start=\"1873\" data-end=\"1888\">Tipo de Motor<\/strong><\/th>\n<\/tr>\n<\/thead>\n<tbody data-start=\"1950\" data-end=\"2155\">\n<tr data-start=\"1950\" data-end=\"2008\">\n<td data-start=\"1950\" data-end=\"1964\" data-col-size=\"sm\"><strong data-start=\"1952\" data-end=\"1963\"><span class=\"mars-pro\" data-o=\"Changan\">Changan<\/span><\/strong><\/td>\n<td data-col-size=\"sm\" data-start=\"1964\" data-end=\"1970\"><span class=\"mars-pro\" data-o=\"E30\">E30<\/span><\/td>\n<td data-col-size=\"sm\" data-start=\"1970\" data-end=\"1985\"><span class=\"mars-pro\" data-o=\"2011&ndash;Present\">2011&ndash;Present<\/span><\/td>\n<td data-col-size=\"sm\" data-start=\"1985\" data-end=\"2008\"><span class=\"mars-pro\" data-o=\"Electric \/ Gasoline\">Electric \/ Gasoline<\/span><\/td>\n<\/tr>\n<tr data-start=\"2009\" data-end=\"2064\">\n<td data-start=\"2009\" data-end=\"2024\" data-col-size=\"sm\"><strong data-start=\"2011\" data-end=\"2023\"><span class=\"mars-pro\" data-o=\"Dongfeng\">Dongfeng<\/span><\/strong><\/td>\n<td data-col-size=\"sm\" data-start=\"2024\" data-end=\"2039\"><span class=\"mars-pro\" data-o=\"Truck Series\">Truck Series<\/span><\/td>\n<td data-col-size=\"sm\" data-start=\"2039\" data-end=\"2043\">&mdash;<\/td>\n<td data-col-size=\"sm\" data-start=\"2043\" data-end=\"2064\"><span class=\"mars-pro\" data-o=\"Diesel \/ Gasoline\">Diesel \/ Gasoline<\/span><\/td>\n<\/tr>\n<tr data-start=\"2065\" data-end=\"2104\">\n<td data-start=\"2065\" data-end=\"2075\" data-col-size=\"sm\"><strong data-start=\"2067\" data-end=\"2074\"><span class=\"mars-pro\" data-o=\"JAC\">JAC<\/span><\/strong><\/td>\n<td data-col-size=\"sm\" data-start=\"2075\" data-end=\"2090\"><span class=\"mars-pro\" data-o=\"Truck Series\">Truck Series<\/span><\/td>\n<td data-col-size=\"sm\" data-start=\"2090\" data-end=\"2094\">&mdash;<\/td>\n<td data-col-size=\"sm\" data-start=\"2094\" data-end=\"2104\"><span class=\"mars-pro\" data-o=\"Diesel\">Diesel<\/span><\/td>\n<\/tr>\n<tr data-start=\"2105\" data-end=\"2155\">\n<td data-start=\"2105\" data-end=\"2118\" data-col-size=\"sm\"><strong data-start=\"2107\" data-end=\"2117\"><span class=\"mars-pro\" data-o=\"Jinbei\">Jinbei<\/span><\/strong><\/td>\n<td data-col-size=\"sm\" data-start=\"2118\" data-end=\"2139\"><span class=\"mars-pro\" data-o=\"Light Truck Series\">Light Truck Series<\/span><\/td>\n<td data-col-size=\"sm\" data-start=\"2139\" data-end=\"2143\">&mdash;<\/td>\n<td data-col-size=\"sm\" data-start=\"2143\" data-end=\"2155\"><span class=\"mars-pro\" data-o=\"Gasoline\">Gasoline<\/span><\/td>\n<\/tr>\n<\/tbody>\n<\/table>\n<\/div>\n<\/div>\n<h3 data-start=\"2162\" data-end=\"2182\"><strong data-start=\"2166\" data-end=\"2182\">Aplica&ccedil;&otilde;es<\/strong><\/h3>\n<p data-start=\"2183\" data-end=\"2193\">Ideal para:<\/p>\n<ul data-start=\"2194\" data-end=\"2403\">\n<li data-start=\"2194\" data-end=\"2244\">\n<p data-start=\"2196\" data-end=\"2244\"><span class=\"mars-pro\" data-o=\"Heavy-duty truck maintenance and engine repair\">Heavy-duty truck maintenance and engine repair<\/span><\/p>\n<\/li>\n<li data-start=\"2245\" data-end=\"2294\">\n<p data-start=\"2247\" data-end=\"2294\"><span class=\"mars-pro\" data-o=\"Automotive parts wholesalers and distributors\">Automotive parts wholesalers and distributors<\/span><\/p>\n<\/li>\n<li data-start=\"2295\" data-end=\"2332\">\n<p data-start=\"2297\" data-end=\"2332\"><span class=\"mars-pro\" data-o=\"Truck service centers and garages\">Truck service centers and garages<\/span><\/p>\n<\/li>\n<li data-start=\"2333\" data-end=\"2403\">\n<p data-start=\"2335\" data-end=\"2403\"><span class=\"mars-pro\" data-o=\"Individual vehicle owners looking for reliable replacement sensors\">Individual vehicle owners looking for reliable replacement sensors<\/span><\/p>\n<\/li>\n<\/ul>\n<h3 data-start=\"2410\" data-end=\"2426\"><strong data-start=\"2414\" data-end=\"2426\">Benef&iacute;cios<\/strong><\/h3>\n<p data-start=\"2427\" data-end=\"2717\">&#9989; <strong data-start=\"2429\" data-end=\"2455\"><span class=\"mars-pro\" data-o=\"Accurate signal output\">Accurate signal output<\/span><\/strong><span class=\"mars-pro\" data-o=\" for improved engine control\"> for improved engine control<\/span><br data-start=\"2483\" data-end=\"2486\">&#9989; <strong data-start=\"2488\" data-end=\"2514\"><span class=\"mars-pro\" data-o=\"Lower fuel consumption\">Lower fuel consumption<\/span><\/strong><span class=\"mars-pro\" data-o=\" and fewer emissions\"> and fewer emissions<\/span><br data-start=\"2534\" data-end=\"2537\">&#9989; <strong data-start=\"2539\" data-end=\"2562\"><span class=\"mars-pro\" data-o=\"Enhanced durability\">Enhanced durability<\/span><\/strong><span class=\"mars-pro\" data-o=\" under high-temperature environments\"> under high-temperature environments<\/span><br data-start=\"2598\" data-end=\"2601\">&#9989; <strong data-start=\"2603\" data-end=\"2635\"><span class=\"mars-pro\" data-o=\"Direct-fit OEM compatibility\">Direct-fit OEM compatibility<\/span><\/strong><span class=\"mars-pro\" data-o=\" &mdash; ready to install\"> &mdash; ready to install<\/span><br data-start=\"2654\" data-end=\"2657\">&#9989; <strong data-start=\"2659\" data-end=\"2689\"><span class=\"mars-pro\" data-o=\"Backed by 6-month warranty\">Backed by 6-month warranty<\/span><\/strong><span class=\"mars-pro\" data-o=\" and ISO-certified quality\"> and ISO-certified quality<\/span><\/p>\n<h3 data-start=\"2724\" data-end=\"2752\"><strong data-start=\"2728\" data-end=\"2752\">Embalagem e Entrega<\/strong><\/h3>\n<ul data-start=\"2753\" data-end=\"2914\">\n<li data-start=\"2753\" data-end=\"2786\">\n<p data-start=\"2755\" data-end=\"2786\"><strong data-start=\"2755\" data-end=\"2772\">Unidade de Venda:<\/strong>Item &Uacute;nico<\/p>\n<\/li>\n<li data-start=\"2787\" data-end=\"2829\">\n<p data-start=\"2789\" data-end=\"2829\"><strong data-start=\"2789\" data-end=\"2806\">Peso Bruto:<\/strong><span class=\"mars-pro\" data-o=\" 17.2 kg (per carton)\"> 17.2 kg (per carton)<\/span><\/p>\n<\/li>\n<li data-start=\"2830\" data-end=\"2873\">\n<p data-start=\"2832\" data-end=\"2873\"><strong data-start=\"2832\" data-end=\"2855\">Dimens&otilde;es do Pacote:<\/strong>20 &times; 20 &times; 20 cm<\/p>\n<\/li>\n<li data-start=\"2874\" data-end=\"2914\">\n<p data-start=\"2876\" data-end=\"2914\"><strong data-start=\"2876\" data-end=\"2894\">Tempo de Entrega:<\/strong>3&ndash;7 Dias &Uacute;teis<\/p>\n<\/li>\n<\/ul>\n<\/div>\n<div><\/div>\n<div>\n<h3 data-start=\"2724\" data-end=\"2752\"><strong data-start=\"2728\" data-end=\"2752\"><span class=\"mars-pro\" data-o=\"Why you need this O2 Sensor\">Why you need this O2 Sensor<\/span><\/strong><\/h3>\n<\/div>\n<div><\/div>\n<div><span class=\"mars-pro\" data-o=\"Precision technology gives the Oxygen O2 Sensor 25325359 the necessary stability to work so that the engine of your truck does its job in the most efficient and environmentally friendly way. Oxygen O2 Sensor 25325359 is a sensor that allows you to reduce the toxicity of the exhaust, improve combustion stability and increase the service life of the engine. The sensor is designed both for fleet service and for private customers and is the guarantee of professional reliability at an affordable price.\">Precision technology gives the Oxygen O2 Sensor 25325359 the necessary stability to work so that the engine of your truck does its job in the most efficient and environmentally friendly way. Oxygen O2 Sensor 25325359 is a sensor that allows you to reduce the toxicity of the exhaust, improve combustion stability and increase the service life of the engine. The sensor is designed both for fleet service and for private customers and is the guarantee of professional reliability at an affordable price.<\/span><\/div>\n<","protected":false},"excerpt":{"rendered":"<p>Sensor de Oxig&ecirc;nio O2 25325359, sensor de substitui&ccedil;&atilde;o de motor de alta qualidade para caminh&otilde;es Changan, Dongfeng, JAC e Jinbei, que detecta a quantidade de oxig&ecirc;nio no escapamento e ajuda a obter uma combust&atilde;o perfeita do combust&iacute;vel, desempenho do motor mais suave e menores emiss&otilde;es de escapamento. Sensor de substitui&ccedil;&atilde;o para caminh&otilde;es, este &eacute; um [&#8230;]\n","protected":false},"featured_media":683,"comment_status":"open","ping_status":"closed","template":"","meta":{"_acf_changed":false},"product_brand":[],"product_cat":[75],"product_tag":[],"class_list":{"0":"post-654","1":"product","2":"type-product","3":"status-publish","4":"has-post-thumbnail","6":"product_cat-o2-sensor","8":"first","9":"instock","10":"shipping-taxable","11":"product-type-simple"},"acf":[],"_links":{"self":[{"href":"https:\/\/bossensor.com\/pt\/wp-json\/wp\/v2\/product\/654","targetHints":{"allow":["GET"]}}],"collection":[{"href":"https:\/\/bossensor.com\/pt\/wp-json\/wp\/v2\/product"}],"about":[{"href":"https:\/\/bossensor.com\/pt\/wp-json\/wp\/v2\/types\/product"}],"replies":[{"embeddable":true,"href":"https:\/\/bossensor.com\/pt\/wp-json\/wp\/v2\/comments?post=654"}],"wp:featuredmedia":[{"embeddable":true,"href":"https:\/\/bossensor.com\/pt\/wp-json\/wp\/v2\/media\/683"}],"wp:attachment":[{"href":"https:\/\/bossensor.com\/pt\/wp-json\/wp\/v2\/media?parent=654"}],"wp:term":[{"taxonomy":"product_brand","embeddable":true,"href":"https:\/\/bossensor.com\/pt\/wp-json\/wp\/v2\/product_brand?post=654"},{"taxonomy":"product_cat","embeddable":true,"href":"https:\/\/bossensor.com\/pt\/wp-json\/wp\/v2\/product_cat?post=654"},{"taxonomy":"product_tag","embeddable":true,"href":"https:\/\/bossensor.com\/pt\/wp-json\/wp\/v2\/product_tag?post=654"}],"curies":[{"name":"wp","href":"https:\/\/api.w.org\/{rel}","templated":true}]}}