{"id":660,"date":"2025-10-28T09:26:01","date_gmt":"2025-10-28T16:26:01","guid":{"rendered":"https:\/\/bossensor.com\/?post_type=product&#038;p=660"},"modified":"2025-11-06T08:09:58","modified_gmt":"2025-11-06T16:09:58","slug":"oxygen-o2-sensor-wg1034121032-for-sinotruk-howo-trucks-nitrogen-oxygen-sensor-replacement","status":"publish","type":"product","link":"https:\/\/bossensor.com\/pt\/product\/oxygen-o2-sensor-wg1034121032-for-sinotruk-howo-trucks-nitrogen-oxygen-sensor-replacement\/","title":{"rendered":"Sensor de Oxig\u00eanio O2 WG1034121032 para Caminh\u00f5es SINOTRUK HOWO | Substitui\u00e7\u00e3o do Sensor de Nitrog\u00eanio Oxig\u00eanio"},"content":{"rendered":"<p class=\"md-end-block md-p md-focus\"><span class=\"md-plain md-expand\">&Eacute; a qualidade original<\/span><span class=\"md-pair-s \"><strong><span class=\"md-plain\">Sensor de Oxig&ecirc;nio de Nitrog&ecirc;nio<\/span><\/strong><\/span><span class=\"md-plain\">para o<\/span><span class=\"md-pair-s \"><strong><span class=\"md-plain\">SINOTRUK HOWO caminh&atilde;o pesado.<\/span><\/strong><\/span><\/p>\n<p class=\"md-end-block md-p\"><span class=\"md-plain\">O Sensor de Oxig&ecirc;nio SINOTRUK WG1034121032 monitora o teor de oxig&ecirc;nio e nitrog&ecirc;nio nos gases de escape de um motor diesel, possibilitando medi&ccedil;&otilde;es precisas de emiss&otilde;es, otimizando o consumo de combust&iacute;vel e melhorando o desempenho do motor.<\/span><\/p>\n<p class=\"md-end-block md-p\"><span class=\"md-plain\">Adequado como substituto para HOWO, Steyr, HOWO A7, Steyr King, Golden Prince e outros modelos SINOTRUK CNHTC. Fabricado com alta precis&atilde;o, este sensor de nitrog&ecirc;nio e oxig&ecirc;nio oferece confiabilidade de qualidade OEM, o que ajuda a reduzir as emiss&otilde;es e prolonga a vida &uacute;til do motor.<\/span><\/p>\n<h3 data-start=\"1568\" data-end=\"1590\"><strong data-start=\"1572\" data-end=\"1590\">Recurso<\/strong><\/h3>\n<ul class=\"ul-list\" data-mark=\"-\">\n<li class=\"md-list-item\">\n<p class=\"md-end-block md-p\"><span class=\"md-pair-s \"><strong><span class=\"md-plain\">N&ordm; OE WG1034121032 Substitui&ccedil;&atilde;o OEM:<\/span><\/strong><\/span><span class=\"md-plain\">Este sensor de oxig&ecirc;nio &eacute; projetado para superar os padr&otilde;es de f&aacute;brica.<\/span><\/p>\n<\/li>\n<li class=\"md-list-item\">\n<p class=\"md-end-block md-p\"><span class=\"md-pair-s \"><strong><span class=\"md-plain\">Elemento de Detec&ccedil;&atilde;o Preciso:<\/span><\/strong><\/span><span class=\"md-plain\">Detectar com precis&atilde;o a concentra&ccedil;&atilde;o de oxig&ecirc;nio e nitrog&ecirc;nio para fornecer controle preciso da rela&ccedil;&atilde;o ar-combust&iacute;vel.<\/span><\/p>\n<\/li>\n<li class=\"md-list-item\">\n<p class=\"md-end-block md-p\"><span class=\"md-pair-s \"><strong><span class=\"md-plain\">Constru&ccedil;&atilde;o Robusta:<\/span><\/strong><\/span><span class=\"md-plain\">Constru&iacute;do em a&ccedil;o inoxid&aacute;vel e materiais resistentes a altas temperaturas para uma longa vida &uacute;til.<\/span><\/p>\n<\/li>\n<li class=\"md-list-item\">\n<p class=\"md-end-block md-p\"><span class=\"md-pair-s \"><strong><span class=\"md-plain\">Efici&ecirc;ncia Aprimorada do Motor:<\/span><\/strong><\/span><span class=\"md-plain\">Ajudar a otimizar a combust&atilde;o de combust&iacute;vel e reduzir as emiss&otilde;es de escape.<\/span><\/p>\n<\/li>\n<li class=\"md-list-item\">\n<p class=\"md-end-block md-p md-focus\"><span class=\"md-pair-s \"><strong><span class=\"md-plain\">Instala&ccedil;&atilde;o Plug and Play:<\/span><\/strong><\/span><span class=\"md-plain\">Integrado com o conector, o sensor &eacute; f&aacute;cil de instalar e n&atilde;o s&atilde;o necess&aacute;rias altera&ccedil;&otilde;es.<\/span><\/p>\n<\/li>\n<li class=\"md-list-item\">\n<p class=\"md-end-block md-p\"><span class=\"md-pair-s \"><strong><span class=\"md-plain\">Qualidade Garantida:<\/span><\/strong><\/span><span class=\"md-plain\">Cada sensor &eacute; testado de f&aacute;brica quanto &agrave; estabilidade do sinal, resist&ecirc;ncia ao calor e durabilidade.<\/span><\/p>\n<\/li>\n<\/ul>\n<h3 data-start=\"1568\" data-end=\"1590\"><strong data-start=\"1572\" data-end=\"1590\">Especifica&ccedil;&otilde;es<\/strong><\/h3>\n<div class=\"_tableContainer_1rjym_1\">\n<div class=\"group _tableWrapper_1rjym_13 flex w-fit flex-col-reverse\" tabindex=\"-1\">\n<table class=\"w-fit min-w-(--thread-content-width)\" data-start=\"1591\" data-end=\"2064\">\n<thead data-start=\"1591\" data-end=\"1622\">\n<tr data-start=\"1591\" data-end=\"1622\">\n<th data-start=\"1591\" data-end=\"1607\" data-col-size=\"sm\"><strong data-start=\"1593\" data-end=\"1606\">Atributo<\/strong><\/th>\n<th data-start=\"1607\" data-end=\"1622\" data-col-size=\"sm\"><strong data-start=\"1609\" data-end=\"1620\">Detalhes<\/strong><\/th>\n<\/tr>\n<\/thead>\n<tbody data-start=\"1656\" data-end=\"2064\">\n<tr data-start=\"1656\" data-end=\"1688\">\n<td data-start=\"1656\" data-end=\"1672\" data-col-size=\"sm\"><strong data-start=\"1658\" data-end=\"1671\">N&uacute;mero OE<\/strong><\/td>\n<td data-col-size=\"sm\" data-start=\"1672\" data-end=\"1688\">WG1034121032<\/td>\n<\/tr>\n<tr data-start=\"1689\" data-end=\"1724\">\n<td data-start=\"1689\" data-end=\"1708\" data-col-size=\"sm\"><strong data-start=\"1691\" data-end=\"1707\">N&uacute;mero do Modelo<\/strong><\/td>\n<td data-col-size=\"sm\" data-start=\"1708\" data-end=\"1724\">WG1034121032<\/td>\n<\/tr>\n<tr data-start=\"1725\" data-end=\"1762\">\n<td data-start=\"1725\" data-end=\"1736\" data-col-size=\"sm\"><strong data-start=\"1727\" data-end=\"1735\">Tipo<\/strong><\/td>\n<td data-col-size=\"sm\" data-start=\"1736\" data-end=\"1762\">Sensor de Oxig&ecirc;nio de Nitrog&ecirc;nio<\/td>\n<\/tr>\n<tr data-start=\"1763\" data-end=\"1792\">\n<td data-start=\"1763\" data-end=\"1780\" data-col-size=\"sm\"><strong data-start=\"1765\" data-end=\"1779\">Nome da Marca<\/strong><\/td>\n<td data-col-size=\"sm\" data-start=\"1780\" data-end=\"1792\">SINOTRUK<\/td>\n<\/tr>\n<tr data-start=\"1793\" data-end=\"1821\">\n<td data-start=\"1793\" data-end=\"1809\" data-col-size=\"sm\"><strong data-start=\"1795\" data-end=\"1808\">Condi&ccedil;&atilde;o<\/strong><\/td>\n<td data-col-size=\"sm\" data-start=\"1809\" data-end=\"1821\">100% Novo<\/td>\n<\/tr>\n<tr data-start=\"1822\" data-end=\"1857\">\n<td data-start=\"1822\" data-end=\"1837\" data-col-size=\"sm\"><strong data-start=\"1824\" data-end=\"1836\">Material<\/strong><\/td>\n<td data-col-size=\"sm\" data-start=\"1837\" data-end=\"1857\">Qualidade Original<\/td>\n<\/tr>\n<tr data-start=\"1858\" data-end=\"1903\">\n<td data-start=\"1858\" data-end=\"1872\" data-col-size=\"sm\"><strong data-start=\"1860\" data-end=\"1871\">Prop&oacute;sito<\/strong><\/td>\n<td data-col-size=\"sm\" data-start=\"1872\" data-end=\"1903\">Repara&ccedil;&atilde;o \/ substitui&ccedil;&atilde;o do motor<\/td>\n<\/tr>\n<tr data-start=\"1904\" data-end=\"1946\">\n<td data-start=\"1904\" data-end=\"1922\" data-col-size=\"sm\"><strong data-start=\"1906\" data-end=\"1921\">Tipo de Motor<\/strong><\/td>\n<td data-col-size=\"sm\" data-start=\"1922\" data-end=\"1946\">Diesel \/ 6 Cilindros<\/td>\n<\/tr>\n<tr data-start=\"1947\" data-end=\"1975\">\n<td data-start=\"1947\" data-end=\"1961\" data-col-size=\"sm\"><strong data-start=\"1949\" data-end=\"1960\">Qualidade<\/strong><\/td>\n<td data-col-size=\"sm\" data-start=\"1961\" data-end=\"1975\">Garantido<\/td>\n<\/tr>\n<tr data-start=\"1976\" data-end=\"1997\">\n<td data-start=\"1976\" data-end=\"1986\" data-col-size=\"sm\"><strong data-start=\"1978\" data-end=\"1985\">Quantidade M&iacute;nima de Pedido<\/strong><\/td>\n<td data-col-size=\"sm\" data-start=\"1986\" data-end=\"1997\">1 Pe&ccedil;a<\/td>\n<\/tr>\n<tr data-start=\"1998\" data-end=\"2022\">\n<td data-start=\"1998\" data-end=\"2012\" data-col-size=\"sm\"><strong data-start=\"2000\" data-end=\"2011\">Embalagem<\/strong><\/td>\n<td data-col-size=\"sm\" data-start=\"2012\" data-end=\"2022\">Cart&atilde;o<\/td>\n<\/tr>\n<tr data-start=\"2023\" data-end=\"2064\">\n<td data-start=\"2023\" data-end=\"2045\" data-col-size=\"sm\"><strong data-start=\"2025\" data-end=\"2044\">Local de Origem<\/strong><\/td>\n<td data-col-size=\"sm\" data-start=\"2045\" data-end=\"2064\">Shandong, China<\/td>\n<\/tr>\n<\/tbody>\n<\/table>\n<\/div>\n<\/div>\n<h3 data-start=\"2071\" data-end=\"2098\"><strong data-start=\"2075\" data-end=\"2098\">Ve&iacute;culos Compat&iacute;veis<\/strong><\/h3>\n<div class=\"_tableContainer_1rjym_1\">\n<div class=\"group _tableWrapper_1rjym_13 flex w-fit flex-col-reverse\" tabindex=\"-1\">\n<table class=\"w-fit min-w-(--thread-content-width)\" data-start=\"2099\" data-end=\"2527\">\n<thead data-start=\"2099\" data-end=\"2135\">\n<tr data-start=\"2099\" data-end=\"2135\">\n<th data-start=\"2099\" data-end=\"2111\" data-col-size=\"sm\"><strong data-start=\"2101\" data-end=\"2110\">Marca<\/strong><\/th>\n<th data-start=\"2111\" data-end=\"2123\" data-col-size=\"sm\"><strong data-start=\"2113\" data-end=\"2122\">Modelo<\/strong><\/th>\n<th data-start=\"2123\" data-end=\"2135\" data-col-size=\"sm\"><strong data-start=\"2125\" data-end=\"2133\">Ano<\/strong><\/th>\n<\/tr>\n<\/thead>\n<tbody data-start=\"2176\" data-end=\"2527\">\n<tr data-start=\"2176\" data-end=\"2222\">\n<td data-start=\"2176\" data-end=\"2199\" data-col-size=\"sm\"><strong data-start=\"2178\" data-end=\"2198\">&#20013;&#22269;&#37325;&#27773;&#38598;&#22242;&#65288;CNHTC&#65289;<\/strong><\/td>\n<td data-col-size=\"sm\" data-start=\"2199\" data-end=\"2206\">HOWO<\/td>\n<td data-col-size=\"sm\" data-start=\"2206\" data-end=\"2222\">2005&ndash;Presente<\/td>\n<\/tr>\n<tr data-start=\"2223\" data-end=\"2270\">\n<td data-start=\"2223\" data-end=\"2246\" data-col-size=\"sm\"><strong data-start=\"2225\" data-end=\"2245\">&#20013;&#22269;&#37325;&#27773;&#38598;&#22242;&#65288;CNHTC&#65289;<\/strong><\/td>\n<td data-col-size=\"sm\" data-start=\"2246\" data-end=\"2254\">Steyr<\/td>\n<td data-col-size=\"sm\" data-start=\"2254\" data-end=\"2270\">2005&ndash;Presente<\/td>\n<\/tr>\n<tr data-start=\"2271\" data-end=\"2320\">\n<td data-start=\"2271\" data-end=\"2294\" data-col-size=\"sm\"><strong data-start=\"2273\" data-end=\"2293\">&#20013;&#22269;&#37325;&#27773;&#38598;&#22242;&#65288;CNHTC&#65289;<\/strong><\/td>\n<td data-col-size=\"sm\" data-start=\"2294\" data-end=\"2304\">HOWO A7<\/td>\n<td data-col-size=\"sm\" data-start=\"2304\" data-end=\"2320\">2006&ndash;Presente<\/td>\n<\/tr>\n<tr data-start=\"2321\" data-end=\"2380\">\n<td data-start=\"2321\" data-end=\"2344\" data-col-size=\"sm\"><strong data-start=\"2323\" data-end=\"2343\">&#20013;&#22269;&#37325;&#27773;&#38598;&#22242;&#65288;CNHTC&#65289;<\/strong><\/td>\n<td data-col-size=\"sm\" data-start=\"2344\" data-end=\"2364\">COMANDANTE HUANGHE<\/td>\n<td data-col-size=\"sm\" data-start=\"2364\" data-end=\"2380\">2009&ndash;Presente<\/td>\n<\/tr>\n<tr data-start=\"2381\" data-end=\"2433\">\n<td data-start=\"2381\" data-end=\"2404\" data-col-size=\"sm\"><strong data-start=\"2383\" data-end=\"2403\">&#20013;&#22269;&#37325;&#27773;&#38598;&#22242;&#65288;CNHTC&#65289;<\/strong><\/td>\n<td data-col-size=\"sm\" data-start=\"2404\" data-end=\"2417\">STEYR REI<\/td>\n<td data-col-size=\"sm\" data-start=\"2417\" data-end=\"2433\">2007&ndash;Presente<\/td>\n<\/tr>\n<tr data-start=\"2434\" data-end=\"2478\">\n<td data-start=\"2434\" data-end=\"2457\" data-col-size=\"sm\"><strong data-start=\"2436\" data-end=\"2456\">&#20013;&#22269;&#37325;&#27773;&#38598;&#22242;&#65288;CNHTC&#65289;<\/strong><\/td>\n<td data-col-size=\"sm\" data-start=\"2457\" data-end=\"2473\">Pr&iacute;ncipe Dourado<\/td>\n<td data-col-size=\"sm\" data-start=\"2473\" data-end=\"2478\">&mdash;<\/td>\n<\/tr>\n<tr data-start=\"2479\" data-end=\"2527\">\n<td data-start=\"2479\" data-end=\"2502\" data-col-size=\"sm\"><strong data-start=\"2481\" data-end=\"2501\">&#20013;&#22269;&#37325;&#27773;&#38598;&#22242;&#65288;CNHTC&#65289;<\/strong><\/td>\n<td data-col-size=\"sm\" data-start=\"2502\" data-end=\"2511\">Haojun<\/td>\n<td data-col-size=\"sm\" data-start=\"2511\" data-end=\"2527\">2005&ndash;Presente<\/td>\n<\/tr>\n<\/tbody>\n<\/table>\n<\/div>\n<\/div>\n<h3 data-start=\"2534\" data-end=\"2554\"><strong data-start=\"2538\" data-end=\"2554\">Aplica&ccedil;&otilde;es<\/strong><\/h3>\n<p data-start=\"2555\" data-end=\"2565\">Ideal para:<\/p>\n<ul data-start=\"2566\" data-end=\"2686\">\n<li data-start=\"2566\" data-end=\"2594\">\n<p data-start=\"2568\" data-end=\"2594\">Caminh&otilde;es a diesel de alta capacidade<\/p>\n<\/li>\n<li data-start=\"2595\" data-end=\"2624\">\n<p data-start=\"2597\" data-end=\"2624\">Centros de manuten&ccedil;&atilde;o de frotas<\/p>\n<\/li>\n<li data-start=\"2625\" data-end=\"2651\">\n<p data-start=\"2627\" data-end=\"2651\">Distribuidores de pe&ccedil;as OEM<\/p>\n<\/li>\n<li data-start=\"2652\" data-end=\"2686\">\n<p data-start=\"2654\" data-end=\"2686\">Repara&ccedil;&otilde;es do sistema de emiss&atilde;o do motor<\/p>\n<\/li>\n<\/ul>\n<h3 data-start=\"2693\" data-end=\"2709\"><strong data-start=\"2697\" data-end=\"2709\">Benef&iacute;cios<\/strong><\/h3>\n<p data-start=\"2710\" data-end=\"3007\">&#9989; <strong data-start=\"2712\" data-end=\"2740\">Aumenta a efici&ecirc;ncia de combust&iacute;vel<\/strong>e reduz a carga do motor<br data-start=\"2764\" data-end=\"2767\">&#9989; <strong data-start=\"2769\" data-end=\"2797\">Reduz as emiss&otilde;es nocivas<\/strong>e atende aos padr&otilde;es ambientais<br data-start=\"2831\" data-end=\"2834\">&#9989; <strong data-start=\"2836\" data-end=\"2866\">Garante a combust&atilde;o ideal<\/strong>para uma acelera&ccedil;&atilde;o mais suave<br data-start=\"2892\" data-end=\"2895\">&#9989; <strong data-start=\"2897\" data-end=\"2937\">Previne problemas com a luz de aviso do motor<\/strong>causado por falha do sensor<br data-start=\"2962\" data-end=\"2965\">&#9989; <strong data-start=\"2967\" data-end=\"3007\">Apoiada pela garantia de qualidade da SINOTRUK<\/strong><\/p>\n<h3 data-start=\"3014\" data-end=\"3042\"><strong data-start=\"3018\" data-end=\"3042\">Embalagem e Entrega<\/strong><\/h3>\n<ul data-start=\"3043\" data-end=\"3175\">\n<li data-start=\"3043\" data-end=\"3076\">\n<p data-start=\"3045\" data-end=\"3076\"><strong data-start=\"3045\" data-end=\"3062\">Unidade de Venda:<\/strong>Item &Uacute;nico<\/p>\n<\/li>\n<li data-start=\"3077\" data-end=\"3113\">\n<p data-start=\"3079\" data-end=\"3113\"><strong data-start=\"3079\" data-end=\"3091\">Pacote:<\/strong>Caixa de papel&atilde;o padr&atilde;o<\/p>\n<\/li>\n<li data-start=\"3114\" data-end=\"3154\">\n<p data-start=\"3116\" data-end=\"3154\"><strong data-start=\"3116\" data-end=\"3134\">Tempo de Entrega:<\/strong>3&ndash;7 Dias &Uacute;teis<\/p>\n<\/li>\n<li data-start=\"3155\" data-end=\"3175\">\n<p data-start=\"3157\" data-end=\"3175\"><strong data-start=\"3157\" data-end=\"3165\">Quantidade M&iacute;nima de Pedido:<\/strong>1 Pe&ccedil;a<\/p>\n<\/li>\n<\/ul>\n<h3 data-start=\"3014\" data-end=\"3042\"><strong data-start=\"3018\" data-end=\"3042\">Por Que Voc&ecirc; Deve Escolher Nosso Sensor de Oxig&ecirc;nio<\/strong><\/h3>\n<p class=\"md-end-block md-p md-focus\"><span class=\"md-plain md-expand\">O Sensor SINOTRUK WG1034121032 combina tecnologia de sensoriamento de &uacute;ltima gera&ccedil;&atilde;o com robustez refor&ccedil;ada para garantir que voc&ecirc; receba um feedback de dados verdadeiro e preciso para a ECU, permitindo que seu motor diesel mantenha o equil&iacute;brio ideal de emiss&otilde;es. &Eacute; a pe&ccedil;a de reposi&ccedil;&atilde;o OEM ideal para restaurar a pot&ecirc;ncia, quilometragem e efici&ecirc;ncia de emiss&otilde;es do seu caminh&atilde;o HOWO, e &eacute; constru&iacute;do para resistir at&eacute; &agrave;s condi&ccedil;&otilde;es mais adversas.<\/span><\/p>\n<","protected":false},"excerpt":{"rendered":"<p>&Eacute; a qualidade originalSensor de Oxig&ecirc;nio de Nitrog&ecirc;niopara oSINOTRUK HOWO caminh&atilde;o pesado. O Sensor de Oxig&ecirc;nio SINOTRUK WG1034121032 monitora o teor de oxig&ecirc;nio e nitrog&ecirc;nio nos gases de escape de um motor diesel, possibilitando medi&ccedil;&otilde;es precisas de emiss&otilde;es, otimizando o consumo de combust&iacute;vel e melhorando o desempenho do motor. Adequado como substituto para HOWO, Steyr, [&#8230;]\n","protected":false},"featured_media":685,"comment_status":"open","ping_status":"closed","template":"","meta":{"_acf_changed":false},"product_brand":[],"product_cat":[75],"product_tag":[],"class_list":{"0":"post-660","1":"product","2":"type-product","3":"status-publish","4":"has-post-thumbnail","6":"product_cat-o2-sensor","8":"first","9":"instock","10":"featured","11":"shipping-taxable","12":"product-type-simple"},"acf":[],"_links":{"self":[{"href":"https:\/\/bossensor.com\/pt\/wp-json\/wp\/v2\/product\/660","targetHints":{"allow":["GET"]}}],"collection":[{"href":"https:\/\/bossensor.com\/pt\/wp-json\/wp\/v2\/product"}],"about":[{"href":"https:\/\/bossensor.com\/pt\/wp-json\/wp\/v2\/types\/product"}],"replies":[{"embeddable":true,"href":"https:\/\/bossensor.com\/pt\/wp-json\/wp\/v2\/comments?post=660"}],"wp:featuredmedia":[{"embeddable":true,"href":"https:\/\/bossensor.com\/pt\/wp-json\/wp\/v2\/media\/685"}],"wp:attachment":[{"href":"https:\/\/bossensor.com\/pt\/wp-json\/wp\/v2\/media?parent=660"}],"wp:term":[{"taxonomy":"product_brand","embeddable":true,"href":"https:\/\/bossensor.com\/pt\/wp-json\/wp\/v2\/product_brand?post=660"},{"taxonomy":"product_cat","embeddable":true,"href":"https:\/\/bossensor.com\/pt\/wp-json\/wp\/v2\/product_cat?post=660"},{"taxonomy":"product_tag","embeddable":true,"href":"https:\/\/bossensor.com\/pt\/wp-json\/wp\/v2\/product_tag?post=660"}],"curies":[{"name":"wp","href":"https:\/\/api.w.org\/{rel}","templated":true}]}}