{"id":701,"date":"2025-10-29T07:06:46","date_gmt":"2025-10-29T14:06:46","guid":{"rendered":"https:\/\/bossensor.com\/?post_type=product&#038;p=701"},"modified":"2025-10-29T07:49:05","modified_gmt":"2025-10-29T14:49:05","slug":"oxygen-o2-sensor-5wk97368-22827991-for-volvo-daf-iveco-man-trucks-24v-nitrogen-nox-sensor-replacement","status":"publish","type":"product","link":"https:\/\/bossensor.com\/pt\/product\/oxygen-o2-sensor-5wk97368-22827991-for-volvo-daf-iveco-man-trucks-24v-nitrogen-nox-sensor-replacement\/","title":{"rendered":"Sensor de Oxig\u00eanio O2 5WK97368 22827991 para Caminh\u00f5es VOLVO, DAF, IVECO, MAN | Substitui\u00e7\u00e3o do Sensor de Nitrog\u00eanio NOx 24V"},"content":{"rendered":"<p class=\"md-end-block md-p md-focus\"><span class=\"md-plain md-expand\"><span class=\"mars-pro\" data-o=\"Oxygen O2 Sensor 5WK97368 \/ 22827991 is a quality Nitrogen Oxide (NOx) emission sensor for VOLVO, DAF, IVECO and MAN Euro heavy trucks.\">Oxygen O2 Sensor 5WK97368 \/ 22827991 is a quality Nitrogen Oxide (NOx) emission sensor for VOLVO, DAF, IVECO and MAN Euro heavy trucks.<\/span><\/span> <span class=\"md-plain\"><span class=\"mars-pro\" data-o=\"Made by WTR, this 24V O2 sensor accurately measures oxygen and nitrogen oxide in the exhaust, helping keep your truck efficient, on-road and Euro compliant.\">Made by WTR, this 24V O2 sensor accurately measures oxygen and nitrogen oxide in the exhaust, helping keep your truck efficient, on-road and Euro compliant.<\/span><\/span><\/p>\n<p class=\"md-end-block md-p\"><span class=\"md-plain\"><span class=\"mars-pro\" data-o=\"It will help limit harmful exhaust emissions, fine-tune engine combustion and prolong the life of exhaust aftertreatment parts like SCR. This sensor is a direct-fit OEM replacement and is designed to offer the same performance and durability as the factory part.\">It will help limit harmful exhaust emissions, fine-tune engine combustion and prolong the life of exhaust aftertreatment parts like SCR. This sensor is a direct-fit OEM replacement and is designed to offer the same performance and durability as the factory part.<\/span><\/span><\/p>\n<h3 class=\"md-end-block md-heading\"><strong><span class=\"md-plain\">Especifica&ccedil;&otilde;es<\/span><\/strong><\/h3>\n<ul class=\"ul-list\" data-mark=\"-\">\n<li class=\"md-list-item\">\n<p class=\"md-end-block md-p\"><span class=\"md-plain\"><span class=\"mars-pro\" data-o=\"OEM Replacement: \">OEM Replacement: <\/span><\/span> <span class=\"md-plain\"><span class=\"mars-pro\" data-o=\"Replaces OE part numbers 5WK97368, 22827991, 21567737, 21531797, etc. 100% compatible with VOLVO, DAF, IVECO and MAN Euro trucks.\">Replaces OE part numbers 5WK97368, 22827991, 21567737, 21531797, etc. 100% compatible with VOLVO, DAF, IVECO and MAN Euro trucks.<\/span><\/span><\/p>\n<\/li>\n<li class=\"md-list-item\">\n<p class=\"md-end-block md-p\"><span class=\"md-plain\"><span class=\"mars-pro\" data-o=\"High Accuracy NOx Measurement: \">High Accuracy NOx Measurement: <\/span><\/span> <span class=\"md-plain\"><span class=\"mars-pro\" data-o=\"Detects the nitrogen oxide (NOx) concentration in exhaust gases accurately, so the ECU can precisely control the fuel-air ratio and SCR function.\">Detects the nitrogen oxide (NOx) concentration in exhaust gases accurately, so the ECU can precisely control the fuel-air ratio and SCR function.<\/span><\/span><\/p>\n<\/li>\n<li class=\"md-list-item\">\n<p class=\"md-end-block md-p\"><span class=\"md-plain\"><span class=\"mars-pro\" data-o=\"Plug-and-Play Installation: \">Plug-and-Play Installation: <\/span><\/span> <span class=\"md-plain\"><span class=\"mars-pro\" data-o=\"Comes pre-fitted with connectors and wiring harness. Installation is easy and fast with no need for modification or calibration.\">Comes pre-fitted with connectors and wiring harness. Installation is easy and fast with no need for modification or calibration.<\/span><\/span><\/p>\n<\/li>\n<li class=\"md-list-item\">\n<p class=\"md-end-block md-p\"><span class=\"md-plain\"><span class=\"mars-pro\" data-o=\"Durable Construction: \">Durable Construction: <\/span><\/span> <span class=\"md-plain\"><span class=\"mars-pro\" data-o=\"Made with a stainless-steel probe and high temperature resistant cable. Built for long life in harsh diesel truck conditions.\">Made with a stainless-steel probe and high temperature resistant cable. Built for long life in harsh diesel truck conditions.<\/span><\/span><\/p>\n<\/li>\n<li class=\"md-list-item\">\n<p class=\"md-end-block md-p\"><span class=\"md-plain\"><span class=\"mars-pro\" data-o=\"24V Heavy-Duty Design: \">24V Heavy-Duty Design: <\/span><\/span> <span class=\"md-plain\"><span class=\"mars-pro\" data-o=\"Engineered for Euro heavy trucks with a 24V electrical system.\">Engineered for Euro heavy trucks with a 24V electrical system.<\/span><\/span><\/p>\n<\/li>\n<\/ul>\n<h3 data-start=\"1879\" data-end=\"1911\"><strong data-start=\"1883\" data-end=\"1911\">Especifica&ccedil;&otilde;es T&eacute;cnicas<\/strong><\/h3>\n<div class=\"_tableContainer_1rjym_1\">\n<div class=\"group _tableWrapper_1rjym_13 flex w-fit flex-col-reverse\" tabindex=\"-1\">\n<table class=\"w-fit min-w-(--thread-content-width)\" data-start=\"1912\" data-end=\"2349\">\n<thead data-start=\"1912\" data-end=\"1943\">\n<tr data-start=\"1912\" data-end=\"1943\">\n<th data-start=\"1912\" data-end=\"1928\" data-col-size=\"sm\"><strong data-start=\"1914\" data-end=\"1927\">Par&acirc;metro<\/strong><\/th>\n<th data-start=\"1928\" data-end=\"1943\" data-col-size=\"sm\"><strong data-start=\"1930\" data-end=\"1941\">Detalhes<\/strong><\/th>\n<\/tr>\n<\/thead>\n<tbody data-start=\"1977\" data-end=\"2349\">\n<tr data-start=\"1977\" data-end=\"2036\">\n<td data-start=\"1977\" data-end=\"1994\" data-col-size=\"sm\"><strong data-start=\"1979\" data-end=\"1993\">N&uacute;meros OE<\/strong><\/td>\n<td data-start=\"1994\" data-end=\"2036\" data-col-size=\"sm\"><span class=\"mars-pro\" data-o=\"5WK97368, 22827991, 21567737, 21531797\">5WK97368, 22827991, 21567737, 21531797<\/span><\/td>\n<\/tr>\n<tr data-start=\"2037\" data-end=\"2061\">\n<td data-start=\"2037\" data-end=\"2054\" data-col-size=\"sm\"><strong data-start=\"2039\" data-end=\"2053\">Nome da Marca<\/strong><\/td>\n<td data-col-size=\"sm\" data-start=\"2054\" data-end=\"2061\"><span class=\"mars-pro\" data-o=\"WTR\">WTR<\/span><\/td>\n<\/tr>\n<tr data-start=\"2062\" data-end=\"2085\">\n<td data-start=\"2062\" data-end=\"2078\" data-col-size=\"sm\"><strong data-start=\"2064\" data-end=\"2077\">Condi&ccedil;&atilde;o<\/strong><\/td>\n<td data-start=\"2078\" data-end=\"2085\" data-col-size=\"sm\">Novo<\/td>\n<\/tr>\n<tr data-start=\"2086\" data-end=\"2107\">\n<td data-start=\"2086\" data-end=\"2100\" data-col-size=\"sm\"><strong data-start=\"2088\" data-end=\"2099\">Voltagem<\/strong><\/td>\n<td data-col-size=\"sm\" data-start=\"2100\" data-end=\"2107\">24V<\/td>\n<\/tr>\n<tr data-start=\"2108\" data-end=\"2142\">\n<td data-start=\"2108\" data-end=\"2119\" data-col-size=\"sm\"><strong data-start=\"2110\" data-end=\"2118\">Tipo<\/strong><\/td>\n<td data-start=\"2119\" data-end=\"2142\" data-col-size=\"sm\">Sensor de Oxig&ecirc;nio (NOx)<\/td>\n<\/tr>\n<tr data-start=\"2143\" data-end=\"2168\">\n<td data-start=\"2143\" data-end=\"2158\" data-col-size=\"sm\"><strong data-start=\"2145\" data-end=\"2157\">Garantia<\/strong><\/td>\n<td data-start=\"2158\" data-end=\"2168\" data-col-size=\"sm\">1 Ano<\/td>\n<\/tr>\n<tr data-start=\"2169\" data-end=\"2224\">\n<td data-start=\"2169\" data-end=\"2187\" data-col-size=\"sm\"><strong data-start=\"2171\" data-end=\"2186\">Aplica&ccedil;&atilde;o<\/strong><\/td>\n<td data-col-size=\"sm\" data-start=\"2187\" data-end=\"2224\"><span class=\"mars-pro\" data-o=\"Exhaust System \/ Emission Control\">Exhaust System \/ Emission Control<\/span><\/td>\n<\/tr>\n<tr data-start=\"2225\" data-end=\"2273\">\n<td data-start=\"2225\" data-end=\"2240\" data-col-size=\"sm\"><strong data-start=\"2227\" data-end=\"2239\">Marca do Carro<\/strong><\/td>\n<td data-col-size=\"sm\" data-start=\"2240\" data-end=\"2273\"><span class=\"mars-pro\" data-o=\"VOLVO, DAF, IVECO, MAN Trucks\">VOLVO, DAF, IVECO, MAN Trucks<\/span><\/td>\n<\/tr>\n<tr data-start=\"2274\" data-end=\"2315\">\n<td data-start=\"2274\" data-end=\"2293\" data-col-size=\"sm\"><strong data-start=\"2276\" data-end=\"2292\">Tipo de Ajuste<\/strong><\/td>\n<td data-col-size=\"sm\" data-start=\"2293\" data-end=\"2315\"><span class=\"mars-pro\" data-o=\"Direct Replacement\">Direct Replacement<\/span><\/td>\n<\/tr>\n<tr data-start=\"2316\" data-end=\"2349\">\n<td data-start=\"2316\" data-end=\"2329\" data-col-size=\"sm\"><strong data-start=\"2318\" data-end=\"2328\">Origem<\/strong><\/td>\n<td data-col-size=\"sm\" data-start=\"2329\" data-end=\"2349\">Guangdong, China<\/td>\n<\/tr>\n<\/tbody>\n<\/table>\n<\/div>\n<\/div>\n<h3 data-start=\"2356\" data-end=\"2383\"><strong data-start=\"2360\" data-end=\"2383\">Ve&iacute;culos Compat&iacute;veis<\/strong><\/h3>\n<p data-start=\"2384\" data-end=\"2490\"><span class=\"mars-pro\" data-o=\"This NOx sensor is suitable for a wide range of \">This NOx sensor is suitable for a wide range of <\/span><strong data-start=\"2432\" data-end=\"2459\"><span class=\"mars-pro\" data-o=\"Euro heavy truck models\">Euro heavy truck models<\/span><\/strong><span class=\"mars-pro\" data-o=\", including but not limited to:\">, including but not limited to:<\/span><\/p>\n<p data-start=\"2492\" data-end=\"2510\"><strong data-start=\"2492\" data-end=\"2508\"><span class=\"mars-pro\" data-o=\"VOLVO Trucks\">VOLVO Trucks<\/span><\/strong><\/p>\n<ul data-start=\"2511\" data-end=\"2559\">\n<li data-start=\"2511\" data-end=\"2559\">\n<p data-start=\"2513\" data-end=\"2559\"><span class=\"mars-pro\" data-o=\"FH \/ FM \/ FMX series (Euro 5 &amp; Euro 6 engines)\">FH \/ FM \/ FMX series (Euro 5 &amp; Euro 6 engines)<\/span><\/p>\n<\/li>\n<\/ul>\n<p data-start=\"2561\" data-end=\"2577\"><strong data-start=\"2561\" data-end=\"2575\"><span class=\"mars-pro\" data-o=\"DAF Trucks\">DAF Trucks<\/span><\/strong><\/p>\n<ul data-start=\"2578\" data-end=\"2633\">\n<li data-start=\"2578\" data-end=\"2633\">\n<p data-start=\"2580\" data-end=\"2633\"><span class=\"mars-pro\" data-o=\"95, SB, F1900, F2300, F2500, F2700 (Euro 3&ndash;5 engines)\">95, SB, F1900, F2300, F2500, F2700 (Euro 3&ndash;5 engines)<\/span><\/p>\n<\/li>\n<\/ul>\n<p data-start=\"2635\" data-end=\"2653\"><strong data-start=\"2635\" data-end=\"2651\"><span class=\"mars-pro\" data-o=\"IVECO Trucks\">IVECO Trucks<\/span><\/strong><\/p>\n<ul data-start=\"2654\" data-end=\"2722\">\n<li data-start=\"2654\" data-end=\"2722\">\n<p data-start=\"2656\" data-end=\"2722\"><span class=\"mars-pro\" data-o=\"STRALIS I, EUROTRAKKER, TRAKKER, EUROTECH, EUROCARGO (2000&ndash;2015)\">STRALIS I, EUROTRAKKER, TRAKKER, EUROTECH, EUROCARGO (2000&ndash;2015)<\/span><\/p>\n<\/li>\n<\/ul>\n<p data-start=\"2724\" data-end=\"2740\"><strong data-start=\"2724\" data-end=\"2738\">Caminh&otilde;es MAN<\/strong><\/p>\n<ul data-start=\"2741\" data-end=\"2793\">\n<li data-start=\"2741\" data-end=\"2793\">\n<p data-start=\"2743\" data-end=\"2793\"><span class=\"mars-pro\" data-o=\"TGA, TGS, TGX series, and Euro 6 diesel variants\">TGA, TGS, TGX series, and Euro 6 diesel variants<\/span><\/p>\n<\/li>\n<\/ul>\n<h3 data-start=\"2800\" data-end=\"2816\"><strong data-start=\"2804\" data-end=\"2816\">Benef&iacute;cios<\/strong><\/h3>\n<ul data-start=\"2817\" data-end=\"3083\">\n<li data-start=\"2817\" data-end=\"2878\">\n<p data-start=\"2819\" data-end=\"2878\"><span class=\"mars-pro\" data-o=\"&#9989; Keeps your truck compliant with Euro emission standards\">&#9989; Keeps your truck compliant with Euro emission standards<\/span><\/p>\n<\/li>\n<li data-start=\"2879\" data-end=\"2933\">\n<p data-start=\"2881\" data-end=\"2933\"><span class=\"mars-pro\" data-o=\"&#9989; Improves fuel efficiency and combustion accuracy\">&#9989; Improves fuel efficiency and combustion accuracy<\/span><\/p>\n<\/li>\n<li data-start=\"2934\" data-end=\"2984\">\n<p data-start=\"2936\" data-end=\"2984\"><span class=\"mars-pro\" data-o=\"&#9989; Extends SCR and catalytic converter lifespan\">&#9989; Extends SCR and catalytic converter lifespan<\/span><\/p>\n<\/li>\n<li data-start=\"2985\" data-end=\"3025\">\n<p data-start=\"2987\" data-end=\"3025\"><span class=\"mars-pro\" data-o=\"&#9989; Reduces NOx, CO&#8322;, and PM emissions\">&#9989; Reduces NOx, CO&#8322;, and PM emissions<\/span><\/p>\n<\/li>\n<li data-start=\"3026\" data-end=\"3083\">\n<p data-start=\"3028\" data-end=\"3083\"><span class=\"mars-pro\" data-o=\"&#9989; Ensures reliable, consistent sensor feedback to ECU\">&#9989; Ensures reliable, consistent sensor feedback to ECU<\/span><\/p>\n<\/li>\n<\/ul>\n<h3 data-start=\"3090\" data-end=\"3118\"><strong data-start=\"3094\" data-end=\"3118\">Embalagem e Entrega<\/strong><\/h3>\n<ul data-start=\"3119\" data-end=\"3296\">\n<li data-start=\"3119\" data-end=\"3187\">\n<p data-start=\"3121\" data-end=\"3187\"><strong data-start=\"3121\" data-end=\"3135\">Embalagem:<\/strong><span class=\"mars-pro\" data-o=\" Anti-static sealed bag + foam box + export carton\"> Anti-static sealed bag + foam box + export carton<\/span><\/p>\n<\/li>\n<li data-start=\"3188\" data-end=\"3243\">\n<p data-start=\"3190\" data-end=\"3243\"><strong data-start=\"3190\" data-end=\"3208\">Tempo de Entrega:<\/strong><span class=\"mars-pro\" data-o=\" 5&ndash;10 business days after payment\"> 5&ndash;10 business days after payment<\/span><\/p>\n<\/li>\n<li data-start=\"3244\" data-end=\"3296\">\n<p data-start=\"3246\" data-end=\"3296\"><strong data-start=\"3246\" data-end=\"3259\">Garantia:<\/strong><span class=\"mars-pro\" data-o=\" 12 months manufacturer&rsquo;s guarantee\"> 12 months manufacturer&rsquo;s guarantee<\/span><\/p>\n<\/li>\n<\/ul>\n<h3 class=\"md-end-block md-heading\"><strong><span class=\"md-plain\"><span class=\"mars-pro\" data-o=\"Why WTR Sensors \">Why WTR Sensors <\/span><\/span><\/strong><\/h3>\n<p class=\"md-end-block md-p md-focus\"><span class=\"md-pair-s \"><strong><span class=\"md-plain\"><span class=\"mars-pro\" data-o=\"WTR\">WTR<\/span><\/span><\/strong><\/span><span class=\"md-plain\"><span class=\"mars-pro\" data-o=\" is a trusted and recognized name for emission control sensors for heavy-duty trucks and buses.\"> is a trusted and recognized name for emission control sensors for heavy-duty trucks and buses.<\/span><\/span> <span class=\"md-plain\"><span class=\"mars-pro\" data-o=\"Each WTR sensor is voltage stable and tested for sensitivity and accuracy to make sure they provide the best performance for all road and weather conditions.\">Each WTR sensor is voltage stable and tested for sensitivity and accuracy to make sure they provide the best performance for all road and weather conditions.<\/span><\/span> <span class=\"md-plain md-expand\"><span class=\"mars-pro\" data-o=\"You can always rely on WTR sensors for OEM quality so your vehicles stay on the road efficiently, compliant and eco-friendly.\">You can always rely on WTR sensors for OEM quality so your vehicles stay on the road efficiently, compliant and eco-friendly.<\/span><\/span><\/p>\n<","protected":false},"excerpt":{"rendered":"<p>Oxygen O2 Sensor 5WK97368 \/ 22827991 is a quality Nitrogen Oxide (NOx) emission sensor for VOLVO, DAF, IVECO and MAN Euro heavy trucks. Made by WTR, this 24V O2 sensor accurately measures oxygen and nitrogen oxide in the exhaust, helping keep your truck efficient, on-road and Euro compliant. It will help limit harmful exhaust emissions, [&#8230;]\n","protected":false},"featured_media":703,"comment_status":"open","ping_status":"closed","template":"","meta":{"_acf_changed":false},"product_brand":[],"product_cat":[75],"product_tag":[],"class_list":{"0":"post-701","1":"product","2":"type-product","3":"status-publish","4":"has-post-thumbnail","6":"product_cat-o2-sensor","8":"first","9":"instock","10":"shipping-taxable","11":"product-type-simple"},"acf":[],"_links":{"self":[{"href":"https:\/\/bossensor.com\/pt\/wp-json\/wp\/v2\/product\/701","targetHints":{"allow":["GET"]}}],"collection":[{"href":"https:\/\/bossensor.com\/pt\/wp-json\/wp\/v2\/product"}],"about":[{"href":"https:\/\/bossensor.com\/pt\/wp-json\/wp\/v2\/types\/product"}],"replies":[{"embeddable":true,"href":"https:\/\/bossensor.com\/pt\/wp-json\/wp\/v2\/comments?post=701"}],"wp:featuredmedia":[{"embeddable":true,"href":"https:\/\/bossensor.com\/pt\/wp-json\/wp\/v2\/media\/703"}],"wp:attachment":[{"href":"https:\/\/bossensor.com\/pt\/wp-json\/wp\/v2\/media?parent=701"}],"wp:term":[{"taxonomy":"product_brand","embeddable":true,"href":"https:\/\/bossensor.com\/pt\/wp-json\/wp\/v2\/product_brand?post=701"},{"taxonomy":"product_cat","embeddable":true,"href":"https:\/\/bossensor.com\/pt\/wp-json\/wp\/v2\/product_cat?post=701"},{"taxonomy":"product_tag","embeddable":true,"href":"https:\/\/bossensor.com\/pt\/wp-json\/wp\/v2\/product_tag?post=701"}],"curies":[{"name":"wp","href":"https:\/\/api.w.org\/{rel}","templated":true}]}}