{"id":715,"date":"2025-10-29T07:29:44","date_gmt":"2025-10-29T14:29:44","guid":{"rendered":"https:\/\/bossensor.com\/?post_type=product&#038;p=715"},"modified":"2025-10-29T07:48:07","modified_gmt":"2025-10-29T14:48:07","slug":"oxygen-nox-sensor-5wk96740b-4326870-for-mercedes-benz-truck-12v-nitrogen-oxide-sensor-replacement","status":"publish","type":"product","link":"https:\/\/bossensor.com\/pt\/product\/oxygen-nox-sensor-5wk96740b-4326870-for-mercedes-benz-truck-12v-nitrogen-oxide-sensor-replacement\/","title":{"rendered":"Sensor de \u00d3xido de Nitrog\u00eanio (NOx) 5WK96740B 4326870 para Caminh\u00e3o Mercedes-Benz | Substitui\u00e7\u00e3o do Sensor de \u00d3xido de Nitrog\u00eanio 12V"},"content":{"rendered":"<p class=\"md-end-block md-p md-focus\"><span class=\"md-plain md-expand\"><span class=\"mars-pro\" data-o=\"The 5WK96740B NOx Sensor (OE 4326870) is a 12V Nitrogen Oxide (NOx) sensor for Mercedes-Benz SK, NG, T2\/L heavy-duty trucks.\">The 5WK96740B NOx Sensor (OE 4326870) is a 12V Nitrogen Oxide (NOx) sensor for Mercedes-Benz SK, NG, T2\/L heavy-duty trucks.<\/span><\/span><\/p>\n<p class=\"md-end-block md-p\"><span class=\"md-plain\"><span class=\"mars-pro\" data-o=\"The NOx sensor accurately monitors the levels of NOx gases in the exhaust. It is ideal for those who want to optimize the operation of their vehicle&rsquo;s SCR (Selective Catalytic Reduction) and EGR (Exhaust Gas Recirculation) systems.\">The NOx sensor accurately monitors the levels of NOx gases in the exhaust. It is ideal for those who want to optimize the operation of their vehicle&rsquo;s SCR (Selective Catalytic Reduction) and EGR (Exhaust Gas Recirculation) systems.<\/span><\/span><\/p>\n<p class=\"md-end-block md-p\"><span class=\"md-plain\"><span class=\"mars-pro\" data-o=\"This sensor is made according to OEM standards, and provides high resistance to vibration, corrosion and temperature. It is a perfect part to replace the original, for Euro 4\/5 diesel trucks to stay emission legal and to drive efficiently.\">This sensor is made according to OEM standards, and provides high resistance to vibration, corrosion and temperature. It is a perfect part to replace the original, for Euro 4\/5 diesel trucks to stay emission legal and to drive efficiently.<\/span><\/span><\/p>\n<h3 class=\"md-end-block md-heading\"><strong><span class=\"md-plain\">Especifica&ccedil;&otilde;es<\/span><\/strong><\/h3>\n<ul class=\"ul-list\" data-mark=\"-\">\n<li class=\"md-list-item\">\n<p class=\"md-end-block md-p\"><span class=\"md-pair-s \"><strong><span class=\"md-plain\"><span class=\"mars-pro\" data-o=\"OEM Replacement:\">OEM Replacement:<\/span><\/span><\/strong><\/span> <span class=\"md-plain\"><span class=\"mars-pro\" data-o=\"Fits the following OEM part numbers: 4326870, 5WK96740B, and other equivalent numbers for direct replacement.\">Fits the following OEM part numbers: 4326870, 5WK96740B, and other equivalent numbers for direct replacement.<\/span><\/span><\/p>\n<\/li>\n<li class=\"md-list-item\">\n<p class=\"md-end-block md-p\"><span class=\"md-plain\"><span class=\"mars-pro\" data-o=\"High Accurate NOx Sensor:** \">High Accurate NOx Sensor:** <\/span><\/span> <span class=\"md-plain\"><span class=\"mars-pro\" data-o=\"The NOx sensor can detect the concentration of nitrogen oxides in the exhaust gas with high accuracy, for fine control of SCR.\">The NOx sensor can detect the concentration of nitrogen oxides in the exhaust gas with high accuracy, for fine control of SCR.<\/span><\/span><\/p>\n<\/li>\n<li class=\"md-list-item\">\n<p class=\"md-end-block md-p\"><span class=\"md-pair-s \"><strong><span class=\"md-plain\"><span class=\"mars-pro\" data-o=\"12V Heavy Duty NOx Sensor:\">12V Heavy Duty NOx Sensor:<\/span><\/span><\/strong><\/span> <span class=\"md-plain\"><span class=\"mars-pro\" data-o=\"The sensor is specially designed for the 12V systems used in Mercedes-Benz trucks, ensuring full electrical compatibility.\">The sensor is specially designed for the 12V systems used in Mercedes-Benz trucks, ensuring full electrical compatibility.<\/span><\/span><\/p>\n<\/li>\n<li class=\"md-list-item\">\n<p class=\"md-end-block md-p\"><span class=\"md-plain\"><span class=\"mars-pro\" data-o=\"Top-Quality Durability:** \">Top-Quality Durability:** <\/span><\/span> <span class=\"md-plain\"><span class=\"mars-pro\" data-o=\"The stainless steel sensor and the heat-resistant reinforced connectors offer maximum resistance to heat, vibration, and corrosion.\">The stainless steel sensor and the heat-resistant reinforced connectors offer maximum resistance to heat, vibration, and corrosion.<\/span><\/span><\/p>\n<\/li>\n<li class=\"md-list-item\">\n<p class=\"md-end-block md-p\"><span class=\"md-pair-s \"><strong><span class=\"md-plain\"><span class=\"mars-pro\" data-o=\"Plug-and-Play Installation:\">Plug-and-Play Installation:<\/span><\/span><\/strong><\/span> <span class=\"md-plain\"><span class=\"mars-pro\" data-o=\"Factory style plug and direct fitment &ndash; installation is simple and does not require modifications or reprogramming.\">Factory style plug and direct fitment &ndash; installation is simple and does not require modifications or reprogramming.<\/span><\/span><\/p>\n<\/li>\n<\/ul>\n<h3 data-start=\"1806\" data-end=\"1838\"><strong data-start=\"1810\" data-end=\"1838\">Especifica&ccedil;&otilde;es T&eacute;cnicas<\/strong><\/h3>\n<div class=\"_tableContainer_1rjym_1\">\n<div class=\"group _tableWrapper_1rjym_13 flex w-fit flex-col-reverse\" tabindex=\"-1\">\n<table class=\"w-fit min-w-(--thread-content-width)\" data-start=\"1839\" data-end=\"2339\">\n<thead data-start=\"1839\" data-end=\"1870\">\n<tr data-start=\"1839\" data-end=\"1870\">\n<th data-start=\"1839\" data-end=\"1855\" data-col-size=\"sm\"><strong data-start=\"1841\" data-end=\"1854\">Par&acirc;metro<\/strong><\/th>\n<th data-start=\"1855\" data-end=\"1870\" data-col-size=\"sm\"><strong data-start=\"1857\" data-end=\"1868\">Detalhes<\/strong><\/th>\n<\/tr>\n<\/thead>\n<tbody data-start=\"1904\" data-end=\"2339\">\n<tr data-start=\"1904\" data-end=\"1931\">\n<td data-start=\"1904\" data-end=\"1920\" data-col-size=\"sm\"><strong data-start=\"1906\" data-end=\"1919\">N&uacute;mero OE<\/strong><\/td>\n<td data-col-size=\"sm\" data-start=\"1920\" data-end=\"1931\">4326870<\/td>\n<\/tr>\n<tr data-start=\"1932\" data-end=\"1964\">\n<td data-start=\"1932\" data-end=\"1951\" data-col-size=\"sm\"><strong data-start=\"1934\" data-end=\"1950\">N&uacute;mero do Modelo<\/strong><\/td>\n<td data-col-size=\"sm\" data-start=\"1951\" data-end=\"1964\"><span class=\"mars-pro\" data-o=\"5WK96740B\">5WK96740B<\/span><\/td>\n<\/tr>\n<tr data-start=\"1965\" data-end=\"1989\">\n<td data-start=\"1965\" data-end=\"1982\" data-col-size=\"sm\"><strong data-start=\"1967\" data-end=\"1981\">Nome da Marca<\/strong><\/td>\n<td data-col-size=\"sm\" data-start=\"1982\" data-end=\"1989\"><span class=\"mars-pro\" data-o=\"OEM\">OEM<\/span><\/td>\n<\/tr>\n<tr data-start=\"1990\" data-end=\"2032\">\n<td data-start=\"1990\" data-end=\"2001\" data-col-size=\"sm\"><strong data-start=\"1992\" data-end=\"2000\">Tipo<\/strong><\/td>\n<td data-col-size=\"sm\" data-start=\"2001\" data-end=\"2032\"><span class=\"mars-pro\" data-o=\"Nitrogen Oxide (NOx) Sensor\">Nitrogen Oxide (NOx) Sensor<\/span><\/td>\n<\/tr>\n<tr data-start=\"2033\" data-end=\"2054\">\n<td data-start=\"2033\" data-end=\"2047\" data-col-size=\"sm\"><strong data-start=\"2035\" data-end=\"2046\">Voltagem<\/strong><\/td>\n<td data-start=\"2047\" data-end=\"2054\" data-col-size=\"sm\"><span class=\"mars-pro\" data-o=\"12V\">12V<\/span><\/td>\n<\/tr>\n<tr data-start=\"2055\" data-end=\"2083\">\n<td data-start=\"2055\" data-end=\"2071\" data-col-size=\"sm\"><strong data-start=\"2057\" data-end=\"2070\">Condi&ccedil;&atilde;o<\/strong><\/td>\n<td data-start=\"2071\" data-end=\"2083\" data-col-size=\"sm\">100% Novo<\/td>\n<\/tr>\n<tr data-start=\"2084\" data-end=\"2140\">\n<td data-start=\"2084\" data-end=\"2102\" data-col-size=\"sm\"><strong data-start=\"2086\" data-end=\"2101\">Aplica&ccedil;&atilde;o<\/strong><\/td>\n<td data-start=\"2102\" data-end=\"2140\" data-col-size=\"sm\"><span class=\"mars-pro\" data-o=\"Mercedes-Benz Truck Exhaust System\">Mercedes-Benz Truck Exhaust System<\/span><\/td>\n<\/tr>\n<tr data-start=\"2141\" data-end=\"2170\">\n<td data-start=\"2141\" data-end=\"2155\" data-col-size=\"sm\"><strong data-start=\"2143\" data-end=\"2154\">Qualidade<\/strong><\/td>\n<td data-start=\"2155\" data-end=\"2170\" data-col-size=\"sm\">100% Testado<\/td>\n<\/tr>\n<tr data-start=\"2171\" data-end=\"2199\">\n<td data-start=\"2171\" data-end=\"2186\" data-col-size=\"sm\"><strong data-start=\"2173\" data-end=\"2185\">Garantia<\/strong><\/td>\n<td data-start=\"2186\" data-end=\"2199\" data-col-size=\"sm\">12 Meses<\/td>\n<\/tr>\n<tr data-start=\"2200\" data-end=\"2233\">\n<td data-start=\"2200\" data-end=\"2213\" data-col-size=\"sm\"><strong data-start=\"2202\" data-end=\"2212\">Origem<\/strong><\/td>\n<td data-start=\"2213\" data-end=\"2233\" data-col-size=\"sm\">Guangdong, China<\/td>\n<\/tr>\n<tr data-start=\"2234\" data-end=\"2267\">\n<td data-start=\"2234\" data-end=\"2254\" data-col-size=\"sm\"><strong data-start=\"2236\" data-end=\"2253\">Tempo de Entrega<\/strong><\/td>\n<td data-col-size=\"sm\" data-start=\"2254\" data-end=\"2267\"><span class=\"mars-pro\" data-o=\"7&ndash;15 Days\">7&ndash;15 Days<\/span><\/td>\n<\/tr>\n<tr data-start=\"2268\" data-end=\"2315\">\n<td data-start=\"2268\" data-end=\"2282\" data-col-size=\"sm\"><strong data-start=\"2270\" data-end=\"2281\">Embalagem<\/strong><\/td>\n<td data-col-size=\"sm\" data-start=\"2282\" data-end=\"2315\"><span class=\"mars-pro\" data-o=\"Neutral \/ Customer Customized\">Neutral \/ Customer Customized<\/span><\/td>\n<\/tr>\n<tr data-start=\"2316\" data-end=\"2339\">\n<td data-start=\"2316\" data-end=\"2327\" data-col-size=\"sm\"><strong data-start=\"2318\" data-end=\"2326\"><span class=\"mars-pro\" data-o=\"Size\">Size<\/span><\/strong><\/td>\n<td data-col-size=\"sm\" data-start=\"2327\" data-end=\"2339\"><span class=\"mars-pro\" data-o=\"Standard\">Standard<\/span><\/td>\n<\/tr>\n<\/tbody>\n<\/table>\n<\/div>\n<\/div>\n<h3 data-start=\"2346\" data-end=\"2373\"><strong data-start=\"2350\" data-end=\"2373\">Ve&iacute;culos Compat&iacute;veis<\/strong><\/h3>\n<p data-start=\"2374\" data-end=\"2452\"><span class=\"mars-pro\" data-o=\"This NOx sensor fits multiple \">This NOx sensor fits multiple <\/span><strong data-start=\"2404\" data-end=\"2440\"><span class=\"mars-pro\" data-o=\"Mercedes-Benz heavy truck models\">Mercedes-Benz heavy truck models<\/span><\/strong><span class=\"mars-pro\" data-o=\", including:\">, including:<\/span><\/p>\n<div class=\"_tableContainer_1rjym_1\">\n<div class=\"group _tableWrapper_1rjym_13 flex w-fit flex-col-reverse\" tabindex=\"-1\">\n<table class=\"w-fit min-w-(--thread-content-width)\" data-start=\"2454\" data-end=\"2921\">\n<thead data-start=\"2454\" data-end=\"2508\">\n<tr data-start=\"2454\" data-end=\"2508\">\n<th data-start=\"2454\" data-end=\"2465\" data-col-size=\"sm\"><strong data-start=\"2456\" data-end=\"2464\">Fazer<\/strong><\/th>\n<th data-start=\"2465\" data-end=\"2477\" data-col-size=\"sm\"><strong data-start=\"2467\" data-end=\"2476\">Modelo<\/strong><\/th>\n<th data-start=\"2477\" data-end=\"2494\" data-col-size=\"sm\"><strong data-start=\"2479\" data-end=\"2493\"><span class=\"mars-pro\" data-o=\"Year Range\">Year Range<\/span><\/strong><\/th>\n<th data-start=\"2494\" data-end=\"2508\" data-col-size=\"md\"><strong data-start=\"2496\" data-end=\"2506\">Motor<\/strong><\/th>\n<\/tr>\n<\/thead>\n<tbody data-start=\"2567\" data-end=\"2921\">\n<tr data-start=\"2567\" data-end=\"2662\">\n<td data-start=\"2567\" data-end=\"2583\" data-col-size=\"sm\"><span class=\"mars-pro\" data-o=\"Mercedes-Benz\">Mercedes-Benz<\/span><\/td>\n<td data-col-size=\"sm\" data-start=\"2583\" data-end=\"2595\"><span class=\"mars-pro\" data-o=\"SK Series\">SK Series<\/span><\/td>\n<td data-col-size=\"sm\" data-start=\"2595\" data-end=\"2613\"><span class=\"mars-pro\" data-o=\"1987.07&ndash;1996.09\">1987.07&ndash;1996.09<\/span><\/td>\n<td data-col-size=\"md\" data-start=\"2613\" data-end=\"2662\"><span class=\"mars-pro\" data-o=\"4050 A (368KW, 500PS), 3553 AK (390KW, 530PS)\">4050 A (368KW, 500PS), 3553 AK (390KW, 530PS)<\/span><\/td>\n<\/tr>\n<tr data-start=\"2663\" data-end=\"2746\">\n<td data-start=\"2663\" data-end=\"2679\" data-col-size=\"sm\"><span class=\"mars-pro\" data-o=\"Mercedes-Benz\">Mercedes-Benz<\/span><\/td>\n<td data-col-size=\"sm\" data-start=\"2679\" data-end=\"2691\"><span class=\"mars-pro\" data-o=\"NG Series\">NG Series<\/span><\/td>\n<td data-col-size=\"sm\" data-start=\"2691\" data-end=\"2709\"><span class=\"mars-pro\" data-o=\"1973.08&ndash;1991.11\">1973.08&ndash;1991.11<\/span><\/td>\n<td data-col-size=\"md\" data-start=\"2709\" data-end=\"2746\"><span class=\"mars-pro\" data-o=\"2626, 2636, 3333 S (260KW, 355PS)\">2626, 2636, 3333 S (260KW, 355PS)<\/span><\/td>\n<\/tr>\n<tr data-start=\"2747\" data-end=\"2829\">\n<td data-start=\"2747\" data-end=\"2763\" data-col-size=\"sm\"><span class=\"mars-pro\" data-o=\"Mercedes-Benz\">Mercedes-Benz<\/span><\/td>\n<td data-col-size=\"sm\" data-start=\"2763\" data-end=\"2777\"><span class=\"mars-pro\" data-o=\"T2\/L Series\">T2\/L Series<\/span><\/td>\n<td data-col-size=\"sm\" data-start=\"2777\" data-end=\"2795\"><span class=\"mars-pro\" data-o=\"1959.01&ndash;1995.01\">1959.01&ndash;1995.01<\/span><\/td>\n<td data-col-size=\"md\" data-start=\"2795\" data-end=\"2829\"><span class=\"mars-pro\" data-o=\"LK 2628, LS 2624 (206KW&ndash;250PS)\">LK 2628, LS 2624 (206KW&ndash;250PS)<\/span><\/td>\n<\/tr>\n<tr data-start=\"2830\" data-end=\"2921\">\n<td data-start=\"2830\" data-end=\"2846\" data-col-size=\"sm\"><span class=\"mars-pro\" data-o=\"Mercedes-Benz\">Mercedes-Benz<\/span><\/td>\n<td data-col-size=\"sm\" data-start=\"2846\" data-end=\"2863\"><span class=\"mars-pro\" data-o=\"SK \/ NG Trucks\">SK \/ NG Trucks<\/span><\/td>\n<td data-col-size=\"sm\" data-start=\"2863\" data-end=\"2875\"><span class=\"mars-pro\" data-o=\"1980&ndash;1996\">1980&ndash;1996<\/span><\/td>\n<td data-col-size=\"md\" data-start=\"2875\" data-end=\"2921\"><span class=\"mars-pro\" data-o=\"2644, 2648, 2650, 3548 (435&ndash;503PS engines)\">2644, 2648, 2650, 3548 (435&ndash;503PS engines)<\/span><\/td>\n<\/tr>\n<\/tbody>\n<\/table>\n<\/div>\n<\/div>\n<blockquote data-start=\"2923\" data-end=\"3017\">\n<p data-start=\"2925\" data-end=\"3017\"><span class=\"mars-pro\" data-o=\"&#9989; Ideal for replacing faulty or damaged NOx sensors on Euro 4\/5 Mercedes-Benz diesel trucks.\">&#9989; Ideal for replacing faulty or damaged NOx sensors on Euro 4\/5 Mercedes-Benz diesel trucks.<\/span><\/p>\n<\/blockquote>\n<h3 data-start=\"3024\" data-end=\"3040\"><strong data-start=\"3028\" data-end=\"3040\">Benef&iacute;cios<\/strong><\/h3>\n<ul data-start=\"3041\" data-end=\"3304\">\n<li data-start=\"3041\" data-end=\"3081\">\n<p data-start=\"3043\" data-end=\"3081\">Mant&eacute;m a conformidade com as emiss&otilde;es Euro<\/p>\n<\/li>\n<li data-start=\"3082\" data-end=\"3135\">\n<p data-start=\"3084\" data-end=\"3135\"><span class=\"mars-pro\" data-o=\"&#9989; Improves fuel efficiency and engine performance\">&#9989; Improves fuel efficiency and engine performance<\/span><\/p>\n<\/li>\n<li data-start=\"3136\" data-end=\"3186\">\n<p data-start=\"3138\" data-end=\"3186\"><span class=\"mars-pro\" data-o=\"&#9989; Extends SCR and catalytic converter lifespan\">&#9989; Extends SCR and catalytic converter lifespan<\/span><\/p>\n<\/li>\n<li data-start=\"3187\" data-end=\"3243\">\n<p data-start=\"3189\" data-end=\"3243\"><span class=\"mars-pro\" data-o=\"&#9989; Reduces nitrogen oxide (NOx) emissions effectively\">&#9989; Reduces nitrogen oxide (NOx) emissions effectively<\/span><\/p>\n<\/li>\n<li data-start=\"3244\" data-end=\"3304\">\n<p data-start=\"3246\" data-end=\"3304\"><span class=\"mars-pro\" data-o=\"&#9989; Ensures precise ECU data for better combustion control\">&#9989; Ensures precise ECU data for better combustion control<\/span><\/p>\n<\/li>\n<\/ul>\n<h3 data-start=\"3311\" data-end=\"3339\"><strong data-start=\"3315\" data-end=\"3339\">Embalagem e Entrega<\/strong><\/h3>\n<ul data-start=\"3340\" data-end=\"3546\">\n<li data-start=\"3340\" data-end=\"3408\">\n<p data-start=\"3342\" data-end=\"3408\"><strong data-start=\"3342\" data-end=\"3356\">Embalagem:<\/strong><span class=\"mars-pro\" data-o=\" Individual anti-static bag + foam + export carton\"> Individual anti-static bag + foam + export carton<\/span><\/p>\n<\/li>\n<li data-start=\"3409\" data-end=\"3444\">\n<p data-start=\"3411\" data-end=\"3444\"><strong data-start=\"3411\" data-end=\"3426\"><span class=\"mars-pro\" data-o=\"Net Weight:\">Net Weight:<\/span><\/strong><span class=\"mars-pro\" data-o=\" Approx. 0.45 kg\"> Approx. 0.45 kg<\/span><\/p>\n<\/li>\n<li data-start=\"3445\" data-end=\"3477\">\n<p data-start=\"3447\" data-end=\"3477\"><strong data-start=\"3447\" data-end=\"3460\">Tamanho da Caixa:<\/strong>23 &times; 10 &times; 4 cm<\/p>\n<\/li>\n<li data-start=\"3478\" data-end=\"3518\">\n<p data-start=\"3480\" data-end=\"3518\"><strong data-start=\"3480\" data-end=\"3498\">Tempo de Entrega:<\/strong>7&ndash;15 dias &uacute;teis<\/p>\n<\/li>\n<li data-start=\"3519\" data-end=\"3546\">\n<p data-start=\"3521\" data-end=\"3546\"><strong data-start=\"3521\" data-end=\"3534\">Garantia:<\/strong>12 meses<\/p>\n<\/li>\n<\/ul>\n<h3 class=\"md-end-block md-heading\"><strong><span class=\"md-plain\"><span class=\"mars-pro\" data-o=\"Advantages of Choosing Our OEM NOx Sensors \">Advantages of Choosing Our OEM NOx Sensors <\/span><\/span><\/strong><\/h3>\n<p class=\"md-end-block md-p\"><span class=\"md-plain\"><span class=\"mars-pro\" data-o=\"Our NOx sensors match OEM quality and are 100% factory tested to guarantee:\">Our NOx sensors match OEM quality and are 100% factory tested to guarantee:<\/span><\/span><\/p>\n<ul class=\"ul-list\" data-mark=\"-\">\n<li class=\"md-list-item\">\n<p class=\"md-end-block md-p\"><span class=\"md-plain\"><span class=\"mars-pro\" data-o=\"Signal accuracy \">Signal accuracy <\/span><\/span><\/p>\n<\/li>\n<li class=\"md-list-item\">\n<p class=\"md-end-block md-p\"><span class=\"md-plain\"><span class=\"mars-pro\" data-o=\"Thermal resistance \">Thermal resistance <\/span><\/span><\/p>\n<\/li>\n<li class=\"md-list-item\">\n<p class=\"md-end-block md-p\"><span class=\"md-plain\"><span class=\"mars-pro\" data-o=\"Voltage stability \">Voltage stability <\/span><\/span><\/p>\n<\/li>\n<li class=\"md-list-item\">\n<p class=\"md-end-block md-p\"><span class=\"md-plain\"><span class=\"mars-pro\" data-o=\"Plug compatibility \">Plug compatibility <\/span><\/span><\/p>\n<\/li>\n<\/ul>\n<p class=\"md-end-block md-p md-focus\"><span class=\"md-plain md-expand\"><span class=\"mars-pro\" data-o=\"Each sensor is designed to offer long-term performance and reliability that is equivalent to the original Mercedes-Benz parts.\">Each sensor is designed to offer long-term performance and reliability that is equivalent to the original Mercedes-Benz parts.<\/span><\/span><\/p>\n<","protected":false},"excerpt":{"rendered":"<p>The 5WK96740B NOx Sensor (OE 4326870) is a 12V Nitrogen Oxide (NOx) sensor for Mercedes-Benz SK, NG, T2\/L heavy-duty trucks. The NOx sensor accurately monitors the levels of NOx gases in the exhaust. It is ideal for those who want to optimize the operation of their vehicle&rsquo;s SCR (Selective Catalytic Reduction) and EGR (Exhaust Gas [&#8230;]\n","protected":false},"featured_media":723,"comment_status":"open","ping_status":"closed","template":"","meta":{"_acf_changed":false},"product_brand":[],"product_cat":[75],"product_tag":[],"class_list":{"0":"post-715","1":"product","2":"type-product","3":"status-publish","4":"has-post-thumbnail","6":"product_cat-o2-sensor","8":"first","9":"instock","10":"shipping-taxable","11":"product-type-simple"},"acf":[],"_links":{"self":[{"href":"https:\/\/bossensor.com\/pt\/wp-json\/wp\/v2\/product\/715","targetHints":{"allow":["GET"]}}],"collection":[{"href":"https:\/\/bossensor.com\/pt\/wp-json\/wp\/v2\/product"}],"about":[{"href":"https:\/\/bossensor.com\/pt\/wp-json\/wp\/v2\/types\/product"}],"replies":[{"embeddable":true,"href":"https:\/\/bossensor.com\/pt\/wp-json\/wp\/v2\/comments?post=715"}],"wp:featuredmedia":[{"embeddable":true,"href":"https:\/\/bossensor.com\/pt\/wp-json\/wp\/v2\/media\/723"}],"wp:attachment":[{"href":"https:\/\/bossensor.com\/pt\/wp-json\/wp\/v2\/media?parent=715"}],"wp:term":[{"taxonomy":"product_brand","embeddable":true,"href":"https:\/\/bossensor.com\/pt\/wp-json\/wp\/v2\/product_brand?post=715"},{"taxonomy":"product_cat","embeddable":true,"href":"https:\/\/bossensor.com\/pt\/wp-json\/wp\/v2\/product_cat?post=715"},{"taxonomy":"product_tag","embeddable":true,"href":"https:\/\/bossensor.com\/pt\/wp-json\/wp\/v2\/product_tag?post=715"}],"curies":[{"name":"wp","href":"https:\/\/api.w.org\/{rel}","templated":true}]}}