{"id":724,"date":"2025-10-29T07:39:34","date_gmt":"2025-10-29T14:39:34","guid":{"rendered":"https:\/\/bossensor.com\/?post_type=product&#038;p=724"},"modified":"2025-10-29T07:47:51","modified_gmt":"2025-10-29T14:47:51","slug":"5wk96626c-nox-o2-oxygen-sensor-2011650-for-euro-trucks-24v-high-precision-exhaust-gas-sensor","status":"publish","type":"product","link":"https:\/\/bossensor.com\/pt\/product\/5wk96626c-nox-o2-oxygen-sensor-2011650-for-euro-trucks-24v-high-precision-exhaust-gas-sensor\/","title":{"rendered":"Sensor de Oxig\u00eanio NOx O2 5WK96626C 2011650 para Caminh\u00f5es Euro | Sensor de G\u00e1s de Escape de Alta Precis\u00e3o 24V"},"content":{"rendered":"<p class=\"md-end-block md-p md-focus\"><span class=\"md-plain md-expand\">A<\/span><span class=\"md-pair-s \"><strong><span class=\"md-plain\">Sensor de Oxig&ecirc;nio NOx O2 5WK96626C (OE: 2011650)<\/span><\/strong><\/span><span class=\"md-plain\">&eacute; um<\/span><span class=\"md-pair-s \"><strong><span class=\"md-plain\">Sensor de gases de escape de alta precis&atilde;o 24V<\/span><\/strong><\/span><span class=\"md-plain\">feito para<\/span><span class=\"md-pair-s \"><strong><span class=\"md-plain\">Caminh&otilde;es pesados Euro Cummins (NB1500), caminh&otilde;es DAF, Ford Ranger e Opel Astra<\/span><\/strong><\/span><span class=\"md-plain\">.<\/span> <span class=\"md-plain\">Ele mede a quantidade de NOx e O&#8322; no sistema de escapamento do ve&iacute;culo e reporta isso &agrave; ECU em tempo real. Esses dados ajudam a ECU a melhorar o processo de combust&atilde;o do combust&iacute;vel e reduzir a emiss&atilde;o de gases de escapamento prejudiciais ao meio ambiente.<\/span><\/p>\n<p class=\"md-end-block md-p\"><span class=\"md-plain\">Feito de a&ccedil;o inoxid&aacute;vel e outros materiais resistentes a altas temperaturas, o sensor de escapamento 5WK96626C pode operar normalmente sob o ambiente extremo dos motores a diesel e fornecer as leituras mais precisas. &Eacute; uma pe&ccedil;a de reposi&ccedil;&atilde;o excelente que pode manter suas emiss&otilde;es em conformidade com as regulamenta&ccedil;&otilde;es, o motor funcionando com alta efici&ecirc;ncia e a durabilidade por um longo tempo.<\/span><\/p>\n<h3 class=\"md-end-block md-heading\"><span class=\"md-pair-s \"><strong><span class=\"md-plain\">Caracter&iacute;sticas do Produto<\/span><\/strong><\/span><\/h3>\n<ul class=\"ul-list\" data-mark=\"-\">\n<li class=\"md-list-item\">\n<p class=\"md-end-block md-p\"><span class=\"md-pair-s \"><strong><span class=\"md-plain\">Substitui&ccedil;&atilde;o de OE com encaixe 1 para 1<\/span><\/strong><\/span> <span class=\"md-plain\">Este sensor de oxig&ecirc;nio substitui as pe&ccedil;as originais de equipamento com os n&uacute;meros<\/span><span class=\"md-pair-s \"><strong><span class=\"md-plain\">2011650 e 5WK96626C<\/span><\/strong><\/span><span class=\"md-plain\">Compat&iacute;vel com Cummins (NB1500), DAF, Ford, Opel Euro Truck.<\/span><\/p>\n<\/li>\n<li class=\"md-list-item\">\n<p class=\"md-end-block md-p\"><span class=\"md-pair-s \"><strong><span class=\"md-plain\">Detec&ccedil;&atilde;o de Alta Precis&atilde;o de NOx e O&#8322;<\/span><\/strong><\/span> <span class=\"md-plain\">Monitore a composi&ccedil;&atilde;o do sistema de exaust&atilde;o para obter os melhores resultados de SCR (Redu&ccedil;&atilde;o Catal&iacute;tica Seletiva) e EGR (Recircula&ccedil;&atilde;o de Gases de Exaust&atilde;o).<\/span><\/p>\n<\/li>\n<li class=\"md-list-item\">\n<p class=\"md-end-block md-p\"><span class=\"md-pair-s \"><strong><span class=\"md-plain\">24V Constru&ccedil;&atilde;o Pesada<\/span><\/strong><\/span> <span class=\"md-plain\">Este sensor de O2 &eacute; compat&iacute;vel com caminh&otilde;es e ve&iacute;culos comerciais que operam com energia el&eacute;trica de 24V. Projetado para ter uma sa&iacute;da de sinal est&aacute;vel e tens&atilde;o confi&aacute;vel.<\/span><\/p>\n<\/li>\n<li class=\"md-list-item\">\n<p class=\"md-end-block md-p\"><span class=\"md-pair-s \"><strong><span class=\"md-plain\">Sonda de Sensor de A&ccedil;o Inoxid&aacute;vel<\/span><\/strong><\/span> <span class=\"md-plain\">Vem com uma sonda de sensor em a&ccedil;o inoxid&aacute;vel e cabo isolado para resistir a calor extremo, vibra&ccedil;&atilde;o e press&atilde;o.<\/span><\/p>\n<\/li>\n<li class=\"md-list-item\">\n<p class=\"md-end-block md-p\"><span class=\"md-pair-s \"><strong><span class=\"md-plain\">Instala&ccedil;&atilde;o Plug-and-Play<\/span><\/strong><\/span> <span class=\"md-plain\">Vem com um conector e arn&ecirc;s de estilo f&aacute;brica. N&atilde;o &eacute; necess&aacute;rio religar ou calibrar.<\/span><\/p>\n<\/li>\n<\/ul>\n<h3 data-start=\"1883\" data-end=\"1915\"><strong data-start=\"1887\" data-end=\"1915\">Especifica&ccedil;&otilde;es T&eacute;cnicas<\/strong><\/h3>\n<div class=\"_tableContainer_1rjym_1\">\n<div class=\"group _tableWrapper_1rjym_13 flex w-fit flex-col-reverse\" tabindex=\"-1\">\n<table class=\"w-fit min-w-(--thread-content-width)\" data-start=\"1916\" data-end=\"2434\">\n<thead data-start=\"1916\" data-end=\"1947\">\n<tr data-start=\"1916\" data-end=\"1947\">\n<th data-start=\"1916\" data-end=\"1932\" data-col-size=\"sm\"><strong data-start=\"1918\" data-end=\"1931\">Par&acirc;metro<\/strong><\/th>\n<th data-start=\"1932\" data-end=\"1947\" data-col-size=\"md\"><strong data-start=\"1934\" data-end=\"1945\">Detalhes<\/strong><\/th>\n<\/tr>\n<\/thead>\n<tbody data-start=\"1981\" data-end=\"2434\">\n<tr data-start=\"1981\" data-end=\"2008\">\n<td data-start=\"1981\" data-end=\"1997\" data-col-size=\"sm\"><strong data-start=\"1983\" data-end=\"1996\">N&uacute;mero OE<\/strong><\/td>\n<td data-start=\"1997\" data-end=\"2008\" data-col-size=\"md\">2011650<\/td>\n<\/tr>\n<tr data-start=\"2009\" data-end=\"2041\">\n<td data-start=\"2009\" data-end=\"2028\" data-col-size=\"sm\"><strong data-start=\"2011\" data-end=\"2027\">N&uacute;mero do Modelo<\/strong><\/td>\n<td data-start=\"2028\" data-end=\"2041\" data-col-size=\"md\">5WK96626C<\/td>\n<\/tr>\n<tr data-start=\"2042\" data-end=\"2069\">\n<td data-start=\"2042\" data-end=\"2059\" data-col-size=\"sm\"><strong data-start=\"2044\" data-end=\"2058\">Nome da Marca<\/strong><\/td>\n<td data-start=\"2059\" data-end=\"2069\" data-col-size=\"md\">LingHe<\/td>\n<\/tr>\n<tr data-start=\"2070\" data-end=\"2100\">\n<td data-start=\"2070\" data-end=\"2081\" data-col-size=\"sm\"><strong data-start=\"2072\" data-end=\"2080\">Tipo<\/strong><\/td>\n<td data-start=\"2081\" data-end=\"2100\" data-col-size=\"md\">Sensor de O&#8322; \/ NOx<\/td>\n<\/tr>\n<tr data-start=\"2101\" data-end=\"2122\">\n<td data-start=\"2101\" data-end=\"2115\" data-col-size=\"sm\"><strong data-start=\"2103\" data-end=\"2114\">Voltagem<\/strong><\/td>\n<td data-start=\"2115\" data-end=\"2122\" data-col-size=\"md\">24V<\/td>\n<\/tr>\n<tr data-start=\"2123\" data-end=\"2151\">\n<td data-start=\"2123\" data-end=\"2139\" data-col-size=\"sm\"><strong data-start=\"2125\" data-end=\"2138\">Condi&ccedil;&atilde;o<\/strong><\/td>\n<td data-start=\"2139\" data-end=\"2151\" data-col-size=\"md\">100% Novo<\/td>\n<\/tr>\n<tr data-start=\"2152\" data-end=\"2186\">\n<td data-start=\"2152\" data-end=\"2166\" data-col-size=\"sm\"><strong data-start=\"2154\" data-end=\"2165\">Prop&oacute;sito<\/strong><\/td>\n<td data-start=\"2166\" data-end=\"2186\" data-col-size=\"md\">Substituir \/ Reparar<\/td>\n<\/tr>\n<tr data-start=\"2187\" data-end=\"2221\">\n<td data-start=\"2187\" data-end=\"2202\" data-col-size=\"sm\"><strong data-start=\"2189\" data-end=\"2201\">Material<\/strong><\/td>\n<td data-start=\"2202\" data-end=\"2221\" data-col-size=\"md\">A&ccedil;o Inoxid&aacute;vel<\/td>\n<\/tr>\n<tr data-start=\"2222\" data-end=\"2264\">\n<td data-start=\"2222\" data-end=\"2244\" data-col-size=\"sm\"><strong data-start=\"2224\" data-end=\"2243\">Local de Origem<\/strong><\/td>\n<td data-start=\"2244\" data-end=\"2264\" data-col-size=\"md\">Guangdong, China<\/td>\n<\/tr>\n<tr data-start=\"2265\" data-end=\"2290\">\n<td data-start=\"2265\" data-end=\"2280\" data-col-size=\"sm\"><strong data-start=\"2267\" data-end=\"2279\">Garantia<\/strong><\/td>\n<td data-start=\"2280\" data-end=\"2290\" data-col-size=\"md\">1 Ano<\/td>\n<\/tr>\n<tr data-start=\"2291\" data-end=\"2327\">\n<td data-start=\"2291\" data-end=\"2309\" data-col-size=\"sm\"><strong data-start=\"2293\" data-end=\"2308\">Aplica&ccedil;&atilde;o<\/strong><\/td>\n<td data-start=\"2309\" data-end=\"2327\" data-col-size=\"md\">Sistema de Escape<\/td>\n<\/tr>\n<tr data-start=\"2328\" data-end=\"2392\">\n<td data-start=\"2328\" data-end=\"2342\" data-col-size=\"sm\"><strong data-start=\"2330\" data-end=\"2341\">Ajuste<\/strong><\/td>\n<td data-start=\"2342\" data-end=\"2392\" data-col-size=\"md\">Cummins (NB1500), DAF, Ford Ranger, Opel Astra<\/td>\n<\/tr>\n<tr data-start=\"2393\" data-end=\"2434\">\n<td data-start=\"2393\" data-end=\"2413\" data-col-size=\"sm\"><strong data-start=\"2395\" data-end=\"2412\">Tempo de Entrega<\/strong><\/td>\n<td data-start=\"2413\" data-end=\"2434\" data-col-size=\"md\">7&ndash;15 Dias &Uacute;teis<\/td>\n<\/tr>\n<\/tbody>\n<\/table>\n<\/div>\n<\/div>\n<h3 data-start=\"2441\" data-end=\"2468\"><strong data-start=\"2445\" data-end=\"2468\">Ve&iacute;culos Compat&iacute;veis<\/strong><\/h3>\n<p data-start=\"2469\" data-end=\"2552\">Este sensor de oxig&ecirc;nio NOx &eacute; projetado para caber em uma ampla gama de ve&iacute;culos e caminh&otilde;es europeus.<\/p>\n<p data-start=\"2554\" data-end=\"2617\"><strong data-start=\"2554\" data-end=\"2566\">FORD:<\/strong><br data-start=\"2566\" data-end=\"2569\">RANGER (2011.04&ndash; ) &mdash; 3.2 TDCi 4&times;4 (147KW, 200PS)<\/p>\n<p data-start=\"2619\" data-end=\"2756\"><strong data-start=\"2619\" data-end=\"2631\">&#128666; OPEL:<\/strong><br data-start=\"2631\" data-end=\"2634\">ASTRA F (Perua \/ Hatchback \/ Convers&iacute;vel \/ Sed&atilde;) &mdash; 1991&ndash;1998, 1.6L (52&ndash;74KW)<br data-start=\"2713\" data-end=\"2716\">VECTRA A &mdash; 1988&ndash;1992, 1.4 S (55KW, 75PS)<\/p>\n<p data-start=\"2758\" data-end=\"2850\"><strong data-start=\"2758\" data-end=\"2782\">CUMMINS (NB1500):<\/strong><br data-start=\"2782\" data-end=\"2785\">Adequado para sistemas de gest&atilde;o de escapamento e SCR de caminh&otilde;es de carga pesada.<\/p>\n<blockquote data-start=\"2852\" data-end=\"2953\">\n<p data-start=\"2854\" data-end=\"2953\">Ideal para<strong data-start=\"2866\" data-end=\"2896\">Motores diesel Euro IV \/ V<\/strong>para garantir redu&ccedil;&atilde;o est&aacute;vel de NOx e economia de combust&iacute;vel ideal.<\/p>\n<\/blockquote>\n<h3 data-start=\"2960\" data-end=\"2976\"><strong data-start=\"2964\" data-end=\"2976\">Benef&iacute;cios<\/strong><\/h3>\n<ul data-start=\"2977\" data-end=\"3240\">\n<li data-start=\"2977\" data-end=\"3017\">\n<p data-start=\"2979\" data-end=\"3017\">Mant&eacute;m a conformidade com as emiss&otilde;es Euro<\/p>\n<\/li>\n<li data-start=\"3018\" data-end=\"3073\">\n<p data-start=\"3020\" data-end=\"3073\">&#9989; Melhora a efici&ecirc;ncia do combust&iacute;vel e reduz o ac&uacute;mulo de fuligem<\/p>\n<\/li>\n<li data-start=\"3074\" data-end=\"3135\">\n<p data-start=\"3076\" data-end=\"3135\">&#9989; Melhora o desempenho do sistema SCR e do conversor catal&iacute;tico<\/p>\n<\/li>\n<li data-start=\"3136\" data-end=\"3189\">\n<p data-start=\"3138\" data-end=\"3189\">&#9989; Garante dados precisos da ECU para combust&atilde;o est&aacute;vel<\/p>\n<\/li>\n<li data-start=\"3190\" data-end=\"3240\">\n<p data-start=\"3192\" data-end=\"3240\">Design dur&aacute;vel de 24V para longa vida operacional<\/p>\n<\/li>\n<\/ul>\n<h3 data-start=\"3247\" data-end=\"3275\"><strong data-start=\"3251\" data-end=\"3275\">Embalagem e Entrega<\/strong><\/h3>\n<ul data-start=\"3276\" data-end=\"3512\">\n<li data-start=\"3276\" data-end=\"3342\">\n<p data-start=\"3278\" data-end=\"3342\"><strong data-start=\"3278\" data-end=\"3292\">Embalagem:<\/strong>Bolsa antiest&aacute;tica + pl&aacute;stico-bolha + caixa neutra OEM<\/p>\n<\/li>\n<li data-start=\"3343\" data-end=\"3371\">\n<p data-start=\"3345\" data-end=\"3371\"><strong data-start=\"3345\" data-end=\"3361\">Peso Unit&aacute;rio:<\/strong>0,45 kg<\/p>\n<\/li>\n<li data-start=\"3372\" data-end=\"3404\">\n<p data-start=\"3374\" data-end=\"3404\"><strong data-start=\"3374\" data-end=\"3387\">Tamanho da Caixa:<\/strong>23 &times; 10 &times; 4 cm<\/p>\n<\/li>\n<li data-start=\"3405\" data-end=\"3454\">\n<p data-start=\"3407\" data-end=\"3454\"><strong data-start=\"3407\" data-end=\"3420\">Entrega:<\/strong>7 a 15 dias &uacute;teis ap&oacute;s o pagamento<\/p>\n<\/li>\n<li data-start=\"3455\" data-end=\"3512\">\n<p data-start=\"3457\" data-end=\"3512\"><strong data-start=\"3457\" data-end=\"3470\">Garantia:<\/strong>12 meses contra defeitos de fabrica&ccedil;&atilde;o<\/p>\n<\/li>\n<\/ul>\n<h3 class=\"md-end-block md-heading\"><span class=\"md-pair-s \"><strong><span class=\"md-plain\">Sobre os Sensores LingHe<\/span><\/strong><\/span><\/h3>\n<p class=\"md-end-block md-p\"><span class=\"md-plain\">LingHe &eacute; um fornecedor profissional de<\/span><span class=\"md-pair-s \"><strong><span class=\"md-plain\">sensores de escape automotivo e sensores de emiss&atilde;o<\/span><\/strong><\/span><span class=\"md-plain\">nossos produtos s&atilde;o sensores automotivos de qualidade OEM amplamente utilizados nos mercados globais.<\/span> <span class=\"md-plain\">Os nossos sensores de oxig&ecirc;nio NOx\/O&#8322; passam pelos seguintes testes de qualidade:<\/span><\/p>\n<ul class=\"ul-list\" data-mark=\"-\">\n<li class=\"md-list-item\">\n<p class=\"md-end-block md-p\"><span class=\"md-plain\">Teste funcional e teste t&eacute;rmico 100%<\/span><\/p>\n<\/li>\n<li class=\"md-list-item\">\n<p class=\"md-end-block md-p\"><span class=\"md-plain\">Teste de durabilidade em alta temperatura<\/span><\/p>\n<\/li>\n<li class=\"md-list-item\">\n<p class=\"md-end-block md-p\"><span class=\"md-plain\">Teste de estabilidade de tens&atilde;o e sa&iacute;da de sinal<\/span><\/p>\n<\/li>\n<\/ul>\n<p class=\"md-end-block md-p md-focus\"><span class=\"md-plain md-expand\">Ganhamos a confian&ccedil;a de oficinas de manuten&ccedil;&atilde;o e repara&ccedil;&atilde;o de caminh&otilde;es, distribuidores e fornecedores OEM em todo o mundo.<\/span><\/p>\n<","protected":false},"excerpt":{"rendered":"<p>ASensor de Oxig&ecirc;nio NOx O2 5WK96626C (OE: 2011650)&eacute; umSensor de gases de escape de alta precis&atilde;o 24Vfeito paraCaminh&otilde;es pesados Euro Cummins (NB1500), caminh&otilde;es DAF, Ford Ranger e Opel Astra. Ele mede a quantidade de NOx e O&#8322; no sistema de escapamento do ve&iacute;culo e reporta isso &agrave; ECU em tempo real. Esses dados ajudam a [&#8230;]\n","protected":false},"featured_media":726,"comment_status":"open","ping_status":"closed","template":"","meta":{"_acf_changed":false},"product_brand":[],"product_cat":[75],"product_tag":[],"class_list":{"0":"post-724","1":"product","2":"type-product","3":"status-publish","4":"has-post-thumbnail","6":"product_cat-o2-sensor","8":"first","9":"instock","10":"shipping-taxable","11":"product-type-simple"},"acf":[],"_links":{"self":[{"href":"https:\/\/bossensor.com\/pt\/wp-json\/wp\/v2\/product\/724","targetHints":{"allow":["GET"]}}],"collection":[{"href":"https:\/\/bossensor.com\/pt\/wp-json\/wp\/v2\/product"}],"about":[{"href":"https:\/\/bossensor.com\/pt\/wp-json\/wp\/v2\/types\/product"}],"replies":[{"embeddable":true,"href":"https:\/\/bossensor.com\/pt\/wp-json\/wp\/v2\/comments?post=724"}],"wp:featuredmedia":[{"embeddable":true,"href":"https:\/\/bossensor.com\/pt\/wp-json\/wp\/v2\/media\/726"}],"wp:attachment":[{"href":"https:\/\/bossensor.com\/pt\/wp-json\/wp\/v2\/media?parent=724"}],"wp:term":[{"taxonomy":"product_brand","embeddable":true,"href":"https:\/\/bossensor.com\/pt\/wp-json\/wp\/v2\/product_brand?post=724"},{"taxonomy":"product_cat","embeddable":true,"href":"https:\/\/bossensor.com\/pt\/wp-json\/wp\/v2\/product_cat?post=724"},{"taxonomy":"product_tag","embeddable":true,"href":"https:\/\/bossensor.com\/pt\/wp-json\/wp\/v2\/product_tag?post=724"}],"curies":[{"name":"wp","href":"https:\/\/api.w.org\/{rel}","templated":true}]}}