{"id":736,"date":"2025-10-29T08:00:01","date_gmt":"2025-10-29T15:00:01","guid":{"rendered":"https:\/\/bossensor.com\/?post_type=product&#038;p=736"},"modified":"2025-11-06T08:10:50","modified_gmt":"2025-11-06T16:10:50","slug":"o2-nox-sensor-5wk967400-2294290-for-scania-p-g-r-t-series-trucks-24v-exhaust-gas-oxygen-sensor-replacement","status":"publish","type":"product","link":"https:\/\/bossensor.com\/pt\/product\/o2-nox-sensor-5wk967400-2294290-for-scania-p-g-r-t-series-trucks-24v-exhaust-gas-oxygen-sensor-replacement\/","title":{"rendered":"Sensor de \u00d3xido de Nitrog\u00eanio O2 5WK967400 2294290 para Caminh\u00f5es Scania S\u00e9rie P G R T | Substitui\u00e7\u00e3o do Sensor de Oxig\u00eanio dos Gases de Escape 24V"},"content":{"rendered":"<p class=\"md-end-block md-p md-focus\"><span class=\"md-plain md-expand\">O Sensor de NOx Karryon O2 5WK967400 \/ 2294290 &eacute; um<\/span><span class=\"md-pair-s \"><strong><span class=\"md-plain\">Sensor de oxig&ecirc;nio do g&aacute;s de escape 24V<\/span><\/strong><\/span><span class=\"md-plain\">com alta precis&atilde;o e desempenho est&aacute;vel. Foi especialmente projetado para<\/span><span class=\"md-pair-s \"><strong><span class=\"md-plain\">Caminh&otilde;es das s&eacute;ries P, G, R e T da Scania<\/span><\/strong><\/span><span class=\"md-plain\">.<\/span><\/p>\n<p class=\"md-end-block md-p\"><span class=\"md-plain\">O sensor &eacute; utilizado para medir o teor de oxig&ecirc;nio (O2) e &oacute;xidos de nitrog&ecirc;nio (NOx) no sistema de escapamento. Em seguida, ele transmite um sinal preciso para a ECU do ve&iacute;culo para ajud&aacute;-la a regular a quantidade de mistura de combust&iacute;vel e ar no motor, resultando em uma combust&atilde;o mais completa e na redu&ccedil;&atilde;o das emiss&otilde;es de poluentes nocivos.<\/span><\/p>\n<p class=\"md-end-block md-p\"><span class=\"md-plain\">Fabricado de acordo com os padr&otilde;es de qualidade OEM, este sensor de NOx oferece desempenho e durabilidade ideais. &Eacute; compat&iacute;vel com sistemas de emiss&atilde;o Euro 5 e Euro 6. &Eacute; uma substitui&ccedil;&atilde;o direta ideal para caminh&otilde;es pesados Scania e proporciona opera&ccedil;&atilde;o est&aacute;vel do motor e desempenho de emiss&otilde;es.<\/span><\/p>\n<p class=\"md-end-block md-p\">\n<\/p><h3 class=\"md-end-block md-p\"><span class=\"md-pair-s \"><strong><span class=\"md-plain\">Caracter&iacute;sticas Principais<\/span><\/strong><\/span><\/h3>\n<ul class=\"ul-list\" data-mark=\"-\">\n<li class=\"md-list-item\">\n<p class=\"md-end-block md-p\"><span class=\"md-pair-s \"><strong><span class=\"md-plain\">Substitui&ccedil;&atilde;o Direta OEM*<\/span><\/strong><\/span><span class=\"md-plain\">* <\/span> <span class=\"md-plain\">Substitui as pe&ccedil;as originais<\/span><span class=\"md-pair-s \"><strong><span class=\"md-plain\">5WK967400<\/span><\/strong><\/span><span class=\"md-plain\">, <\/span><span class=\"md-pair-s \"><strong><span class=\"md-plain\">2294290<\/span><\/strong><\/span><span class=\"md-plain\">e<\/span><span class=\"md-pair-s \"><strong><span class=\"md-plain\">2296800<\/span><\/strong><\/span><span class=\"md-plain\">encaixe, conector, pinagem e desempenho id&ecirc;nticos.<\/span><\/p>\n<\/li>\n<li class=\"md-list-item\">\n<p class=\"md-end-block md-p\"><span class=\"md-pair-s \"><strong><span class=\"md-plain\">Compat&iacute;vel com Euro 5 \/ Euro 6<\/span><\/strong><\/span> <span class=\"md-plain\">Totalmente compat&iacute;vel com motores de padr&atilde;o europeu, com sistema SCR (Redu&ccedil;&atilde;o Catal&iacute;tica Seletiva) para gest&atilde;o precisa de NOx.<\/span><\/p>\n<\/li>\n<li class=\"md-list-item\">\n<p class=\"md-end-block md-p\"><span class=\"md-plain\">Design Pesado para 24V<\/span> <span class=\"md-plain\">Projetado especificamente para caminh&otilde;es pesados com sistema el&eacute;trico de 24V &mdash; oferece desempenho est&aacute;vel em altas temperaturas de escape.<\/span><\/p>\n<\/li>\n<li class=\"md-list-item\">\n<p class=\"md-end-block md-p\"><span class=\"md-pair-s \"><strong><span class=\"md-plain\">Constru&ccedil;&atilde;o Dur&aacute;vel<\/span><\/strong><\/span> <span class=\"md-plain\">A carca&ccedil;a de a&ccedil;o inoxid&aacute;vel e o cabo resistente ao calor proporcionam resist&ecirc;ncia &agrave; corros&atilde;o e durabilidade duradoura em ambientes adversos.<\/span><\/p>\n<\/li>\n<li class=\"md-list-item\">\n<p class=\"md-end-block md-p\"><span class=\"md-pair-s \"><strong><span class=\"md-plain\">Instala&ccedil;&atilde;o Plug-and-Play<\/span><\/strong><\/span> <span class=\"md-plain\">Conector de encaixe direto &mdash; sem necessidade de reconfigura&ccedil;&atilde;o ou modifica&ccedil;&otilde;es; instala em minutos.<\/span><\/p>\n<\/li>\n<\/ul>\n<h3 data-start=\"1815\" data-end=\"1847\"><strong data-start=\"1819\" data-end=\"1847\">Especifica&ccedil;&otilde;es T&eacute;cnicas<\/strong><\/h3>\n<div class=\"_tableContainer_1rjym_1\">\n<div class=\"group _tableWrapper_1rjym_13 flex w-fit flex-col-reverse\" tabindex=\"-1\">\n<table class=\"w-fit min-w-(--thread-content-width)\" data-start=\"1849\" data-end=\"2449\">\n<thead data-start=\"1849\" data-end=\"1880\">\n<tr data-start=\"1849\" data-end=\"1880\">\n<th data-start=\"1849\" data-end=\"1865\" data-col-size=\"sm\"><strong data-start=\"1851\" data-end=\"1864\">Par&acirc;metro<\/strong><\/th>\n<th data-start=\"1865\" data-end=\"1880\" data-col-size=\"sm\"><strong data-start=\"1867\" data-end=\"1878\">Detalhes<\/strong><\/th>\n<\/tr>\n<\/thead>\n<tbody data-start=\"1914\" data-end=\"2449\">\n<tr data-start=\"1914\" data-end=\"1962\">\n<td data-start=\"1914\" data-end=\"1931\" data-col-size=\"sm\"><strong data-start=\"1916\" data-end=\"1930\">N&uacute;meros OE<\/strong><\/td>\n<td data-start=\"1931\" data-end=\"1962\" data-col-size=\"sm\">5WK967400, 2294290, 2296800<\/td>\n<\/tr>\n<tr data-start=\"1963\" data-end=\"1995\">\n<td data-start=\"1963\" data-end=\"1982\" data-col-size=\"sm\"><strong data-start=\"1965\" data-end=\"1981\">N&uacute;mero do Modelo<\/strong><\/td>\n<td data-start=\"1982\" data-end=\"1995\" data-col-size=\"sm\">5WK967400<\/td>\n<\/tr>\n<tr data-start=\"1996\" data-end=\"2024\">\n<td data-start=\"1996\" data-end=\"2012\" data-col-size=\"sm\"><strong data-start=\"1998\" data-end=\"2011\">Condi&ccedil;&atilde;o<\/strong><\/td>\n<td data-start=\"2012\" data-end=\"2024\" data-col-size=\"sm\">100% Novo<\/td>\n<\/tr>\n<tr data-start=\"2025\" data-end=\"2046\">\n<td data-start=\"2025\" data-end=\"2039\" data-col-size=\"sm\"><strong data-start=\"2027\" data-end=\"2038\">Voltagem<\/strong><\/td>\n<td data-start=\"2039\" data-end=\"2046\" data-col-size=\"sm\">24V<\/td>\n<\/tr>\n<tr data-start=\"2047\" data-end=\"2089\">\n<td data-start=\"2047\" data-end=\"2058\" data-col-size=\"sm\"><strong data-start=\"2049\" data-end=\"2057\">Tipo<\/strong><\/td>\n<td data-start=\"2058\" data-end=\"2089\" data-col-size=\"sm\">Sensor de G&aacute;s de Escape O&#8322; \/ NOx<\/td>\n<\/tr>\n<tr data-start=\"2090\" data-end=\"2118\">\n<td data-start=\"2090\" data-end=\"2107\" data-col-size=\"sm\"><strong data-start=\"2092\" data-end=\"2106\">Nome da Marca<\/strong><\/td>\n<td data-start=\"2107\" data-end=\"2118\" data-col-size=\"sm\">Karryon<\/td>\n<\/tr>\n<tr data-start=\"2119\" data-end=\"2144\">\n<td data-start=\"2119\" data-end=\"2134\" data-col-size=\"sm\"><strong data-start=\"2121\" data-end=\"2133\">Marca do Carro<\/strong><\/td>\n<td data-start=\"2134\" data-end=\"2144\" data-col-size=\"sm\">Scania<\/td>\n<\/tr>\n<tr data-start=\"2145\" data-end=\"2179\">\n<td data-start=\"2145\" data-end=\"2160\" data-col-size=\"sm\"><strong data-start=\"2147\" data-end=\"2159\">Material<\/strong><\/td>\n<td data-start=\"2160\" data-end=\"2179\" data-col-size=\"sm\">A&ccedil;o Inoxid&aacute;vel<\/td>\n<\/tr>\n<tr data-start=\"2180\" data-end=\"2218\">\n<td data-start=\"2180\" data-end=\"2194\" data-col-size=\"sm\"><strong data-start=\"2182\" data-end=\"2193\">Prop&oacute;sito<\/strong><\/td>\n<td data-start=\"2194\" data-end=\"2218\" data-col-size=\"sm\">Substitui&ccedil;&atilde;o \/ Repar<\/td>\n<\/tr>\n<tr data-start=\"2219\" data-end=\"2262\">\n<td data-start=\"2219\" data-end=\"2243\" data-col-size=\"sm\"><strong data-start=\"2221\" data-end=\"2242\">Padr&atilde;o de Emiss&atilde;o<\/strong><\/td>\n<td data-start=\"2243\" data-end=\"2262\" data-col-size=\"sm\">Euro 5 \/ Euro 6<\/td>\n<\/tr>\n<tr data-start=\"2263\" data-end=\"2291\">\n<td data-start=\"2263\" data-end=\"2278\" data-col-size=\"sm\"><strong data-start=\"2265\" data-end=\"2277\">Garantia<\/strong><\/td>\n<td data-start=\"2278\" data-end=\"2291\" data-col-size=\"sm\">12 Meses<\/td>\n<\/tr>\n<tr data-start=\"2292\" data-end=\"2316\">\n<td data-start=\"2292\" data-end=\"2305\" data-col-size=\"sm\"><strong data-start=\"2294\" data-end=\"2304\">Peso<\/strong><\/td>\n<td data-start=\"2305\" data-end=\"2316\" data-col-size=\"sm\">0,28 kg<\/td>\n<\/tr>\n<tr data-start=\"2317\" data-end=\"2355\">\n<td data-start=\"2317\" data-end=\"2336\" data-col-size=\"sm\"><strong data-start=\"2319\" data-end=\"2335\">Tamanho da Embalagem<\/strong><\/td>\n<td data-start=\"2336\" data-end=\"2355\" data-col-size=\"sm\">20 &times; 15 &times; 10 cm<\/td>\n<\/tr>\n<tr data-start=\"2356\" data-end=\"2410\">\n<td data-start=\"2356\" data-end=\"2375\" data-col-size=\"sm\"><strong data-start=\"2358\" data-end=\"2374\">Tipo de Ajuste<\/strong><\/td>\n<td data-start=\"2375\" data-end=\"2410\" data-col-size=\"sm\">Ajuste Universal para Caminh&otilde;es Scania<\/td>\n<\/tr>\n<tr data-start=\"2411\" data-end=\"2449\">\n<td data-start=\"2411\" data-end=\"2433\" data-col-size=\"sm\"><strong data-start=\"2413\" data-end=\"2432\">Local de Origem<\/strong><\/td>\n<td data-start=\"2433\" data-end=\"2449\" data-col-size=\"sm\">&#28246;&#21271;&#65292;&#20013;&#22269;<\/td>\n<\/tr>\n<\/tbody>\n<\/table>\n<\/div>\n<\/div>\n<h3 data-start=\"2456\" data-end=\"2483\"><strong data-start=\"2460\" data-end=\"2483\">Ve&iacute;culos Compat&iacute;veis<\/strong><\/h3>\n<p data-start=\"2485\" data-end=\"2514\"><strong data-start=\"2485\" data-end=\"2514\">Modelos Compat&iacute;veis com a Scania:<\/strong><\/p>\n<div class=\"_tableContainer_1rjym_1\">\n<div class=\"group _tableWrapper_1rjym_13 flex w-fit flex-col-reverse\" tabindex=\"-1\">\n<table class=\"w-fit min-w-(--thread-content-width)\" data-start=\"2516\" data-end=\"2821\">\n<thead data-start=\"2516\" data-end=\"2553\">\n<tr data-start=\"2516\" data-end=\"2553\">\n<th data-start=\"2516\" data-end=\"2528\" data-col-size=\"sm\"><strong data-start=\"2518\" data-end=\"2527\">Modelo<\/strong><\/th>\n<th data-start=\"2528\" data-end=\"2539\" data-col-size=\"sm\"><strong data-start=\"2530\" data-end=\"2538\">Ano<\/strong><\/th>\n<th data-start=\"2539\" data-end=\"2553\" data-col-size=\"sm\"><strong data-start=\"2541\" data-end=\"2551\">Motor<\/strong><\/th>\n<\/tr>\n<\/thead>\n<tbody data-start=\"2595\" data-end=\"2821\">\n<tr data-start=\"2595\" data-end=\"2625\">\n<td data-start=\"2595\" data-end=\"2608\" data-col-size=\"sm\">Scania DC9<\/td>\n<td data-start=\"2608\" data-end=\"2620\" data-col-size=\"sm\">1999&ndash;2009<\/td>\n<td data-start=\"2620\" data-end=\"2625\" data-col-size=\"sm\">&mdash;<\/td>\n<\/tr>\n<tr data-start=\"2626\" data-end=\"2668\">\n<td data-start=\"2626\" data-end=\"2644\" data-col-size=\"sm\">Scania S&eacute;rie P<\/td>\n<td data-start=\"2644\" data-end=\"2659\" data-col-size=\"sm\">2003&ndash;Presente<\/td>\n<td data-start=\"2659\" data-end=\"2668\" data-col-size=\"sm\">R 380<\/td>\n<\/tr>\n<tr data-start=\"2669\" data-end=\"2711\">\n<td data-start=\"2669\" data-end=\"2687\" data-col-size=\"sm\">Scania S&eacute;rie G<\/td>\n<td data-start=\"2687\" data-end=\"2702\" data-col-size=\"sm\">2003&ndash;Presente<\/td>\n<td data-start=\"2702\" data-end=\"2711\" data-col-size=\"sm\">R 360<\/td>\n<\/tr>\n<tr data-start=\"2712\" data-end=\"2762\">\n<td data-start=\"2712\" data-end=\"2730\" data-col-size=\"sm\">Scania S&eacute;rie R<\/td>\n<td data-start=\"2730\" data-end=\"2745\" data-col-size=\"sm\">2003&ndash;Presente<\/td>\n<td data-start=\"2745\" data-end=\"2762\" data-col-size=\"sm\">R 450 \/ R 500<\/td>\n<\/tr>\n<tr data-start=\"2763\" data-end=\"2821\">\n<td data-start=\"2763\" data-end=\"2781\" data-col-size=\"sm\">Scania S&eacute;rie T<\/td>\n<td data-start=\"2781\" data-end=\"2796\" data-col-size=\"sm\">2003&ndash;Presente<\/td>\n<td data-start=\"2796\" data-end=\"2821\" data-col-size=\"sm\">R 380 \/ R 450 \/ R 500<\/td>\n<\/tr>\n<\/tbody>\n<\/table>\n<\/div>\n<\/div>\n<blockquote data-start=\"2823\" data-end=\"2937\">\n<p data-start=\"2825\" data-end=\"2937\">Adequado para caminh&otilde;es Scania equipados com<strong data-start=\"2868\" data-end=\"2905\">Sistemas de emiss&otilde;es Euro 5 ou Euro 6<\/strong>utilizando tecnologias SCR e DPF.<\/p>\n<\/blockquote>\n<h3 data-start=\"2944\" data-end=\"2960\"><strong data-start=\"2948\" data-end=\"2960\">Benef&iacute;cios<\/strong><\/h3>\n<ul data-start=\"2962\" data-end=\"3292\">\n<li data-start=\"2962\" data-end=\"3025\">\n<p data-start=\"2964\" data-end=\"3025\">&#9989; Melhora a efici&ecirc;ncia da combust&atilde;o do combust&iacute;vel e reduz as emiss&otilde;es<\/p>\n<\/li>\n<li data-start=\"3026\" data-end=\"3090\">\n<p data-start=\"3028\" data-end=\"3090\">&#9989; Compat&iacute;vel com as normas Euro 5\/6 para desempenho ambiental<\/p>\n<\/li>\n<li data-start=\"3091\" data-end=\"3160\">\n<p data-start=\"3093\" data-end=\"3160\">&#9989; Longa vida &uacute;til em condi&ccedil;&otilde;es de alta temperatura e alta vibra&ccedil;&atilde;o<\/p>\n<\/li>\n<li data-start=\"3161\" data-end=\"3214\">\n<p data-start=\"3163\" data-end=\"3214\">&#9989; Melhora a capacidade de resposta do motor e a economia de combust&iacute;vel<\/p>\n<\/li>\n<li data-start=\"3215\" data-end=\"3292\">\n<p data-start=\"3217\" data-end=\"3292\">&#9989; Garante o funcionamento suave do motor e a confiabilidade do sistema de controle de emiss&otilde;es<\/p>\n<\/li>\n<\/ul>\n<h3 data-start=\"3299\" data-end=\"3327\"><strong data-start=\"3303\" data-end=\"3327\">Embalagem e Entrega<\/strong><\/h3>\n<ul data-start=\"3329\" data-end=\"3574\">\n<li data-start=\"3329\" data-end=\"3362\">\n<p data-start=\"3331\" data-end=\"3362\"><strong data-start=\"3331\" data-end=\"3348\">Unidade de Venda:<\/strong>Item &uacute;nico<\/p>\n<\/li>\n<li data-start=\"3363\" data-end=\"3392\">\n<p data-start=\"3365\" data-end=\"3392\"><strong data-start=\"3365\" data-end=\"3382\">Peso Bruto:<\/strong>0,28 kg<\/p>\n<\/li>\n<li data-start=\"3393\" data-end=\"3430\">\n<p data-start=\"3395\" data-end=\"3430\"><strong data-start=\"3395\" data-end=\"3412\">Tamanho da Embalagem:<\/strong>20 &times; 15 &times; 10 cm<\/p>\n<\/li>\n<li data-start=\"3431\" data-end=\"3490\">\n<p data-start=\"3433\" data-end=\"3490\"><strong data-start=\"3433\" data-end=\"3447\">Embalagem:<\/strong>Saco de prote&ccedil;&atilde;o antiest&aacute;tica + caixa neutra<\/p>\n<\/li>\n<li data-start=\"3491\" data-end=\"3546\">\n<p data-start=\"3493\" data-end=\"3546\"><strong data-start=\"3493\" data-end=\"3511\">Tempo de Entrega:<\/strong>7 a 15 dias &uacute;teis ap&oacute;s o pagamento<\/p>\n<\/li>\n<li data-start=\"3547\" data-end=\"3574\">\n<p data-start=\"3549\" data-end=\"3574\"><strong data-start=\"3549\" data-end=\"3562\">Garantia:<\/strong>12 meses<\/p>\n<\/li>\n<\/ul>\n<p class=\"md-end-block md-p\"><span class=\"md-pair-s \"><strong><span class=\"md-plain\">Por que Escolher os Sensores Karryon<\/span><\/strong><\/span><\/p>\n<p class=\"md-end-block md-p md-focus\"><span class=\"md-plain\">Karryon &eacute; um fornecedor l&iacute;der de<\/span><span class=\"md-pair-s \"><strong><span class=\"md-plain\">sensores de emiss&atilde;o de caminh&otilde;es pesados<\/span><\/strong><\/span><span class=\"md-plain\">para<\/span><span class=\"md-pair-s \"><strong><span class=\"md-plain\">Scania, Volvo, MAN, DAF, Mercedes-Benz e mais<\/span><\/strong><\/span><span class=\"md-plain\">.<\/span> <span class=\"md-plain\">Cada sensor &eacute;<\/span><span class=\"md-pair-s \"><strong><span class=\"md-plain\">100% testado<\/span><\/strong><\/span><span class=\"md-plain\">para precis&atilde;o do sinal, deriva t&eacute;rmica e resist&ecirc;ncia &agrave; vibra&ccedil;&atilde;o antes do envio.<\/span> <span class=\"md-plain md-expand\">As pe&ccedil;as Karryon possuem qualidade de n&iacute;vel OEM e est&atilde;o sujeitas a rigorosos procedimentos de inspe&ccedil;&atilde;o, garantindo confiabilidade e desempenho que s&atilde;o confiados por propriet&aacute;rios de frotas e mec&acirc;nicos em todo o mundo.<\/span><\/p>\n<","protected":false},"excerpt":{"rendered":"<p>O Sensor de NOx Karryon O2 5WK967400 \/ 2294290 &eacute; umSensor de oxig&ecirc;nio do g&aacute;s de escape 24Vcom alta precis&atilde;o e desempenho est&aacute;vel. Foi especialmente projetado paraCaminh&otilde;es das s&eacute;ries P, G, R e T da Scania. O sensor &eacute; utilizado para medir o teor de oxig&ecirc;nio (O2) e &oacute;xidos de nitrog&ecirc;nio (NOx) no sistema de [&#8230;]\n","protected":false},"featured_media":739,"comment_status":"open","ping_status":"closed","template":"","meta":{"_acf_changed":false},"product_brand":[],"product_cat":[75],"product_tag":[],"class_list":{"0":"post-736","1":"product","2":"type-product","3":"status-publish","4":"has-post-thumbnail","6":"product_cat-o2-sensor","8":"first","9":"instock","10":"featured","11":"shipping-taxable","12":"product-type-simple"},"acf":[],"_links":{"self":[{"href":"https:\/\/bossensor.com\/pt\/wp-json\/wp\/v2\/product\/736","targetHints":{"allow":["GET"]}}],"collection":[{"href":"https:\/\/bossensor.com\/pt\/wp-json\/wp\/v2\/product"}],"about":[{"href":"https:\/\/bossensor.com\/pt\/wp-json\/wp\/v2\/types\/product"}],"replies":[{"embeddable":true,"href":"https:\/\/bossensor.com\/pt\/wp-json\/wp\/v2\/comments?post=736"}],"wp:featuredmedia":[{"embeddable":true,"href":"https:\/\/bossensor.com\/pt\/wp-json\/wp\/v2\/media\/739"}],"wp:attachment":[{"href":"https:\/\/bossensor.com\/pt\/wp-json\/wp\/v2\/media?parent=736"}],"wp:term":[{"taxonomy":"product_brand","embeddable":true,"href":"https:\/\/bossensor.com\/pt\/wp-json\/wp\/v2\/product_brand?post=736"},{"taxonomy":"product_cat","embeddable":true,"href":"https:\/\/bossensor.com\/pt\/wp-json\/wp\/v2\/product_cat?post=736"},{"taxonomy":"product_tag","embeddable":true,"href":"https:\/\/bossensor.com\/pt\/wp-json\/wp\/v2\/product_tag?post=736"}],"curies":[{"name":"wp","href":"https:\/\/api.w.org\/{rel}","templated":true}]}}