{"id":747,"date":"2025-10-30T08:54:02","date_gmt":"2025-10-30T15:54:02","guid":{"rendered":"https:\/\/bossensor.com\/?post_type=product&#038;p=747"},"modified":"2026-03-25T07:12:23","modified_gmt":"2026-03-25T14:12:23","slug":"51154080017-o2-oxygen-nox-sensor-5wk96722b-for-man-tgl-tgm-cla-trucks-durable-24v-exhaust-gas-sensor","status":"publish","type":"product","link":"https:\/\/bossensor.com\/pt\/product\/51154080017-o2-oxygen-nox-sensor-5wk96722b-for-man-tgl-tgm-cla-trucks-durable-24v-exhaust-gas-sensor\/","title":{"rendered":"Sensor de G\u00e1s de Escape 5WK96722B para Caminh\u00f5es MAN TGL TGM CLA | Sensor de NOx de Oxig\u00eanio O2 Dur\u00e1vel 24V"},"content":{"rendered":"<p class=\"md-end-block md-p md-focus\"><span class=\"md-plain md-expand\">O Sensor de Gases de Escape O2 Oxygen NOx 51154080017 \/ 5WK96722B &eacute; um sensor de alta qualidade de 24V projetado para os caminh&otilde;es das s&eacute;ries MAN TGL, TGM, CLA e Lion&rsquo;s City.<\/span><\/p>\n<p class=\"md-end-block md-p\"><span class=\"md-plain\">Ele mede com precis&atilde;o os n&iacute;veis de oxig&ecirc;nio (O&#8322;) e &oacute;xido de nitrog&ecirc;nio (NOx) no sistema de escapamento, ajudando a manter a efici&ecirc;ncia adequada da combust&atilde;o, economia de combust&iacute;vel e conformidade com os padr&otilde;es de emiss&atilde;o Euro 5 e Euro 6.<\/span><\/p>\n<p class=\"md-end-block md-p\"><span class=\"md-plain\">Feito de a&ccedil;o inoxid&aacute;vel resistente &agrave; corros&atilde;o e equipado com tecnologia de sensoriamento avan&ccedil;ada, este sensor de reposi&ccedil;&atilde;o de qualidade OEM 51154080017 \/ 5WK96722B oferece sa&iacute;da de sinal est&aacute;vel e longa vida &uacute;til em condi&ccedil;&otilde;es operacionais extremas.<\/span><\/p>\n<p class=\"md-end-block md-p\">\n<\/p><h2 class=\"md-end-block md-heading\"><strong><span class=\"md-plain\">Caracter&iacute;sticas Principais<\/span><\/strong><\/h2>\n<ul class=\"ul-list\" data-mark=\"-\">\n<li class=\"md-list-item\">\n<p class=\"md-end-block md-p\"><span class=\"md-plain\">Substituto OEM para 51154080017 \/ 5WK96722B**<\/span> <span class=\"md-plain\">Encaixe direto para modelos de caminh&atilde;o MAN. Instala&ccedil;&atilde;o plug-and-play.<\/span><\/p>\n<\/li>\n<li class=\"md-list-item\">\n<p class=\"md-end-block md-p\"><span class=\"md-plain\">Norma de Emiss&otilde;es Euro 5 \/ Euro 6**<\/span> <span class=\"md-plain\">Mede os gases de escape com precis&atilde;o para cumprir as normas europeias de emiss&atilde;o e manter a efici&ecirc;ncia do sistema SCR.<\/span><\/p>\n<\/li>\n<li class=\"md-list-item\">\n<p class=\"md-end-block md-p\"><span class=\"md-plain\">Uso de Caminh&otilde;es Pesados 24V<\/span> <span class=\"md-plain\">Compat&iacute;vel com sistemas el&eacute;tricos de 24V em ve&iacute;culos comerciais para leituras consistentes e confi&aacute;veis.<\/span><\/p>\n<\/li>\n<li class=\"md-list-item\">\n<p class=\"md-end-block md-p\"><span class=\"md-plain\">Carca&ccedil;a de A&ccedil;o Inoxid&aacute;vel Dur&aacute;vel**<\/span> <span class=\"md-plain\">Projeto resistente &agrave; corros&atilde;o e ao calor para durabilidade duradoura sob condi&ccedil;&otilde;es de escape de alta temperatura.<\/span><\/p>\n<\/li>\n<li class=\"md-list-item\">\n<p class=\"md-end-block md-p\"><span class=\"md-plain\">Alta Sensibilidade e Precis&atilde;o<\/span> <span class=\"md-plain\">Resposta r&aacute;pida e medi&ccedil;&atilde;o precisa de g&aacute;s para ajudar a manter a mistura ar-combust&iacute;vel ideal e reduzir as emiss&otilde;es.<\/span><span class=\"md-plain\"><br>\n<\/span><\/p>\n<h3 data-start=\"1709\" data-end=\"1741\"><strong data-start=\"1713\" data-end=\"1741\">Especifica&ccedil;&otilde;es T&eacute;cnicas<\/strong><\/h3>\n<div class=\"_tableContainer_1rjym_1\">\n<div class=\"group _tableWrapper_1rjym_13 flex w-fit flex-col-reverse\" tabindex=\"-1\">\n<table class=\"w-fit min-w-(--thread-content-width)\" data-start=\"1743\" data-end=\"2341\">\n<thead data-start=\"1743\" data-end=\"1774\">\n<tr data-start=\"1743\" data-end=\"1774\">\n<th data-start=\"1743\" data-end=\"1759\" data-col-size=\"sm\"><strong data-start=\"1745\" data-end=\"1758\">Par&acirc;metro<\/strong><\/th>\n<th data-start=\"1759\" data-end=\"1774\" data-col-size=\"sm\"><strong data-start=\"1761\" data-end=\"1772\">Detalhes<\/strong><\/th>\n<\/tr>\n<\/thead>\n<tbody data-start=\"1808\" data-end=\"2341\">\n<tr data-start=\"1808\" data-end=\"1851\">\n<td data-start=\"1808\" data-end=\"1825\" data-col-size=\"sm\"><strong data-start=\"1810\" data-end=\"1824\">N&uacute;meros OE<\/strong><\/td>\n<td data-start=\"1825\" data-end=\"1851\" data-col-size=\"sm\">51154080017, 5WK96722B<\/td>\n<\/tr>\n<tr data-start=\"1852\" data-end=\"1880\">\n<td data-start=\"1852\" data-end=\"1868\" data-col-size=\"sm\"><strong data-start=\"1854\" data-end=\"1867\">Condi&ccedil;&atilde;o<\/strong><\/td>\n<td data-start=\"1868\" data-end=\"1880\" data-col-size=\"sm\">100% Novo<\/td>\n<\/tr>\n<tr data-start=\"1881\" data-end=\"1902\">\n<td data-start=\"1881\" data-end=\"1895\" data-col-size=\"sm\"><strong data-start=\"1883\" data-end=\"1894\">Voltagem<\/strong><\/td>\n<td data-start=\"1895\" data-end=\"1902\" data-col-size=\"sm\">24V<\/td>\n<\/tr>\n<tr data-start=\"1903\" data-end=\"1945\">\n<td data-start=\"1903\" data-end=\"1914\" data-col-size=\"sm\"><strong data-start=\"1905\" data-end=\"1913\">Tipo<\/strong><\/td>\n<td data-start=\"1914\" data-end=\"1945\" data-col-size=\"sm\">Sensor de G&aacute;s de Escape O&#8322; \/ NOx<\/td>\n<\/tr>\n<tr data-start=\"1946\" data-end=\"1980\">\n<td data-start=\"1946\" data-end=\"1961\" data-col-size=\"sm\"><strong data-start=\"1948\" data-end=\"1960\">Material<\/strong><\/td>\n<td data-start=\"1961\" data-end=\"1980\" data-col-size=\"sm\">A&ccedil;o Inoxid&aacute;vel<\/td>\n<\/tr>\n<tr data-start=\"1981\" data-end=\"2009\">\n<td data-start=\"1981\" data-end=\"1998\" data-col-size=\"sm\"><strong data-start=\"1983\" data-end=\"1997\">Nome da Marca<\/strong><\/td>\n<td data-start=\"1998\" data-end=\"2009\" data-col-size=\"sm\">Karryon<\/td>\n<\/tr>\n<tr data-start=\"2010\" data-end=\"2039\">\n<td data-start=\"2010\" data-end=\"2025\" data-col-size=\"sm\"><strong data-start=\"2012\" data-end=\"2024\">Marca do Carro<\/strong><\/td>\n<td data-start=\"2025\" data-end=\"2039\" data-col-size=\"sm\">Caminh&otilde;es MAN<\/td>\n<\/tr>\n<tr data-start=\"2040\" data-end=\"2083\">\n<td data-start=\"2040\" data-end=\"2064\" data-col-size=\"sm\"><strong data-start=\"2042\" data-end=\"2063\">Padr&atilde;o de Emiss&atilde;o<\/strong><\/td>\n<td data-start=\"2064\" data-end=\"2083\" data-col-size=\"sm\">Euro 5 \/ Euro 6<\/td>\n<\/tr>\n<tr data-start=\"2084\" data-end=\"2122\">\n<td data-start=\"2084\" data-end=\"2098\" data-col-size=\"sm\"><strong data-start=\"2086\" data-end=\"2097\">Prop&oacute;sito<\/strong><\/td>\n<td data-start=\"2098\" data-end=\"2122\" data-col-size=\"sm\">Substitui&ccedil;&atilde;o \/ Repar<\/td>\n<\/tr>\n<tr data-start=\"2123\" data-end=\"2148\">\n<td data-start=\"2123\" data-end=\"2138\" data-col-size=\"sm\"><strong data-start=\"2125\" data-end=\"2137\">Garantia<\/strong><\/td>\n<td data-start=\"2138\" data-end=\"2148\" data-col-size=\"sm\">1 Ano<\/td>\n<\/tr>\n<tr data-start=\"2149\" data-end=\"2186\">\n<td data-start=\"2149\" data-end=\"2168\" data-col-size=\"sm\"><strong data-start=\"2151\" data-end=\"2167\">Tipo de Ajuste<\/strong><\/td>\n<td data-start=\"2168\" data-end=\"2186\" data-col-size=\"sm\">Compat&iacute;vel Direto OEM<\/td>\n<\/tr>\n<tr data-start=\"2187\" data-end=\"2225\">\n<td data-start=\"2187\" data-end=\"2209\" data-col-size=\"sm\"><strong data-start=\"2189\" data-end=\"2208\">Local de Origem<\/strong><\/td>\n<td data-start=\"2209\" data-end=\"2225\" data-col-size=\"sm\">&#28246;&#21271;&#65292;&#20013;&#22269;<\/td>\n<\/tr>\n<tr data-start=\"2226\" data-end=\"2271\">\n<td data-start=\"2226\" data-end=\"2242\" data-col-size=\"sm\"><strong data-start=\"2228\" data-end=\"2241\">Embalagem<\/strong><\/td>\n<td data-start=\"2242\" data-end=\"2271\" data-col-size=\"sm\">Caixa Neutra ou Personalizada<\/td>\n<\/tr>\n<tr data-start=\"2272\" data-end=\"2302\">\n<td data-start=\"2272\" data-end=\"2291\" data-col-size=\"sm\"><strong data-start=\"2274\" data-end=\"2290\">Peso Bruto<\/strong><\/td>\n<td data-start=\"2291\" data-end=\"2302\" data-col-size=\"sm\">0,28 kg<\/td>\n<\/tr>\n<tr data-start=\"2303\" data-end=\"2341\">\n<td data-start=\"2303\" data-end=\"2322\" data-col-size=\"sm\"><strong data-start=\"2305\" data-end=\"2321\">Tamanho da Embalagem<\/strong><\/td>\n<td data-start=\"2322\" data-end=\"2341\" data-col-size=\"sm\">20 &times; 15 &times; 10 cm<\/td>\n<\/tr>\n<\/tbody>\n<\/table>\n<\/div>\n<\/div>\n<h3 data-start=\"2348\" data-end=\"2375\"><strong data-start=\"2352\" data-end=\"2375\">Ve&iacute;culos Compat&iacute;veis<\/strong><\/h3>\n<p data-start=\"2377\" data-end=\"2392\"><strong data-start=\"2377\" data-end=\"2392\">Caminh&otilde;es MAN:<\/strong><\/p>\n<div class=\"_tableContainer_1rjym_1\">\n<div class=\"group _tableWrapper_1rjym_13 flex w-fit flex-col-reverse\" tabindex=\"-1\">\n<table class=\"w-fit min-w-(--thread-content-width)\" data-start=\"2394\" data-end=\"2739\">\n<thead data-start=\"2394\" data-end=\"2436\">\n<tr data-start=\"2394\" data-end=\"2436\">\n<th data-start=\"2394\" data-end=\"2406\" data-col-size=\"sm\"><strong data-start=\"2396\" data-end=\"2405\">Modelo<\/strong><\/th>\n<th data-start=\"2406\" data-end=\"2417\" data-col-size=\"sm\"><strong data-start=\"2408\" data-end=\"2416\">Ano<\/strong><\/th>\n<th data-start=\"2417\" data-end=\"2436\" data-col-size=\"md\"><strong data-start=\"2419\" data-end=\"2434\">Tipo de Motor<\/strong><\/th>\n<\/tr>\n<\/thead>\n<tbody data-start=\"2481\" data-end=\"2739\">\n<tr data-start=\"2481\" data-end=\"2559\">\n<td data-start=\"2481\" data-end=\"2487\" data-col-size=\"sm\">TGL<\/td>\n<td data-start=\"2487\" data-end=\"2502\" data-col-size=\"sm\">2005&ndash;Presente<\/td>\n<td data-start=\"2502\" data-end=\"2559\" data-col-size=\"md\">8.250 FC, 10.220 FK, 12.220 FK, 12.250 FC, 12.290 FLC<\/td>\n<\/tr>\n<tr data-start=\"2560\" data-end=\"2616\">\n<td data-start=\"2560\" data-end=\"2566\" data-col-size=\"sm\">TGM<\/td>\n<td data-start=\"2566\" data-end=\"2581\" data-col-size=\"sm\">2005&ndash;Presente<\/td>\n<td data-start=\"2581\" data-end=\"2616\" data-col-size=\"md\">15.280 FC, 18.280 FC, 18.340 FK<\/td>\n<\/tr>\n<tr data-start=\"2617\" data-end=\"2688\">\n<td data-start=\"2617\" data-end=\"2623\" data-col-size=\"sm\">CLA<\/td>\n<td data-start=\"2623\" data-end=\"2638\" data-col-size=\"sm\">2006&ndash;Presente<\/td>\n<td data-start=\"2638\" data-end=\"2688\" data-col-size=\"md\">16.220 FC, 18.280 FRS, 25.280 FDC, 25.280 FDRC<\/td>\n<\/tr>\n<tr data-start=\"2689\" data-end=\"2739\">\n<td data-start=\"2689\" data-end=\"2703\" data-col-size=\"sm\">Cidade do Le&atilde;o<\/td>\n<td data-start=\"2703\" data-end=\"2718\" data-col-size=\"sm\">1996&ndash;Presente<\/td>\n<td data-start=\"2718\" data-end=\"2739\" data-col-size=\"md\">A22, A37, HOCL-NL<\/td>\n<\/tr>\n<\/tbody>\n<\/table>\n<\/div>\n<\/div>\n<p data-start=\"2741\" data-end=\"2912\">Especificamente projetado para<strong data-start=\"2769\" data-end=\"2809\">Motores diesel MAN Euro 5 e Euro 6<\/strong>equipado com<strong data-start=\"2824\" data-end=\"2863\">SCR (Redu&ccedil;&atilde;o Catal&iacute;tica Seletiva)<\/strong>e<strong data-start=\"2868\" data-end=\"2903\">FAP (Filtro de Part&iacute;culas Diesel)<\/strong>sistemas.<\/p>\n<p class=\"md-end-block md-p\"><span style=\"font-size: 23.04px;\"><br>\n<strong>Benef&iacute;cios<\/strong><\/span><\/p>\n<ul class=\"ul-list\" data-mark=\"-\">\n<li class=\"md-list-item\">\n<p class=\"md-end-block md-p\"><span class=\"md-plain\">Ajuda a restaurar o controle de emiss&otilde;es e a efici&ecirc;ncia da combust&atilde;o<\/span><\/p>\n<\/li>\n<li class=\"md-list-item\">\n<p class=\"md-end-block md-p\"><span class=\"md-plain\">Ajuda a reduzir as emiss&otilde;es de NOx<\/span><\/p>\n<\/li>\n<li class=\"md-list-item\">\n<p class=\"md-end-block md-p\"><span class=\"md-plain\">Auxilia na manuten&ccedil;&atilde;o da conformidade com as normas Euro 5\/6<\/span><\/p>\n<\/li>\n<li class=\"md-list-item\">\n<p class=\"md-end-block md-p\"><span class=\"md-plain\">Melhora a economia de combust&iacute;vel do motor<\/span><\/p>\n<\/li>\n<li class=\"md-list-item\">\n<p class=\"md-end-block md-p\"><span class=\"md-plain\">Estende a vida &uacute;til do conversor catal&iacute;tico e do DPF<\/span><\/p>\n<\/li>\n<\/ul>\n<h2 class=\"md-end-block md-heading\"><strong><span class=\"md-plain\">Pontos de E-commerce<\/span><\/strong><\/h2>\n<ol class=\"ol-list\" start=\"\">\n<li class=\"md-list-item\">\n<p class=\"md-end-block md-p\"><span class=\"md-pair-s \"><strong><span class=\"md-plain\">Substitui&ccedil;&atilde;o Direta de OEM:<\/span><\/strong><\/span><span class=\"md-plain\">100% compat&iacute;vel com sensores de oxig&ecirc;nio NOx MAN 51154080017 \/ 5WK96722B.<\/span><\/p>\n<\/li>\n<li class=\"md-list-item\">\n<p class=\"md-end-block md-p\"><span class=\"md-pair-s \"><strong><span class=\"md-plain\">Pronto para Emiss&otilde;es Euro 5 \/ 6:<\/span><\/strong><\/span><span class=\"md-plain\">Ajuda a garantir a conformidade e a opera&ccedil;&atilde;o ideal do sistema SCR.<\/span><\/p>\n<\/li>\n<li class=\"md-list-item\">\n<p class=\"md-end-block md-p\"><span class=\"md-pair-s \"><strong><span class=\"md-plain\">Constru&ccedil;&atilde;o em A&ccedil;o Inoxid&aacute;vel Dur&aacute;vel:<\/span><\/strong><\/span><span class=\"md-plain\">Material resistente &agrave; corros&atilde;o e ao calor para longa dura&ccedil;&atilde;o.<\/span><\/p>\n<\/li>\n<li class=\"md-list-item\">\n<p class=\"md-end-block md-p\"><span class=\"md-pair-s \"><strong><span class=\"md-plain\">24V Projetado para Uso Intensivo:<\/span><\/strong><\/span><span class=\"md-plain\">Sa&iacute;da est&aacute;vel sob sistemas el&eacute;tricos de caminh&otilde;es comerciais de 24V.<\/span><\/p>\n<\/li>\n<li class=\"md-list-item\">\n<p class=\"md-end-block md-p\"><span class=\"md-pair-s \"><strong><span class=\"md-plain\">Instala&ccedil;&atilde;o F&aacute;cil:<\/span><\/strong><\/span><span class=\"md-plain\">Encaixe plug-and-play, sem necessidade de codifica&ccedil;&atilde;o ou programa&ccedil;&atilde;o.<\/span><\/p>\n<\/li>\n<\/ol>\n<\/li>\n<\/ul>\n<h2 class=\"md-end-block md-heading\"><\/h2>\n<","protected":false},"excerpt":{"rendered":"<p>O Sensor de Gases de Escape O2 Oxygen NOx 51154080017 \/ 5WK96722B &eacute; um sensor de alta qualidade de 24V projetado para os caminh&otilde;es das s&eacute;ries MAN TGL, TGM, CLA e Lion&rsquo;s City. Ele mede com precis&atilde;o os n&iacute;veis de oxig&ecirc;nio (O&#8322;) e &oacute;xido de nitrog&ecirc;nio (NOx) no sistema de escapamento, ajudando a manter a [&#8230;]\n","protected":false},"featured_media":749,"comment_status":"open","ping_status":"closed","template":"","meta":{"_acf_changed":false},"product_brand":[],"product_cat":[75],"product_tag":[],"class_list":{"0":"post-747","1":"product","2":"type-product","3":"status-publish","4":"has-post-thumbnail","6":"product_cat-o2-sensor","8":"first","9":"instock","10":"featured","11":"shipping-taxable","12":"product-type-simple"},"acf":[],"_links":{"self":[{"href":"https:\/\/bossensor.com\/pt\/wp-json\/wp\/v2\/product\/747","targetHints":{"allow":["GET"]}}],"collection":[{"href":"https:\/\/bossensor.com\/pt\/wp-json\/wp\/v2\/product"}],"about":[{"href":"https:\/\/bossensor.com\/pt\/wp-json\/wp\/v2\/types\/product"}],"replies":[{"embeddable":true,"href":"https:\/\/bossensor.com\/pt\/wp-json\/wp\/v2\/comments?post=747"}],"wp:featuredmedia":[{"embeddable":true,"href":"https:\/\/bossensor.com\/pt\/wp-json\/wp\/v2\/media\/749"}],"wp:attachment":[{"href":"https:\/\/bossensor.com\/pt\/wp-json\/wp\/v2\/media?parent=747"}],"wp:term":[{"taxonomy":"product_brand","embeddable":true,"href":"https:\/\/bossensor.com\/pt\/wp-json\/wp\/v2\/product_brand?post=747"},{"taxonomy":"product_cat","embeddable":true,"href":"https:\/\/bossensor.com\/pt\/wp-json\/wp\/v2\/product_cat?post=747"},{"taxonomy":"product_tag","embeddable":true,"href":"https:\/\/bossensor.com\/pt\/wp-json\/wp\/v2\/product_tag?post=747"}],"curies":[{"name":"wp","href":"https:\/\/api.w.org\/{rel}","templated":true}]}}